{"id":7825,"date":"2017-03-21T16:05:18","date_gmt":"2017-03-21T14:05:18","guid":{"rendered":"http:\/\/culturesconnection.com\/?page_id=7825\/"},"modified":"2022-06-14T22:31:52","modified_gmt":"2022-06-14T20:31:52","slug":"traduzione-russo","status":"publish","type":"page","link":"https:\/\/culturesconnection.com\/it\/traduzione-russo\/","title":{"rendered":"I nostri Servizi di Traduzione in Russo"},"content":{"rendered":"\n<h2 class=\"wp-block-heading\">Servizi di traduzione professionale in russo<\/h2>\n\n\n\n<p>Eri a conoscenza del fatto che il russo \u00e8 la sesta lingua pi\u00f9 parlata al mondo? La lingua ufficiale del paese pi\u00f9 grande del pianeta, la Russia, \u00e8 parlata anche in Bielorussia, Kazakistan, Kirghizistan e compresa in molti paesi: Ucraina, Armenia, Georgia, Uzbekistan, Paesi Baltici&#8230; \u00e8 per questo che la traduzione in russo pu\u00f2 rappresentare la chiave per l\u2019espansione della tua azienda nei paesi dove si parla tale lingua.<\/p>\n\n\n\n<p>La traduzione di documenti o siti web in russo \u00e8 un passo essenziale per le aziende che vogliono farsi conoscere nei mercati russi. I tuoi partner commerciali russi senza dubbio apprezzeranno questo tuo sforzo, ma \u00e8 fondamentale che le traduzioni in russo siano di una qualit\u00e0 impeccabile per far s\u00ec che venga raggiunto l\u2019effetto desiderato.<\/p>\n\n\n\n<h2 class=\"wp-block-heading\">Stai cercando un traduttore russo?<\/h2>\n\n\n\n<p>Hai bisogno di servizi di traduzione russo italiano? O italiano russo? Consapevole delle difficolt\u00e0 che la ricerca di un traduttore russo pu\u00f2 presentare, Cultures Connection pone la sua esperienza al tuo servizio. Per offrirti traduzioni di qualit\u00e0, i nostri project manager effettuano una rigorosa selezione dei traduttori di nazionalit\u00e0 russa che parlano un italiano fluente. Lavoriamo solo con traduttori in possesso di una laurea riconosciuta dalle autorit\u00e0 competenti del loro paese e con almeno cinque anni di esperienza. Prima di collaborare con la nostra <a href=\"https:\/\/culturesconnection.com\/it\/\">agenzia di traduzione<\/a>, devono superare una serie di test per provare le loro conoscenze e abilit\u00e0 <a href=\"https:\/\/culturesconnection.com\/it\/servizi-di-traduzione\/\">linguistiche<\/a>.<\/p>\n\n\n\n<p>Cultures Connection ti offre il miglior rapporto qualit\u00e0-prezzo. \u00c8 per questo che i nostri servizi di traduzione sono suddivisi in quattro tipologie (Basic, Standard, Professional e Premium). Con esperienza in questo settore, il nostro team di traduttori professionisti si adatta alle tue esigenze e garantisce la consegna delle tue traduzioni in russo il pi\u00f9 rapidamente possibile per soddisfare le tue esigenze di traduzioni urgenti.<\/p>\n","protected":false},"excerpt":{"rendered":"<p>Servizi di traduzione professionale in russo Eri a conoscenza del fatto che il russo \u00e8 la sesta lingua pi\u00f9 parlata al mondo? La lingua ufficiale [&#8230;]<\/p>\n<p><a class=\"btn btn-secondary understrap-read-more-link\" href=\"https:\/\/culturesconnection.com\/it\/traduzione-russo\/\">Leggi di pi\u00f9&#8230;<span class=\"screen-reader-text\"> from I nostri Servizi di Traduzione in Russo<\/span><\/a><\/p>\n","protected":false},"author":26,"featured_media":23255,"parent":0,"menu_order":0,"comment_status":"closed","ping_status":"closed","template":"","meta":{"_acf_changed":false,"_editorskit_title_hidden":false,"_editorskit_reading_time":0,"_editorskit_is_block_options_detached":false,"_editorskit_block_options_position":"{}","footnotes":""},"class_list":["post-7825","page","type-page","status-publish","has-post-thumbnail","hentry"],"acf":[],"_links":{"self":[{"href":"https:\/\/culturesconnection.com\/it\/wp-json\/wp\/v2\/pages\/7825","targetHints":{"allow":["GET"]}}],"collection":[{"href":"https:\/\/culturesconnection.com\/it\/wp-json\/wp\/v2\/pages"}],"about":[{"href":"https:\/\/culturesconnection.com\/it\/wp-json\/wp\/v2\/types\/page"}],"author":[{"embeddable":true,"href":"https:\/\/culturesconnection.com\/it\/wp-json\/wp\/v2\/users\/26"}],"replies":[{"embeddable":true,"href":"https:\/\/culturesconnection.com\/it\/wp-json\/wp\/v2\/comments?post=7825"}],"version-history":[{"count":0,"href":"https:\/\/culturesconnection.com\/it\/wp-json\/wp\/v2\/pages\/7825\/revisions"}],"wp:featuredmedia":[{"embeddable":true,"href":"https:\/\/culturesconnection.com\/it\/wp-json\/wp\/v2\/media\/23255"}],"wp:attachment":[{"href":"https:\/\/culturesconnection.com\/it\/wp-json\/wp\/v2\/media?parent=7825"}],"curies":[{"name":"wp","href":"https:\/\/api.w.org\/{rel}","templated":true}]}}