{"id":7822,"date":"2017-03-21T16:17:31","date_gmt":"2017-03-21T15:17:31","guid":{"rendered":"http:\/\/culturesconnection.com\/?page_id=7822\/"},"modified":"2022-06-19T19:34:59","modified_gmt":"2022-06-19T17:34:59","slug":"traduzione-giuridica-portoghese","status":"publish","type":"page","link":"https:\/\/culturesconnection.com\/it\/traduzione-portoghese\/traduzione-giuridica-portoghese\/","title":{"rendered":"Traduzione giuridica in portoghese"},"content":{"rendered":"\n<h2 class=\"wp-block-heading\">Professionisti della traduzione giuridica in portoghese al tuo servizio<\/h2>\n\n\n\n<p>La traduzione giuridica \u00e8 un lavoro tecnico e molto complesso. Solo un traduttore esperto e qualificato \u00e8 in grado di offrire un lavoro che soddisfi le tue aspettative. In effetti, questo tipo di lavoro richiede ottime competenze linguistiche e conoscenze specifiche in campo giuridico. La tecnicit\u00e0 e la precisione della terminologia comporta un lavoro di ricerca e, soprattutto, molta disciplina. Per offrire risultati affidabili e in tempi rapidi, <a href=\"https:\/\/culturesconnection.com\/it\/\">Cultures Connection<\/a> mette a tua disposizione una vasta rete di traduttori specializzati nella traduzione giuridica in portoghese, selezionati accuratamente in base a qualifiche ed esperienza in questo campo.<\/p>\n\n\n\n<h2 class=\"wp-block-heading\">La nostra agenzia di traduzione giuridica<\/h2>\n\n\n\n<p>Se scegli Cultures Connection opti per qualit\u00e0, puntualit\u00e0 e precisione, indipendentemente dal tipo di <a href=\"https:\/\/culturesconnection.com\/it\/servizi-di-traduzione\/\">servizio di traduzione<\/a> richiesto. La nostra agenzia vanta una comprovata esperienza nel settore della <a href=\"https:\/\/culturesconnection.com\/it\/traduzione-legale\/\">traduzione giuridica<\/a> da e in portoghese. Rispettiamo elevati criteri e standard di qualit\u00e0 per essere fedeli ai nostri valori: trasparenza, qualit\u00e0, puntualit\u00e0 e capacit\u00e0 di adattamento. Tutti i progetti realizzati dalla nostra azienda di traduzione sono affidati al nostro team di traduttori e revisori altamente qualificati in campo giuridico. Inoltre, hanno tutti esperienze lavorative in questo campo (come avvocati o esperti legali) o hanno seguito una specifica formazione intensiva.<\/p>\n\n\n\n<h2 class=\"wp-block-heading\">Traduzione di documenti giuridici in portoghese<\/h2>\n\n\n\n<p>Ecco alcuni tipi di documenti giuridici abitualmente tradotti in portoghese dalla nostra azienda di traduzione:<\/p>\n\n\n\n<ul class=\"wp-block-list\"><li>Contratti di distribuzione, vendita e lavoro<\/li><li>Reclami<\/li><li>Procedure legali<\/li><li>Termini e condizioni<\/li><li>Perizie<\/li><li>Normative<\/li><li>Pratiche di eredit\u00e0<\/li><li>Domande di divorzio<\/li><li>Clausole di non concorrenza e non riservatezza<\/li><li>Lettere di intenti<\/li><li>Deleghe<\/li><li>Sentenze e ordini di tribunali<\/li><li>Statuti societari<\/li><\/ul>\n","protected":false},"excerpt":{"rendered":"<p>Professionisti della traduzione giuridica in portoghese al tuo servizio La traduzione giuridica \u00e8 un lavoro tecnico e molto complesso. Solo un traduttore esperto e qualificato [&#8230;]<\/p>\n<p><a class=\"btn btn-secondary understrap-read-more-link\" href=\"https:\/\/culturesconnection.com\/it\/traduzione-portoghese\/traduzione-giuridica-portoghese\/\">Leggi di pi\u00f9&#8230;<span class=\"screen-reader-text\"> from Traduzione giuridica in portoghese<\/span><\/a><\/p>\n","protected":false},"author":26,"featured_media":0,"parent":7821,"menu_order":0,"comment_status":"closed","ping_status":"closed","template":"","meta":{"_acf_changed":false,"_editorskit_title_hidden":false,"_editorskit_reading_time":0,"_editorskit_is_block_options_detached":false,"_editorskit_block_options_position":"{}","footnotes":""},"class_list":["post-7822","page","type-page","status-publish","hentry"],"acf":[],"_links":{"self":[{"href":"https:\/\/culturesconnection.com\/it\/wp-json\/wp\/v2\/pages\/7822","targetHints":{"allow":["GET"]}}],"collection":[{"href":"https:\/\/culturesconnection.com\/it\/wp-json\/wp\/v2\/pages"}],"about":[{"href":"https:\/\/culturesconnection.com\/it\/wp-json\/wp\/v2\/types\/page"}],"author":[{"embeddable":true,"href":"https:\/\/culturesconnection.com\/it\/wp-json\/wp\/v2\/users\/26"}],"replies":[{"embeddable":true,"href":"https:\/\/culturesconnection.com\/it\/wp-json\/wp\/v2\/comments?post=7822"}],"version-history":[{"count":0,"href":"https:\/\/culturesconnection.com\/it\/wp-json\/wp\/v2\/pages\/7822\/revisions"}],"up":[{"embeddable":true,"href":"https:\/\/culturesconnection.com\/it\/wp-json\/wp\/v2\/pages\/7821"}],"wp:attachment":[{"href":"https:\/\/culturesconnection.com\/it\/wp-json\/wp\/v2\/media?parent=7822"}],"curies":[{"name":"wp","href":"https:\/\/api.w.org\/{rel}","templated":true}]}}