{"id":7821,"date":"2017-03-21T16:22:16","date_gmt":"2017-03-21T15:22:16","guid":{"rendered":"http:\/\/culturesconnection.com\/?page_id=7821\/"},"modified":"2022-06-14T00:19:34","modified_gmt":"2022-06-13T22:19:34","slug":"traduzione-portoghese","status":"publish","type":"page","link":"https:\/\/culturesconnection.com\/it\/traduzione-portoghese\/","title":{"rendered":"Traduzione in portoghese"},"content":{"rendered":"\n<h2 class=\"wp-block-heading\">Servizi di traduzione professionale in portoghese<\/h2>\n\n\n\n<p>La lingua portoghese \u00e8 classificata come la settima lingua pi\u00f9 parlata al mondo. Il portoghese \u00e8 parlato da quasi 230 milioni di persone e se traduci i tuoi documenti in questa lingua compirai un passo fondamentale verso la conquista del mercato portoghese e di quello brasiliano. Il Brasile, in qualit\u00e0 di settima potenza economica a livello mondiale secondo le stime del FMI, offre molte possibilit\u00e0 per allacciare partnership economiche.<\/p>\n\n\n\n<p>Non va dimenticato che il portoghese parlato in Portogallo e quello parlato in Brasile si differenziano per pronuncia, grammatica e vocabolario. Alcune parole hanno significati completamente diversi nelle due varianti linguistiche e solo dei traduttori professionisti saranno in grado di comprendere appieno le sfumature culturali e le differenze dialettali.<\/p>\n\n\n\n<p><a href=\"https:\/\/culturesconnection.com\/it\/\">Cultures Connection<\/a> collabora con molte aziende specializzate in elettronica, ambiente, chimica, componentistica per auto, agroalimentare, turismo, vendita al dettaglio, settori assicurativo e bancario, dove la traduzione di documenti in portoghese \u00e8 di importanza strategica.<\/p>\n\n\n\n<h2 class=\"wp-block-heading\">Hai bisogno di un traduttore portoghese?<\/h2>\n\n\n\n<p>Sei alla ricerca di un traduttore italiano portoghese? O di un traduttore portoghese italiano? Cultures Connection offre soluzioni personalizzate, di alta qualit\u00e0 e a prezzi competitivi, per la traduzione in portoghese. L\u2019ubicazione delle nostre filiali, in particolare il nostro ufficio satellite in America Latina (vedi la nostra agenzia di traduzione a Buenos Aires), ci ha permesso di costruire relazioni continuative con traduttori portoghesi qualificati. Offriamo traduzioni in portoghese (portoghese europeo, portoghese brasiliano) adatte alle tue esigenze, tempistiche e budget.<\/p>\n\n\n\n<p>La nostra azienda di traduzioni collabora con parlanti nativi di Portogallo e Brasile, nonch\u00e9 di Angola, Capo Verde e Mozambico. I nostri esperti linguistici devono superare prove di traduzione specializzate prima di poter essere aggiunti al nostro database. Devono avere maturato cinque anni di esperienza professionale e tradurre solo nella loro <a href=\"https:\/\/culturesconnection.com\/it\/servizi-di-traduzione\/\">lingua<\/a> madre, in conformit\u00e0 con le normative europee vigenti.<\/p>\n","protected":false},"excerpt":{"rendered":"<p>Servizi di traduzione professionale in portoghese La lingua portoghese \u00e8 classificata come la settima lingua pi\u00f9 parlata al mondo. Il portoghese \u00e8 parlato da quasi [&#8230;]<\/p>\n<p><a class=\"btn btn-secondary understrap-read-more-link\" href=\"https:\/\/culturesconnection.com\/it\/traduzione-portoghese\/\">Leggi di pi\u00f9&#8230;<span class=\"screen-reader-text\"> from Traduzione in portoghese<\/span><\/a><\/p>\n","protected":false},"author":26,"featured_media":23255,"parent":0,"menu_order":0,"comment_status":"closed","ping_status":"closed","template":"","meta":{"_acf_changed":false,"_editorskit_title_hidden":false,"_editorskit_reading_time":0,"_editorskit_is_block_options_detached":false,"_editorskit_block_options_position":"{}","footnotes":""},"class_list":["post-7821","page","type-page","status-publish","has-post-thumbnail","hentry"],"acf":[],"_links":{"self":[{"href":"https:\/\/culturesconnection.com\/it\/wp-json\/wp\/v2\/pages\/7821","targetHints":{"allow":["GET"]}}],"collection":[{"href":"https:\/\/culturesconnection.com\/it\/wp-json\/wp\/v2\/pages"}],"about":[{"href":"https:\/\/culturesconnection.com\/it\/wp-json\/wp\/v2\/types\/page"}],"author":[{"embeddable":true,"href":"https:\/\/culturesconnection.com\/it\/wp-json\/wp\/v2\/users\/26"}],"replies":[{"embeddable":true,"href":"https:\/\/culturesconnection.com\/it\/wp-json\/wp\/v2\/comments?post=7821"}],"version-history":[{"count":0,"href":"https:\/\/culturesconnection.com\/it\/wp-json\/wp\/v2\/pages\/7821\/revisions"}],"wp:featuredmedia":[{"embeddable":true,"href":"https:\/\/culturesconnection.com\/it\/wp-json\/wp\/v2\/media\/23255"}],"wp:attachment":[{"href":"https:\/\/culturesconnection.com\/it\/wp-json\/wp\/v2\/media?parent=7821"}],"curies":[{"name":"wp","href":"https:\/\/api.w.org\/{rel}","templated":true}]}}