{"id":7815,"date":"2017-03-22T15:21:04","date_gmt":"2017-03-22T14:21:04","guid":{"rendered":"http:\/\/culturesconnection.com\/?page_id=7815\/"},"modified":"2022-06-19T21:04:19","modified_gmt":"2022-06-19T19:04:19","slug":"traduzione-giuridica-giapponese","status":"publish","type":"page","link":"https:\/\/culturesconnection.com\/it\/traduzione-in-giapponese\/traduzione-giuridica-giapponese\/","title":{"rendered":"Traduzione giuridica in giapponese"},"content":{"rendered":"\n<h2 class=\"wp-block-heading\">Il lavoro svolto da specialisti in traduzione giuridica italiano giapponese<\/h2>\n\n\n\n<p>Per nulla facile, la traduzione di un documento giuridico richiede molte competenze. In ogni paese e giurisdizione si utilizzano diversi concetti, il che rende il lavoro del traduttore giuridico molto pi\u00f9 difficile. I termini differiscono anche da una lingua all&#8217;altra e, a volte le parole non hanno un equivalente nella lingua di destinazione. In questo campo, un errore pu\u00f2 avere gravi conseguenze soprattutto quando si tratta di diritto societario. I termini devono essere scelti in maniera accurata e devono essere assolutamente precisi. I temi giuridici nei testi di origine e di destinazione sono perfettamente compresi dai nostri traduttori professionisti.<\/p>\n\n\n\n<h2 class=\"wp-block-heading\">La nostra agenzia di traduzione giuridica<\/h2>\n\n\n\n<p>Se scegli la nostra <a href=\"https:\/\/culturesconnection.com\/it\/\">agenzia di traduzioni<\/a> per i tuoi documenti giuridici in giapponese opti per qualit\u00e0, puntualit\u00e0 e precisione. Abbiamo un\u2019ampia esperienza nel campo della traduzione giuridica e traduciamo documenti di vari tipi. Cultures Connection collabora con un team di traduttori e revisori professionisti specializzati nella traduzione giuridica in giapponese. I nostri collaboratori producono testi di qualit\u00e0 e affrontano con la massima seriet\u00e0 i progetti che ci sono affidati. Sono esperti in italiano e giapponese, cos\u00ec come nel campo giuridico. In effetti, grazie all&#8217;eccellente formazione ricevuta o alla loro esperienza acquisita sul campo, tutti i nostri traduttori sono degli specialisti in quanto ex avvocati o esperti legali. Per tali ragioni, in genere, la traduzione giuridica ha un prezzo pi\u00f9 alto rispetto ad altri <a href=\"https:\/\/culturesconnection.com\/it\/servizi-di-traduzione\/\">servizi di traduzione<\/a>.<\/p>\n\n\n\n<h2 class=\"wp-block-heading\">Traduzione di documenti giuridici in giapponese<\/h2>\n\n\n\n<p>Di seguito, alcuni tipi di documenti che i professionisti in <a href=\"https:\/\/culturesconnection.com\/it\/traduzione-legale\/\">traduzione giuridica<\/a> hanno gi\u00e0 tradotto per la nostra agenzia di traduzione:<\/p>\n\n\n\n<ul class=\"wp-block-list\"><li>Contratti di distribuzione, vendita e lavoro<\/li><li>Reclami<\/li><li>Procedure legali<\/li><li>Termini e condizioni<\/li><li>Perizie<\/li><li>Normative<\/li><li>Pratiche per eredit\u00e0<\/li><li>Richieste di divorzio<\/li><li>Clausole di non concorrenza e non riservatezza<\/li><li>Lettere di intenti<\/li><li>Procure<\/li><li>Sentenze di tribunali<\/li><li>Statuti societari<\/li><\/ul>\n","protected":false},"excerpt":{"rendered":"<p>Il lavoro svolto da specialisti in traduzione giuridica italiano giapponese Per nulla facile, la traduzione di un documento giuridico richiede molte competenze. In ogni paese [&#8230;]<\/p>\n<p><a class=\"btn btn-secondary understrap-read-more-link\" href=\"https:\/\/culturesconnection.com\/it\/traduzione-in-giapponese\/traduzione-giuridica-giapponese\/\">Leggi di pi\u00f9&#8230;<span class=\"screen-reader-text\"> from Traduzione giuridica in giapponese<\/span><\/a><\/p>\n","protected":false},"author":26,"featured_media":0,"parent":7658,"menu_order":0,"comment_status":"closed","ping_status":"closed","template":"","meta":{"_acf_changed":false,"_editorskit_title_hidden":false,"_editorskit_reading_time":0,"_editorskit_is_block_options_detached":false,"_editorskit_block_options_position":"{}","footnotes":""},"class_list":["post-7815","page","type-page","status-publish","hentry"],"acf":[],"_links":{"self":[{"href":"https:\/\/culturesconnection.com\/it\/wp-json\/wp\/v2\/pages\/7815","targetHints":{"allow":["GET"]}}],"collection":[{"href":"https:\/\/culturesconnection.com\/it\/wp-json\/wp\/v2\/pages"}],"about":[{"href":"https:\/\/culturesconnection.com\/it\/wp-json\/wp\/v2\/types\/page"}],"author":[{"embeddable":true,"href":"https:\/\/culturesconnection.com\/it\/wp-json\/wp\/v2\/users\/26"}],"replies":[{"embeddable":true,"href":"https:\/\/culturesconnection.com\/it\/wp-json\/wp\/v2\/comments?post=7815"}],"version-history":[{"count":0,"href":"https:\/\/culturesconnection.com\/it\/wp-json\/wp\/v2\/pages\/7815\/revisions"}],"up":[{"embeddable":true,"href":"https:\/\/culturesconnection.com\/it\/wp-json\/wp\/v2\/pages\/7658"}],"wp:attachment":[{"href":"https:\/\/culturesconnection.com\/it\/wp-json\/wp\/v2\/media?parent=7815"}],"curies":[{"name":"wp","href":"https:\/\/api.w.org\/{rel}","templated":true}]}}