{"id":7814,"date":"2017-03-22T16:08:32","date_gmt":"2017-03-22T15:08:32","guid":{"rendered":"http:\/\/culturesconnection.com\/?page_id=7814\/"},"modified":"2022-06-21T01:38:05","modified_gmt":"2022-06-20T23:38:05","slug":"traduzione-finanziaria-giapponese","status":"publish","type":"page","link":"https:\/\/culturesconnection.com\/it\/traduzione-in-giapponese\/traduzione-finanziaria-giapponese\/","title":{"rendered":"Traduzione finanziaria in giapponese"},"content":{"rendered":"\n<h2 class=\"wp-block-heading\">Esperti in traduzione finanziaria italiano giapponese a tua disposizione<\/h2>\n\n\n\n<p>La precisione e il rigore sono qualit\u00e0 essenziali per la traduzione finanziaria in giapponese. Una solida conoscenza del mondo finanziario \u00e8 un must ma non \u00e8 sufficiente. Il professionista a cui affidi le traduzioni deve anche conoscere la terminologia e le norme finanziarie. Se il traduttore fa un errore, le conseguenze possono essere gravi. Gli errori pi\u00f9 frequenti sono per aspetti finanziarie e si trovano soprattutto nella traduzione di documenti relativi alle assicurazioni: un cliente pu\u00f2 perdere le garanzie a suo favore previste da un contratto se la traduzione del documento non \u00e8 accurata. Una traduzione imprecisa pu\u00f2 portare anche a incomprensioni e far perdere ad alcune aziende clienti che saranno influenzati negativamente nei loro processi decisionali. Pertanto, \u00e8 fondamentale scegliere l\u2019<a href=\"https:\/\/culturesconnection.com\/it\/\">agenzia di traduzione<\/a>&nbsp;adatta a cui affidare la traduzione dei documenti finanziari in giapponese.<\/p>\n\n\n\n<h2 class=\"wp-block-heading\">La nostra agenzia di traduzione finanziaria<\/h2>\n\n\n\n<p>Cultures Connection lavora soltanto con professionisti del mondo della finanza per la traduzione dei documenti finanziari. Per questo motivo, ci vantiamo di offrire <a href=\"https:\/\/culturesconnection.com\/it\/servizi-di-traduzione\/\">servizi di traduzione<\/a> di qualit\u00e0 in questo campo. I traduttori e i revisori sono selezionati in base a qualifiche ed esperienza e tutti hanno lavorato nel settore della finanza. I progetti su cui lavoriamo sono assegnati a esperti finanziari che hanno una perfetta padronanza delle loro lingue di lavoro. Hanno la completa padronanza del giapponese e dell\u2019italiano e, per garantire una migliore qualit\u00e0, traducono solo verso la loro lingua madre. Poich\u00e9 la finanza \u00e8 un settore vitale, trattiamo con la massima riservatezza i <a href=\"https:\/\/culturesconnection.com\/it\/traduzione-finanziaria\/\">documenti finanziari<\/a> durante tutto il processo di traduzione in giapponese<\/p>\n\n\n\n<h2 class=\"wp-block-heading\">Traduzione di documenti finanziari in giapponese<\/h2>\n\n\n\n<p>Di seguito troverai un elenco di tipi di documenti dei settori finanza ed economia tradotti da o in italiano:<\/p>\n\n\n\n<ul class=\"wp-block-list\"><li>Documenti contenenti informazioni chiave per gli investitori (KIID)<\/li><li>D\u00e9pliant<\/li><li>Rapporti di fondi di investimento<\/li><li>Relazioni di attivit\u00e0<\/li><li>Bilanci<\/li><li>Borsa valori<\/li><li>Documenti bancari<\/li><li>Documenti di informazione finanziaria<\/li><li>Documenti di indagine<\/li><li>Documenti di gestione del rischio e del risparmio<\/li><li>Relazioni di audit<\/li><li>Testi riguardanti fusioni e acquisizioni<\/li><\/ul>\n","protected":false},"excerpt":{"rendered":"<p>Esperti in traduzione finanziaria italiano giapponese a tua disposizione La precisione e il rigore sono qualit\u00e0 essenziali per la traduzione finanziaria in giapponese. Una solida [&#8230;]<\/p>\n<p><a class=\"btn btn-secondary understrap-read-more-link\" href=\"https:\/\/culturesconnection.com\/it\/traduzione-in-giapponese\/traduzione-finanziaria-giapponese\/\">Leggi di pi\u00f9&#8230;<span class=\"screen-reader-text\"> from Traduzione finanziaria in giapponese<\/span><\/a><\/p>\n","protected":false},"author":26,"featured_media":0,"parent":7658,"menu_order":0,"comment_status":"closed","ping_status":"closed","template":"","meta":{"_acf_changed":false,"_editorskit_title_hidden":false,"_editorskit_reading_time":0,"_editorskit_is_block_options_detached":false,"_editorskit_block_options_position":"{}","footnotes":""},"class_list":["post-7814","page","type-page","status-publish","hentry"],"acf":[],"_links":{"self":[{"href":"https:\/\/culturesconnection.com\/it\/wp-json\/wp\/v2\/pages\/7814","targetHints":{"allow":["GET"]}}],"collection":[{"href":"https:\/\/culturesconnection.com\/it\/wp-json\/wp\/v2\/pages"}],"about":[{"href":"https:\/\/culturesconnection.com\/it\/wp-json\/wp\/v2\/types\/page"}],"author":[{"embeddable":true,"href":"https:\/\/culturesconnection.com\/it\/wp-json\/wp\/v2\/users\/26"}],"replies":[{"embeddable":true,"href":"https:\/\/culturesconnection.com\/it\/wp-json\/wp\/v2\/comments?post=7814"}],"version-history":[{"count":0,"href":"https:\/\/culturesconnection.com\/it\/wp-json\/wp\/v2\/pages\/7814\/revisions"}],"up":[{"embeddable":true,"href":"https:\/\/culturesconnection.com\/it\/wp-json\/wp\/v2\/pages\/7658"}],"wp:attachment":[{"href":"https:\/\/culturesconnection.com\/it\/wp-json\/wp\/v2\/media?parent=7814"}],"curies":[{"name":"wp","href":"https:\/\/api.w.org\/{rel}","templated":true}]}}