{"id":7813,"date":"2017-03-22T16:11:28","date_gmt":"2017-03-22T15:11:28","guid":{"rendered":"http:\/\/culturesconnection.com\/?page_id=7813\/"},"modified":"2022-06-21T23:26:05","modified_gmt":"2022-06-21T21:26:05","slug":"traduzione-commerciale-giapponese","status":"publish","type":"page","link":"https:\/\/culturesconnection.com\/it\/traduzione-in-giapponese\/traduzione-commerciale-giapponese\/","title":{"rendered":"Traduzione commerciale in giapponese"},"content":{"rendered":"\n<h2 class=\"wp-block-heading\">La traduzione di documenti commerciali italiano giapponese \u00e8 una sfida linguistica e culturale<\/h2>\n\n\n\n<p>Grazie alla globalizzazione, la traduzione di testi commerciali e di marketing \u00e8 diventata uno strumento indispensabile per le aziende che desiderano espandere la propria attivit\u00e0 all&#8217;estero. I documenti aziendali hanno un impatto maggiore se sono presentati ad una persona nella sua lingua madre. Ci\u00f2 \u00e8 ancor pi\u00f9 importante se desideri stabilire rapporti d&#8217;affari in Giappone. Tuttavia, la traduzione dei documenti commerciali in giapponese non \u00e8 un lavoro facile; ci sono diversi fattori da considerare a seconda della lingua e della cultura del target di riferimento. In effetti, nella traduzione di una lingua all\u2019altra possono variare le usanze, stili di scrittura e comportamenti. \u00c8 quindi essenziale affidare questo tipo di lavoro a traduttori specializzati nel campo degli affari che abbiano una vasta conoscenza delle lingue e delle culture in questione.<\/p>\n\n\n\n<h2 class=\"wp-block-heading\">La nostra agenzia di traduzione commerciale<\/h2>\n\n\n\n<p><a href=\"https:\/\/culturesconnection.com\/it\/\">Cultures Connection<\/a> offre i suoi&nbsp;<a href=\"https:\/\/culturesconnection.com\/it\/servizi-di-traduzione\/\">servizi di traduzione <\/a>&nbsp;per i tuoi progetti di traduzione commerciale in giapponese. La nostra azienda di traduzione sceglie per te i migliori traduttori giapponesi. I nostri traduttori e revisori sono tutti qualificati e hanno una grande conoscenza dell\u2019italiano e del giapponese, cos\u00ec come della cultura dei paesi in cui si parlano queste lingue. La loro esperienza, acquisita attraverso una carriera professionale e\/o grazie a una solida formazione accademica, garantisce un lavoro di alta qualit\u00e0 per la traduzione di documenti commerciali e di marketing in giapponese. Inoltre, traducono solo nella loro lingua madre per cui sono in grado di comprendere la complessit\u00e0 del mercato giapponese.<\/p>\n\n\n\n<h2 class=\"wp-block-heading\">Traduzione di documenti commerciali in giapponese<\/h2>\n\n\n\n<p>Cultures Connection offre i suoi servizi di traduzione commerciale o di marketing per tutti i tipi di <a href=\"https:\/\/culturesconnection.com\/it\/servizi-di-traduzione-commerciale\/\">documenti commerciali<\/a>. Di seguito \u00e8 riportato un elenco di tipi di documenti che la nostra agenzia di traduzioni ha gi\u00e0 tradotto:<\/p>\n\n\n\n<ul class=\"wp-block-list\"><li>Opuscoli<\/li><li>Libretti<\/li><li>Biglietti da visita<\/li><li>Lanci di prodotti<\/li><li>Campagne<\/li><li>Siti web<\/li><li>Cataloghi<\/li><li>Presentazioni<\/li><li>Media pubblicitari<\/li><li>Studi di mercato<\/li><li>Bollettini commerciali<\/li><li>Libri bianchi<\/li><li>Pubblicit\u00e0<\/li><\/ul>\n","protected":false},"excerpt":{"rendered":"<p>La traduzione di documenti commerciali italiano giapponese \u00e8 una sfida linguistica e culturale Grazie alla globalizzazione, la traduzione di testi commerciali e di marketing \u00e8 [&#8230;]<\/p>\n<p><a class=\"btn btn-secondary understrap-read-more-link\" href=\"https:\/\/culturesconnection.com\/it\/traduzione-in-giapponese\/traduzione-commerciale-giapponese\/\">Leggi di pi\u00f9&#8230;<span class=\"screen-reader-text\"> from Traduzione commerciale in giapponese<\/span><\/a><\/p>\n","protected":false},"author":29,"featured_media":0,"parent":7658,"menu_order":0,"comment_status":"closed","ping_status":"closed","template":"","meta":{"_acf_changed":false,"_editorskit_title_hidden":false,"_editorskit_reading_time":0,"_editorskit_is_block_options_detached":false,"_editorskit_block_options_position":"{}","footnotes":""},"class_list":["post-7813","page","type-page","status-publish","hentry"],"acf":[],"_links":{"self":[{"href":"https:\/\/culturesconnection.com\/it\/wp-json\/wp\/v2\/pages\/7813","targetHints":{"allow":["GET"]}}],"collection":[{"href":"https:\/\/culturesconnection.com\/it\/wp-json\/wp\/v2\/pages"}],"about":[{"href":"https:\/\/culturesconnection.com\/it\/wp-json\/wp\/v2\/types\/page"}],"author":[{"embeddable":true,"href":"https:\/\/culturesconnection.com\/it\/wp-json\/wp\/v2\/users\/29"}],"replies":[{"embeddable":true,"href":"https:\/\/culturesconnection.com\/it\/wp-json\/wp\/v2\/comments?post=7813"}],"version-history":[{"count":0,"href":"https:\/\/culturesconnection.com\/it\/wp-json\/wp\/v2\/pages\/7813\/revisions"}],"up":[{"embeddable":true,"href":"https:\/\/culturesconnection.com\/it\/wp-json\/wp\/v2\/pages\/7658"}],"wp:attachment":[{"href":"https:\/\/culturesconnection.com\/it\/wp-json\/wp\/v2\/media?parent=7813"}],"curies":[{"name":"wp","href":"https:\/\/api.w.org\/{rel}","templated":true}]}}