{"id":7812,"date":"2017-03-22T16:25:26","date_gmt":"2017-03-22T15:25:26","guid":{"rendered":"http:\/\/culturesconnection.com\/?page_id=7812\/"},"modified":"2022-06-22T05:10:42","modified_gmt":"2022-06-22T03:10:42","slug":"traduzione-siti-web-inglese","status":"publish","type":"page","link":"https:\/\/culturesconnection.com\/it\/traduzione-siti-web-inglese\/","title":{"rendered":"Traduzione di siti web in inglese"},"content":{"rendered":"\n<h2 class=\"wp-block-heading\">Servizi di traduzione di siti web in inglese: ottieni visibilit\u00e0<\/h2>\n\n\n\n<p>Internet \u00e8 diventato il modo migliore per raggiungere i mercati esteri e aumentare le vendite. Il sito web \u00e8 la vetrina della tua azienda, la prima cosa che i tuoi potenziali clienti vedranno. Se desideri internazionalizzare l\u2019azienda, il tuo sito web deve essere tradotto in inglese. Fai attenzione quando scegli un\u2019<a href=\"https:\/\/culturesconnection.com\/it\/\">agenzia di traduzione,<\/a>&nbsp;poich\u00e9 una localizzazione imprecisa della tua pagina web ti far\u00e0 perdere ogni credibilit\u00e0. In Internet ci sono numerosi esempi di pessime traduzioni di siti web che hanno avuto gravi conseguenze per le aziende.<\/p>\n\n\n\n<h2 class=\"wp-block-heading\">Stai cercando un\u2019agenzia di traduzione?<\/h2>\n\n\n\n<p>Cultures Connection offre i suoi <a href=\"https:\/\/culturesconnection.com\/it\/servizi-di-traduzione\/\">servizi di traduzione<\/a> per il tuo <a href=\"https:\/\/culturesconnection.com\/it\/traduzione-siti-web\/\">sito web in inglese<\/a>. I nostri traduttori inglese italiano e italiano inglese sono stati selezionati in modo accurato, garantendo un lavoro di elevati standard di qualit\u00e0. Professionisti, bilingue, in inglese e italiano, che conoscono alla perfezione il mercato in cui vuoi entrare. La nostra agenzia traduce i tuoi siti web direttamente in MS Word, in CMS (WordPress, Joomla, Magento, PrestaShop, etc.) o nel codice sorgente. Puoi affidarti a Cultures Connection per poter condurre con successo l&#8217;internazionalizzazione della tua azienda.<\/p>\n\n\n\n<h2 class=\"wp-block-heading\">Servizi di traduzione di contenuti web in inglese<\/h2>\n\n\n\n<p>Di seguito, sono riportati alcuni tipi di documenti web che la nostra agenzia ha gi\u00e0 tradotto:<\/p>\n\n\n\n<ul class=\"wp-block-list\"><li>Contenuti web<\/li><li>Siti e-commerce<\/li><li>App per dispositivi mobili<\/li><li>Piattaforme di trading<\/li><li>Schede prodotto<\/li><\/ul>\n","protected":false},"excerpt":{"rendered":"<p>Servizi di traduzione di siti web in inglese: ottieni visibilit\u00e0 Internet \u00e8 diventato il modo migliore per raggiungere i mercati esteri e aumentare le vendite. [&#8230;]<\/p>\n<p><a class=\"btn btn-secondary understrap-read-more-link\" href=\"https:\/\/culturesconnection.com\/it\/traduzione-siti-web-inglese\/\">Leggi di pi\u00f9&#8230;<span class=\"screen-reader-text\"> from Traduzione di siti web in inglese<\/span><\/a><\/p>\n","protected":false},"author":29,"featured_media":24333,"parent":0,"menu_order":0,"comment_status":"closed","ping_status":"closed","template":"","meta":{"_acf_changed":false,"_editorskit_title_hidden":false,"_editorskit_reading_time":0,"_editorskit_is_block_options_detached":false,"_editorskit_block_options_position":"{}","footnotes":""},"class_list":["post-7812","page","type-page","status-publish","has-post-thumbnail","hentry"],"acf":[],"_links":{"self":[{"href":"https:\/\/culturesconnection.com\/it\/wp-json\/wp\/v2\/pages\/7812","targetHints":{"allow":["GET"]}}],"collection":[{"href":"https:\/\/culturesconnection.com\/it\/wp-json\/wp\/v2\/pages"}],"about":[{"href":"https:\/\/culturesconnection.com\/it\/wp-json\/wp\/v2\/types\/page"}],"author":[{"embeddable":true,"href":"https:\/\/culturesconnection.com\/it\/wp-json\/wp\/v2\/users\/29"}],"replies":[{"embeddable":true,"href":"https:\/\/culturesconnection.com\/it\/wp-json\/wp\/v2\/comments?post=7812"}],"version-history":[{"count":0,"href":"https:\/\/culturesconnection.com\/it\/wp-json\/wp\/v2\/pages\/7812\/revisions"}],"wp:featuredmedia":[{"embeddable":true,"href":"https:\/\/culturesconnection.com\/it\/wp-json\/wp\/v2\/media\/24333"}],"wp:attachment":[{"href":"https:\/\/culturesconnection.com\/it\/wp-json\/wp\/v2\/media?parent=7812"}],"curies":[{"name":"wp","href":"https:\/\/api.w.org\/{rel}","templated":true}]}}