{"id":7811,"date":"2017-03-22T16:27:38","date_gmt":"2017-03-22T15:27:38","guid":{"rendered":"http:\/\/culturesconnection.com\/?page_id=7811\/"},"modified":"2022-06-25T04:13:49","modified_gmt":"2022-06-25T02:13:49","slug":"traduzione-inglese","status":"publish","type":"page","link":"https:\/\/culturesconnection.com\/it\/traduzione-inglese\/","title":{"rendered":"Traduzione in inglese"},"content":{"rendered":"\n<h2 class=\"wp-block-heading\">Servizi di traduzione professionale in inglese<\/h2>\n\n\n\n<p>Parlata da pi\u00f9 di 850 milioni di persone, l&#8217;inglese \u00e8 oggi la lingua degli affari e del mondo diplomatico. La traduzione dei documenti in inglese \u00e8 diventata un passaggio obbligatorio per qualsiasi azienda che desidera farsi conoscere all&#8217;estero e avere rapporti commerciali con partner internazionali. Cultures Connection lavora per clienti provenienti da diversi settori professionali (business, finanza, scienze, organizzazioni internazionali, nuove tecnologie,&#8230;) dove l&#8217;uso dell&#8217;inglese \u00e8 predominante e fondamentale.<\/p>\n\n\n\n<h2 class=\"wp-block-heading\">Hai bisogno di un traduttore inglese?<\/h2>\n\n\n\n<p>Se sei alla ricerca di un traduttore italiano-inglese e inglese-italiano, la nostra <a href=\"https:\/\/culturesconnection.com\/it\/\">agenzia di traduzione<\/a> mette la sua competenza al tuo servizio. I nostri project manager selezionano i migliori specialisti per la traduzione di documenti, siti web, siti di e-commerce, blog o altri tipi di testi. La nostra vasta rete di traduttori professionisti ci permette di gestire qualsiasi richiesta di traduzione verso l&#8217;inglese in qualsiasi settore. Oltre alle loro competenze linguistiche, i nostri traduttori sono specializzati in ambiti precisi, hanno una laurea in traduzione e almeno 5 anni esperienza in questo campo.<\/p>\n\n\n\n<p>Per poter trasmettere con precisione le sfumature linguistiche e culturali della lingua di Shakespeare, e in conformit\u00e0 con la normativa vigente, i nostri traduttori professionisti lavorano solo verso la loro <a href=\"https:\/\/culturesconnection.com\/it\/servizi-di-traduzione\/\">lingua<\/a> madre. Consapevole che la qualit\u00e0 \u00e8 sempre la scelta migliore, ma anche che alcune aziende non hanno a disposizione budget illimitati, Cultures Connection offre quattro tipi di servizi di traduzione (basic, standard, professionale e premium).<\/p>\n","protected":false},"excerpt":{"rendered":"<p>Servizi di traduzione professionale in inglese Parlata da pi\u00f9 di 850 milioni di persone, l&#8217;inglese \u00e8 oggi la lingua degli affari e del mondo diplomatico. [&#8230;]<\/p>\n<p><a class=\"btn btn-secondary understrap-read-more-link\" href=\"https:\/\/culturesconnection.com\/it\/traduzione-inglese\/\">Leggi di pi\u00f9&#8230;<span class=\"screen-reader-text\"> from Traduzione in inglese<\/span><\/a><\/p>\n","protected":false},"author":26,"featured_media":23255,"parent":0,"menu_order":0,"comment_status":"closed","ping_status":"closed","template":"","meta":{"_acf_changed":false,"_editorskit_title_hidden":false,"_editorskit_reading_time":0,"_editorskit_is_block_options_detached":false,"_editorskit_block_options_position":"{}","footnotes":""},"class_list":["post-7811","page","type-page","status-publish","has-post-thumbnail","hentry"],"acf":[],"_links":{"self":[{"href":"https:\/\/culturesconnection.com\/it\/wp-json\/wp\/v2\/pages\/7811","targetHints":{"allow":["GET"]}}],"collection":[{"href":"https:\/\/culturesconnection.com\/it\/wp-json\/wp\/v2\/pages"}],"about":[{"href":"https:\/\/culturesconnection.com\/it\/wp-json\/wp\/v2\/types\/page"}],"author":[{"embeddable":true,"href":"https:\/\/culturesconnection.com\/it\/wp-json\/wp\/v2\/users\/26"}],"replies":[{"embeddable":true,"href":"https:\/\/culturesconnection.com\/it\/wp-json\/wp\/v2\/comments?post=7811"}],"version-history":[{"count":0,"href":"https:\/\/culturesconnection.com\/it\/wp-json\/wp\/v2\/pages\/7811\/revisions"}],"wp:featuredmedia":[{"embeddable":true,"href":"https:\/\/culturesconnection.com\/it\/wp-json\/wp\/v2\/media\/23255"}],"wp:attachment":[{"href":"https:\/\/culturesconnection.com\/it\/wp-json\/wp\/v2\/media?parent=7811"}],"curies":[{"name":"wp","href":"https:\/\/api.w.org\/{rel}","templated":true}]}}