{"id":7802,"date":"2017-03-22T16:50:30","date_gmt":"2017-03-22T15:50:30","guid":{"rendered":"http:\/\/culturesconnection.com\/?page_id=7802\/"},"modified":"2022-06-22T18:24:26","modified_gmt":"2022-06-22T16:24:26","slug":"traduzione-siti-web-tedesco","status":"publish","type":"page","link":"https:\/\/culturesconnection.com\/it\/servizi-di-traduzione-in-tedesco\/traduzione-siti-web-tedesco\/","title":{"rendered":"Traduzione di siti web in tedesco"},"content":{"rendered":"\n<h2 class=\"wp-block-heading\">Traduzione professionale in tedesco di siti web<\/h2>\n\n\n\n<p>Hai in programma di espandere la tua base di clienti in Germania? Ovviamente, il primo passo per raggiungere questo obiettivo sar\u00e0 quello di far tradurre il tuo sito web in tedesco. Questo ti permetter\u00e0 di attrarre nuovi potenziali clienti e di conseguenza di aumentare le tue vendite. Anche se l&#8217;inglese \u00e8 ormai compreso da gran parte della popolazione mondiale, tieni sempre presente che le persone preferiscono accedere alle informazioni nella loro lingua. Inoltre, sono pi\u00f9 propense ad acquistare un prodotto o un servizio se questo viene presentato nella loro lingua.<\/p>\n\n\n\n<h2 class=\"wp-block-heading\">La nostra agenzia di servizi di traduzione<\/h2>\n\n\n\n<p>Altri fattori da considerare per una traduzione di siti web che lasci il segno. Pensi che un tedesco e un italiano capiscano e interpretino un messaggio allo stesso modo? Non necessariamente! Poich\u00e9 sono coinvolte due culture diverse \u00e8 necessario adattare e localizzare il messaggio che si desidera trasmettere. Ecco perch\u00e9 a <a href=\"https:\/\/culturesconnection.com\/it\/\">Cultures Connection<\/a> lavoriamo esclusivamente con traduttori con elevata e certificata conoscenza del tedesco e dell\u2019italiano specializzati nella traduzione di siti web. Parlano in modo fluente il tedesco e l\u2019italiano e conoscono perfettamente le loro rispettive culture. I nostri traduttori professionisti si assicurano sempre che il contenuto del tuo sito web si adatti perfettamente al tuo pubblico target. Scegliendo i nostri <a href=\"https:\/\/culturesconnection.com\/it\/servizi-di-traduzione\/\">servizi di traduzione<\/a> opti per qualit\u00e0 e successo.<\/p>\n\n\n\n<h2 class=\"wp-block-heading\">Servizi di traduzione in tedesco di contenuti Web<\/h2>\n\n\n\n<p>La nostra agenzia di <a href=\"https:\/\/culturesconnection.com\/it\/traduzione-siti-web\/\">traduzione di siti web<\/a> \u00e8 specializzata nella traduzione di:<\/p>\n\n\n\n<ul class=\"wp-block-list\"><li>Contenuti web<\/li><li>Siti e-commerce<\/li><li>App per dispositivi mobili<\/li><li>Piattaforme di trading<\/li><li>Schede prodotto<\/li><\/ul>\n","protected":false},"excerpt":{"rendered":"<p>Traduzione professionale in tedesco di siti web Hai in programma di espandere la tua base di clienti in Germania? Ovviamente, il primo passo per raggiungere [&#8230;]<\/p>\n<p><a class=\"btn btn-secondary understrap-read-more-link\" href=\"https:\/\/culturesconnection.com\/it\/servizi-di-traduzione-in-tedesco\/traduzione-siti-web-tedesco\/\">Leggi di pi\u00f9&#8230;<span class=\"screen-reader-text\"> from Traduzione di siti web in tedesco<\/span><\/a><\/p>\n","protected":false},"author":29,"featured_media":0,"parent":10147,"menu_order":0,"comment_status":"closed","ping_status":"closed","template":"","meta":{"_acf_changed":false,"_editorskit_title_hidden":false,"_editorskit_reading_time":0,"_editorskit_is_block_options_detached":false,"_editorskit_block_options_position":"{}","footnotes":""},"class_list":["post-7802","page","type-page","status-publish","hentry"],"acf":[],"_links":{"self":[{"href":"https:\/\/culturesconnection.com\/it\/wp-json\/wp\/v2\/pages\/7802","targetHints":{"allow":["GET"]}}],"collection":[{"href":"https:\/\/culturesconnection.com\/it\/wp-json\/wp\/v2\/pages"}],"about":[{"href":"https:\/\/culturesconnection.com\/it\/wp-json\/wp\/v2\/types\/page"}],"author":[{"embeddable":true,"href":"https:\/\/culturesconnection.com\/it\/wp-json\/wp\/v2\/users\/29"}],"replies":[{"embeddable":true,"href":"https:\/\/culturesconnection.com\/it\/wp-json\/wp\/v2\/comments?post=7802"}],"version-history":[{"count":0,"href":"https:\/\/culturesconnection.com\/it\/wp-json\/wp\/v2\/pages\/7802\/revisions"}],"up":[{"embeddable":true,"href":"https:\/\/culturesconnection.com\/it\/wp-json\/wp\/v2\/pages\/10147"}],"wp:attachment":[{"href":"https:\/\/culturesconnection.com\/it\/wp-json\/wp\/v2\/media?parent=7802"}],"curies":[{"name":"wp","href":"https:\/\/api.w.org\/{rel}","templated":true}]}}