{"id":7800,"date":"2017-03-22T16:56:34","date_gmt":"2017-03-22T15:56:34","guid":{"rendered":"http:\/\/culturesconnection.com\/?page_id=7800\/"},"modified":"2022-06-18T21:47:53","modified_gmt":"2022-06-18T19:47:53","slug":"traduzione-tecnica-tedesco","status":"publish","type":"page","link":"https:\/\/culturesconnection.com\/it\/servizi-di-traduzione-in-tedesco\/traduzione-tecnica-tedesco\/","title":{"rendered":"Traduzione tecnica in tedesco"},"content":{"rendered":"\n<h2 class=\"wp-block-heading\">Traduzione tecnica italiano tedesco: precisione terminologica<\/h2>\n\n\n\n<p>Al giorno d&#8217;oggi \u00e8 innegabile che la tecnologia e la scienza hanno un ruolo importante nella nostra vita quotidiana. Con la Germania che risulta essere la pi\u00f9 grande potenza economica dell&#8217;Unione Europea, la traduzione di documenti tecnici da e verso il tedesco \u00e8 fondamentale per qualsiasi azienda che intende inserirsi nel mercato europeo. In questo settore, non c&#8217;\u00e8 spazio per errori e imprecisioni. Ogni termine \u00e8 insostituibile e si deve trovare un equivalente perfetto nella lingua di destinazione, al fine di rispettare il significato del testo di partenza. Inoltre, i destinatari di queste traduzioni sono spesso specialisti che non saranno molto soddisfatti se i termini tradotti sono imprecisi. Per preservare la tua credibilit\u00e0, affida il tuo progetto ad uno specialista della traduzione tecnica in tedesco.<\/p>\n\n\n\n<h2 class=\"wp-block-heading\">Sei alla ricerca di un\u2019agenzia di traduzione tecnica?<\/h2>\n\n\n\n<p>Qui a <a href=\"https:\/\/culturesconnection.com\/it\/\">Cultures Connection<\/a> la qualit\u00e0 viene sempre per prima. \u00c8 per questo che affidiamo sempre le tue traduzioni agli specialisti pi\u00f9 competenti, sia a livello linguistico che a livello tecnico. Si tratta di professionisti qualificati in diversi settori: dall&#8217;industria automobilistica ai software di grafica e l\u2019energia solare. Qualunque sia il tipo di <a href=\"https:\/\/culturesconnection.com\/it\/servizi-di-traduzione\/\">servizio di traduzione<\/a>&nbsp;richiesto per il tuo progetto, il nostro ampio database di professionisti della traduzione ci permetter\u00e0 di proporre i traduttori pi\u00f9 adatti per il tuo progetto. Per le tue <a href=\"https:\/\/culturesconnection.com\/it\/traduzione-tecnica\/\">traduzioni tecniche<\/a> da e verso il tedesco, puoi contare sulla nostra azienda di traduzione; otterrai traduzioni accurate, veloci e affidabili.<\/p>\n\n\n\n<h2 class=\"wp-block-heading\">Traduzione di documenti tecnici in tedesco<\/h2>\n\n\n\n<p>Ecco un elenco non esaustivo di testi tecnici che il nostro studio di traduzioni traduce da e in tedesco:<\/p>\n\n\n\n<ul class=\"wp-block-list\"><li>Preventivo<\/li><li>Testi di ingegneria<\/li><li>Manuali per macchine utensili (o altri tipi di macchine)<\/li><li>Descrizioni e schede tecniche<\/li><li>Standard<\/li><li>Specifiche tecniche<\/li><li>Brevetti tecnici<\/li><li>Manuali tecnici<\/li><li>Istruzioni<\/li><li>Guide utente<\/li><\/ul>\n","protected":false},"excerpt":{"rendered":"<p>Traduzione tecnica italiano tedesco: precisione terminologica Al giorno d&#8217;oggi \u00e8 innegabile che la tecnologia e la scienza hanno un ruolo importante nella nostra vita quotidiana. [&#8230;]<\/p>\n<p><a class=\"btn btn-secondary understrap-read-more-link\" href=\"https:\/\/culturesconnection.com\/it\/servizi-di-traduzione-in-tedesco\/traduzione-tecnica-tedesco\/\">Leggi di pi\u00f9&#8230;<span class=\"screen-reader-text\"> from Traduzione tecnica in tedesco<\/span><\/a><\/p>\n","protected":false},"author":26,"featured_media":0,"parent":10147,"menu_order":0,"comment_status":"closed","ping_status":"closed","template":"","meta":{"_acf_changed":false,"_editorskit_title_hidden":false,"_editorskit_reading_time":0,"_editorskit_is_block_options_detached":false,"_editorskit_block_options_position":"{}","footnotes":""},"class_list":["post-7800","page","type-page","status-publish","hentry"],"acf":[],"_links":{"self":[{"href":"https:\/\/culturesconnection.com\/it\/wp-json\/wp\/v2\/pages\/7800","targetHints":{"allow":["GET"]}}],"collection":[{"href":"https:\/\/culturesconnection.com\/it\/wp-json\/wp\/v2\/pages"}],"about":[{"href":"https:\/\/culturesconnection.com\/it\/wp-json\/wp\/v2\/types\/page"}],"author":[{"embeddable":true,"href":"https:\/\/culturesconnection.com\/it\/wp-json\/wp\/v2\/users\/26"}],"replies":[{"embeddable":true,"href":"https:\/\/culturesconnection.com\/it\/wp-json\/wp\/v2\/comments?post=7800"}],"version-history":[{"count":0,"href":"https:\/\/culturesconnection.com\/it\/wp-json\/wp\/v2\/pages\/7800\/revisions"}],"up":[{"embeddable":true,"href":"https:\/\/culturesconnection.com\/it\/wp-json\/wp\/v2\/pages\/10147"}],"wp:attachment":[{"href":"https:\/\/culturesconnection.com\/it\/wp-json\/wp\/v2\/media?parent=7800"}],"curies":[{"name":"wp","href":"https:\/\/api.w.org\/{rel}","templated":true}]}}