{"id":7798,"date":"2017-03-22T17:02:58","date_gmt":"2017-03-22T16:02:58","guid":{"rendered":"http:\/\/culturesconnection.com\/?page_id=7798\/"},"modified":"2022-06-21T06:47:37","modified_gmt":"2022-06-21T04:47:37","slug":"traduzione-scientifica-tedesco","status":"publish","type":"page","link":"https:\/\/culturesconnection.com\/it\/servizi-di-traduzione-in-tedesco\/traduzione-scientifica-tedesco\/","title":{"rendered":"Traduzione scientifica in tedesco"},"content":{"rendered":"\n<h2 class=\"wp-block-heading\">Traduzione scientifica dall\u2019italiano al tedesco: una questione di precisione<\/h2>\n\n\n\n<p>I documenti scientifici descrivono concetti complessi utilizzando termini tecnici e specifici. Poich\u00e9 questa categoria ha diversi settori, la nostra <a href=\"https:\/\/culturesconnection.com\/it\/\">azienda di traduzione<\/a> si occuper\u00e0 di trovare i traduttori professionisti pi\u00f9 adatti al tuo progetto. Disponiamo di una vasta rete di esperti in traduzione scientifica dall\u2019italiano al tedesco o viceversa, tutti selezionati in base alle loro qualifiche, competenze ed esperienza. Hanno una perfetta padronanza della terminologia scientifica e sono in grado di svolgere traduzioni di elevata qualit\u00e0 da o verso il tedesco.<\/p>\n\n\n\n<h2 class=\"wp-block-heading\">La nostra agenzia di traduzione<\/h2>\n\n\n\n<p>Se sei alla ricerca di ottimi <a href=\"https:\/\/culturesconnection.com\/it\/servizi-di-traduzione\/\">servizi di traduzione<\/a>, scegliendo il nostro studio di traduzione, opti per qualit\u00e0, affidabilit\u00e0, precisione e puntualit\u00e0. Il tuo progetto verr\u00e0 controllato in modo esaustivo, dalla ricezione del documento originale fino alla consegna della versione finale. Prima di procedere definiamo un glossario in base alla terminologia utilizzata nel processo di traduzione. Siamo consapevoli che, quando si realizza una traduzione scientifica in tedesco, \u00e8 di fondamentale importanza utilizzare la parola corretta nel contesto adatto. Un errore o una imprecisione all\u2019interno di una traduzione \u00e8 inammissibile perch\u00e9 il testo perderebbe tutta la sua credibilit\u00e0. Affidati a noi per traduzioni di elevata qualit\u00e0 che riflettano con la massima precisione il significato del testo di origine.<\/p>\n\n\n\n<h2 class=\"wp-block-heading\">Traduzione di documenti scientifici in tedesco<\/h2>\n\n\n\n<p>Traduciamo un\u2019ampia variet\u00e0 di <a href=\"https:\/\/culturesconnection.com\/it\/traduzione-scientifica\/\">documenti<\/a> da e verso il tedesco. Ecco un elenco di tipi di documenti scientifici che ci affidano con frequenza:<\/p>\n\n\n\n<ul class=\"wp-block-list\"><li>Lessici, enciclopedie scientifiche e glossari<\/li><li>Documenti tecnici e articoli di ricerca<\/li><li>Manuali operatore e utente<\/li><li>Prove di laboratorio, protocolli di test<\/li><li>Documenti legali, brevetti e linee guida<\/li><li>Specifiche tecniche<\/li><li>Progetti e studi di mercato multipaese<\/li><li>Software di simulazione (biotecnologie, ambiente, riqualificazione di siti industriali)<\/li><li>Presentazioni multimediali e video<\/li><li>Traduzione e localizzazione di siti web<\/li><li>Traduzione di manuali tecnici, presentazioni per conferenze<\/li><\/ul>\n","protected":false},"excerpt":{"rendered":"<p>Traduzione scientifica dall\u2019italiano al tedesco: una questione di precisione I documenti scientifici descrivono concetti complessi utilizzando termini tecnici e specifici. Poich\u00e9 questa categoria ha diversi [&#8230;]<\/p>\n<p><a class=\"btn btn-secondary understrap-read-more-link\" href=\"https:\/\/culturesconnection.com\/it\/servizi-di-traduzione-in-tedesco\/traduzione-scientifica-tedesco\/\">Leggi di pi\u00f9&#8230;<span class=\"screen-reader-text\"> from Traduzione scientifica in tedesco<\/span><\/a><\/p>\n","protected":false},"author":26,"featured_media":0,"parent":10147,"menu_order":0,"comment_status":"closed","ping_status":"closed","template":"","meta":{"_acf_changed":false,"_editorskit_title_hidden":false,"_editorskit_reading_time":0,"_editorskit_is_block_options_detached":false,"_editorskit_block_options_position":"{}","footnotes":""},"class_list":["post-7798","page","type-page","status-publish","hentry"],"acf":[],"_links":{"self":[{"href":"https:\/\/culturesconnection.com\/it\/wp-json\/wp\/v2\/pages\/7798","targetHints":{"allow":["GET"]}}],"collection":[{"href":"https:\/\/culturesconnection.com\/it\/wp-json\/wp\/v2\/pages"}],"about":[{"href":"https:\/\/culturesconnection.com\/it\/wp-json\/wp\/v2\/types\/page"}],"author":[{"embeddable":true,"href":"https:\/\/culturesconnection.com\/it\/wp-json\/wp\/v2\/users\/26"}],"replies":[{"embeddable":true,"href":"https:\/\/culturesconnection.com\/it\/wp-json\/wp\/v2\/comments?post=7798"}],"version-history":[{"count":0,"href":"https:\/\/culturesconnection.com\/it\/wp-json\/wp\/v2\/pages\/7798\/revisions"}],"up":[{"embeddable":true,"href":"https:\/\/culturesconnection.com\/it\/wp-json\/wp\/v2\/pages\/10147"}],"wp:attachment":[{"href":"https:\/\/culturesconnection.com\/it\/wp-json\/wp\/v2\/media?parent=7798"}],"curies":[{"name":"wp","href":"https:\/\/api.w.org\/{rel}","templated":true}]}}