{"id":7796,"date":"2017-03-22T17:10:17","date_gmt":"2017-03-22T16:10:17","guid":{"rendered":"http:\/\/culturesconnection.com\/?page_id=7796\/"},"modified":"2022-06-22T03:39:01","modified_gmt":"2022-06-22T01:39:01","slug":"traduzione-marketing-tedesco","status":"publish","type":"page","link":"https:\/\/culturesconnection.com\/it\/servizi-di-traduzione-in-tedesco\/traduzione-marketing-tedesco\/","title":{"rendered":"Traduzione per il marketing in tedesco"},"content":{"rendered":"\n<h2 class=\"wp-block-heading\">Traduzione di marketing dall\u2019italiano al tedesco<\/h2>\n\n\n\n<p>La traduzione di materiali di marketing in tedesco \u00e8 tutt\u2019altro che un compito facile. Non solo richiede ottime competenze linguistiche, ma anche e soprattutto conoscenze specifiche nel marketing e nel mondo del business. A <a href=\"https:\/\/culturesconnection.com\/it\/\">Cultures Connection<\/a> siamo consapevoli dell&#8217;importanza delle traduzioni dei tuoi materiali di marketing. Sappiamo che ti rappresentano e che veicolano l\u2019immagine che la tua azienda vuole proiettare. Ecco perch\u00e9 lavoriamo con i traduttori pi\u00f9 qualificati, dei veri esperti nel loro campo. I tuoi progetti saranno sempre assegnati ai pi\u00f9 adatti e competenti specialisti di marketing, sia che si tratti di una traduzione dall\u2019italiano tedesco o viceversa.<\/p>\n\n\n\n<h2 class=\"wp-block-heading\">Traduzioni di marketing fatte da esperti<\/h2>\n\n\n\n<p>Vuoi iniziare una campagna pubblicitaria in Germania e i tuoi materiali di marketing sono in italiano? Scegli la sicurezza e l&#8217;affidabilit\u00e0: opta per i nostri <a href=\"https:\/\/culturesconnection.com\/it\/servizi-di-traduzione\/\">servizi di traduzione<\/a>. Abbiamo alle spalle molti anni d\u2019esperienza in questo settore, conosciamo le sfide e gli ostacoli da superare e, soprattutto, ci affidiamo a una vasta rete di professionisti specializzati in <a href=\"https:\/\/culturesconnection.com\/it\/traduzione-marketing\/\">traduzioni di marketing<\/a>. I nostri professionisti hanno una buona padronanza del tedesco e dell\u2019italiano e sono esperti in tutti i concetti relativi al marketing. Tradurranno e localizzeranno i tuoi documenti, in altre parole adatteranno i tuoi contenuti alla cultura target di riferimento.<\/p>\n\n\n\n<h2 class=\"wp-block-heading\">Traduzione in tedesco di documenti di marketing<\/h2>\n\n\n\n<p>I nostri servizi di traduzione di marketing si concentrano su diversi tipi di documenti. Di seguito sono riportati alcuni esempi:<\/p>\n\n\n\n<ul class=\"wp-block-list\"><li>Opuscoli<\/li><li>Materiali pubblicitari<\/li><li>Newsletter<\/li><li>Siti e-commerce<\/li><li>D\u00e9pliant<\/li><li>Campagne di marketing<\/li><li>Annunci<\/li><li>Siti web<\/li><li>Slogan<\/li><li>Logotipi<\/li><li>Presentazioni<\/li><li>Lanci di prodotti<\/li><li>Comunicati stampa<\/li><li>E-book<\/li><\/ul>\n","protected":false},"excerpt":{"rendered":"<p>Traduzione di marketing dall\u2019italiano al tedesco La traduzione di materiali di marketing in tedesco \u00e8 tutt\u2019altro che un compito facile. Non solo richiede ottime competenze [&#8230;]<\/p>\n<p><a class=\"btn btn-secondary understrap-read-more-link\" href=\"https:\/\/culturesconnection.com\/it\/servizi-di-traduzione-in-tedesco\/traduzione-marketing-tedesco\/\">Leggi di pi\u00f9&#8230;<span class=\"screen-reader-text\"> from Traduzione per il marketing in tedesco<\/span><\/a><\/p>\n","protected":false},"author":26,"featured_media":0,"parent":10147,"menu_order":0,"comment_status":"closed","ping_status":"closed","template":"","meta":{"_acf_changed":false,"_editorskit_title_hidden":false,"_editorskit_reading_time":0,"_editorskit_is_block_options_detached":false,"_editorskit_block_options_position":"{}","footnotes":""},"class_list":["post-7796","page","type-page","status-publish","hentry"],"acf":[],"_links":{"self":[{"href":"https:\/\/culturesconnection.com\/it\/wp-json\/wp\/v2\/pages\/7796","targetHints":{"allow":["GET"]}}],"collection":[{"href":"https:\/\/culturesconnection.com\/it\/wp-json\/wp\/v2\/pages"}],"about":[{"href":"https:\/\/culturesconnection.com\/it\/wp-json\/wp\/v2\/types\/page"}],"author":[{"embeddable":true,"href":"https:\/\/culturesconnection.com\/it\/wp-json\/wp\/v2\/users\/26"}],"replies":[{"embeddable":true,"href":"https:\/\/culturesconnection.com\/it\/wp-json\/wp\/v2\/comments?post=7796"}],"version-history":[{"count":0,"href":"https:\/\/culturesconnection.com\/it\/wp-json\/wp\/v2\/pages\/7796\/revisions"}],"up":[{"embeddable":true,"href":"https:\/\/culturesconnection.com\/it\/wp-json\/wp\/v2\/pages\/10147"}],"wp:attachment":[{"href":"https:\/\/culturesconnection.com\/it\/wp-json\/wp\/v2\/media?parent=7796"}],"curies":[{"name":"wp","href":"https:\/\/api.w.org\/{rel}","templated":true}]}}