{"id":7793,"date":"2017-03-22T17:24:29","date_gmt":"2017-03-22T16:24:29","guid":{"rendered":"http:\/\/culturesconnection.com\/?page_id=7793\/"},"modified":"2022-06-21T22:35:33","modified_gmt":"2022-06-21T20:35:33","slug":"traduzione-commerciale-tedesco","status":"publish","type":"page","link":"https:\/\/culturesconnection.com\/it\/servizi-di-traduzione-in-tedesco\/traduzione-commerciale-tedesco\/","title":{"rendered":"Traduzione commerciale in tedesco"},"content":{"rendered":"\n<h2 class=\"wp-block-heading\">La traduzione commerciale italiano tedesco \u00e8 una questione di credibilit\u00e0<\/h2>\n\n\n\n<p>La traduzione da e verso il tedesco costituisce una sfida importante per tutte le aziende che desiderano espandersi a livello internazionale. In effetti, \u00e8 essenziale fornire ai tuoi partner commerciali documenti tradotti nelle loro lingue da un traduttore specializzato in traduzione commerciale in tedesco. Questi testi di qualit\u00e0 rifletteranno cos\u00ec l&#8217;affidabilit\u00e0 della tua azienda e ti daranno maggiore credibilit\u00e0. Ricorda che le culture aziendali variano da un paese all&#8217;altro: la modalit\u00e0 con cui si chiude un affare a Roma non sono necessariamente le stesse a Berlino. La soluzione? Affidati a un&#8217;<a href=\"https:\/\/culturesconnection.com\/it\/\">agenzia di traduzione<\/a> specializzata in tedesco.<\/p>\n\n\n\n<h2 class=\"wp-block-heading\">Stai cercando un\u2019agenzia di traduzione commerciale?<\/h2>\n\n\n\n<p>Scegliere Cultures Connection per tradurre i tuoi documenti aziendali da e verso il tedesco ti garantir\u00e0 un risultato dagli standard elevati. La nostra agenzia offre <a href=\"https:\/\/culturesconnection.com\/it\/servizi-di-traduzione\/\">servizi di traduzione<\/a> eccellenti e ci affidiamo a una vasta rete di esperti in <a href=\"https:\/\/culturesconnection.com\/it\/servizi-di-traduzione-commerciale\/\">traduzione commerciale<\/a> in tedesco, i quali possono vantare diversi anni di esperienza in questo settore. I nostri traduttori italiano tedesco sono stati selezionati sulla base delle loro qualifiche, esperienze e capacit\u00e0. Vengono sottoposti regolarmente a diversi test per garantire ai nostri clienti un servizio di alta qualit\u00e0. Inoltre, possiedono elevate competenze linguistiche sia in italiano che in tedesco e traducono sempre verso la loro lingua madre.<\/p>\n\n\n\n<h2 class=\"wp-block-heading\">Traduzione in tedesco di documenti commerciali<\/h2>\n\n\n\n<p>Offriamo i nostri servizi per una vasta gamma di documenti aziendali. Siamo quindi in grado di assisterti nei tuoi piani di crescita internazionale. Ecco un elenco non esaustivo di documenti che traduciamo spesso da e verso il tedesco:<\/p>\n\n\n\n<ul class=\"wp-block-list\"><li>Opuscoli<\/li><li>D\u00e9pliant<\/li><li>Biglietti da visita<\/li><li>Lanci di prodotti<\/li><li>Campagne<\/li><li>Siti web<\/li><li>Cataloghi<\/li><li>Presentazioni<\/li><li>Media pubblicitari<\/li><li>Studi di mercato<\/li><li>Newsletter aziendali<\/li><li>Libri Bianchi<\/li><li>Pubblicit\u00e0<\/li><\/ul>\n","protected":false},"excerpt":{"rendered":"<p>La traduzione commerciale italiano tedesco \u00e8 una questione di credibilit\u00e0 La traduzione da e verso il tedesco costituisce una sfida importante per tutte le aziende [&#8230;]<\/p>\n<p><a class=\"btn btn-secondary understrap-read-more-link\" href=\"https:\/\/culturesconnection.com\/it\/servizi-di-traduzione-in-tedesco\/traduzione-commerciale-tedesco\/\">Leggi di pi\u00f9&#8230;<span class=\"screen-reader-text\"> from Traduzione commerciale in tedesco<\/span><\/a><\/p>\n","protected":false},"author":29,"featured_media":0,"parent":10147,"menu_order":0,"comment_status":"closed","ping_status":"closed","template":"","meta":{"_acf_changed":false,"_editorskit_title_hidden":false,"_editorskit_reading_time":0,"_editorskit_is_block_options_detached":false,"_editorskit_block_options_position":"{}","footnotes":""},"class_list":["post-7793","page","type-page","status-publish","hentry"],"acf":[],"_links":{"self":[{"href":"https:\/\/culturesconnection.com\/it\/wp-json\/wp\/v2\/pages\/7793","targetHints":{"allow":["GET"]}}],"collection":[{"href":"https:\/\/culturesconnection.com\/it\/wp-json\/wp\/v2\/pages"}],"about":[{"href":"https:\/\/culturesconnection.com\/it\/wp-json\/wp\/v2\/types\/page"}],"author":[{"embeddable":true,"href":"https:\/\/culturesconnection.com\/it\/wp-json\/wp\/v2\/users\/29"}],"replies":[{"embeddable":true,"href":"https:\/\/culturesconnection.com\/it\/wp-json\/wp\/v2\/comments?post=7793"}],"version-history":[{"count":0,"href":"https:\/\/culturesconnection.com\/it\/wp-json\/wp\/v2\/pages\/7793\/revisions"}],"up":[{"embeddable":true,"href":"https:\/\/culturesconnection.com\/it\/wp-json\/wp\/v2\/pages\/10147"}],"wp:attachment":[{"href":"https:\/\/culturesconnection.com\/it\/wp-json\/wp\/v2\/media?parent=7793"}],"curies":[{"name":"wp","href":"https:\/\/api.w.org\/{rel}","templated":true}]}}