{"id":7792,"date":"2017-03-22T18:28:50","date_gmt":"2017-03-22T17:28:50","guid":{"rendered":"http:\/\/culturesconnection.com\/?page_id=7792\/"},"modified":"2022-06-22T04:03:43","modified_gmt":"2022-06-22T02:03:43","slug":"traduzione-siti-web-francese","status":"publish","type":"page","link":"https:\/\/culturesconnection.com\/it\/traduzione-francese\/traduzione-siti-web-francese\/","title":{"rendered":"Traduzione di siti web in francese"},"content":{"rendered":"\n<h2 class=\"wp-block-heading\">Servizi di traduzione di siti web in francese<\/h2>\n\n\n\n<p>Al giorno d&#8217;oggi, \u00e8 innegabile che il francese sia onnipresente nella societ\u00e0 contemporanea. Milioni di persone in tutto il mondo parlano questa lingua. Date queste circostanze, \u00e8 chiaro che tradurre in francese il tuo sito web risulta essere un passaggio importante che ti permetter\u00e0 di raggiungere i mercati di lingua francese. La traduzione del tuo sito web in francese \u00e8 un passo verso l\u2019aumento delle tue vendite internazionali, in particolar modo se il sito si basa sul commercio online.<\/p>\n\n\n\n<h2 class=\"wp-block-heading\">La nostra agenzia di traduzione localizza i tuoi siti web<\/h2>\n\n\n\n<p>La traduzione in francese del tuo sito web far\u00e0 s\u00ec che questo diventi accessibile a migliaia di potenziali clienti. Tuttavia, ricorda che la cultura pu\u00f2 cambiare radicalmente da un paese all&#8217;altro. Ad esempio, un messaggio non viene interpretato nello stesso modo in Francia e in Italia: \u00e8 quindi opportuno adeguare il contenuto delle tue pagine web per la cultura dei lettori target. A <a href=\"https:\/\/culturesconnection.com\/it\/\">Cultures Connection<\/a> abbiamo un team di traduttori italiano-francese e francese-italiano specializzati nella traduzione di siti web. Indipendentemente dal tipo di <a href=\"https:\/\/culturesconnection.com\/it\/servizi-di-traduzione\/\">servizi di traduzione<\/a> che forniscono, ogni membro del nostro team \u00e8 assunto sulla base delle sua capacit\u00e0, della formazione e delle qualifiche. I nostri traduttori sono consapevoli del fatto che la traduzione del tuo sito rispecchier\u00e0 l&#8217;immagine della tua azienda: \u00e8 per questo che prendiamo molto sul serio tale compito. A Cultures Connection i tuoi progetti di <a href=\"https:\/\/culturesconnection.com\/it\/traduzione-siti-web\/\">traduzione di siti web<\/a> sono in buone mani.<\/p>\n\n\n\n<h2 class=\"wp-block-heading\">Traduzione in francese di contenuti web<\/h2>\n\n\n\n<p>La nostra agenzia di traduzione si occupa della traduzione di diversi tipi di documenti audiovisivi, tra cui:<\/p>\n\n\n\n<ul class=\"wp-block-list\"><li>Contenuti web<\/li><li>Siti e-commerce<\/li><li>App per dispositivi mobili<\/li><li>Piattaforme di trading<\/li><li>Schede prodotto<\/li><\/ul>\n","protected":false},"excerpt":{"rendered":"<p>Servizi di traduzione di siti web in francese Al giorno d&#8217;oggi, \u00e8 innegabile che il francese sia onnipresente nella societ\u00e0 contemporanea. Milioni di persone in [&#8230;]<\/p>\n<p><a class=\"btn btn-secondary understrap-read-more-link\" href=\"https:\/\/culturesconnection.com\/it\/traduzione-francese\/traduzione-siti-web-francese\/\">Leggi di pi\u00f9&#8230;<span class=\"screen-reader-text\"> from Traduzione di siti web in francese<\/span><\/a><\/p>\n","protected":false},"author":29,"featured_media":81786,"parent":7783,"menu_order":0,"comment_status":"closed","ping_status":"closed","template":"","meta":{"_acf_changed":false,"_editorskit_title_hidden":false,"_editorskit_reading_time":0,"_editorskit_is_block_options_detached":false,"_editorskit_block_options_position":"{}","footnotes":""},"class_list":["post-7792","page","type-page","status-publish","has-post-thumbnail","hentry"],"acf":[],"_links":{"self":[{"href":"https:\/\/culturesconnection.com\/it\/wp-json\/wp\/v2\/pages\/7792","targetHints":{"allow":["GET"]}}],"collection":[{"href":"https:\/\/culturesconnection.com\/it\/wp-json\/wp\/v2\/pages"}],"about":[{"href":"https:\/\/culturesconnection.com\/it\/wp-json\/wp\/v2\/types\/page"}],"author":[{"embeddable":true,"href":"https:\/\/culturesconnection.com\/it\/wp-json\/wp\/v2\/users\/29"}],"replies":[{"embeddable":true,"href":"https:\/\/culturesconnection.com\/it\/wp-json\/wp\/v2\/comments?post=7792"}],"version-history":[{"count":0,"href":"https:\/\/culturesconnection.com\/it\/wp-json\/wp\/v2\/pages\/7792\/revisions"}],"up":[{"embeddable":true,"href":"https:\/\/culturesconnection.com\/it\/wp-json\/wp\/v2\/pages\/7783"}],"wp:featuredmedia":[{"embeddable":true,"href":"https:\/\/culturesconnection.com\/it\/wp-json\/wp\/v2\/media\/81786"}],"wp:attachment":[{"href":"https:\/\/culturesconnection.com\/it\/wp-json\/wp\/v2\/media?parent=7792"}],"curies":[{"name":"wp","href":"https:\/\/api.w.org\/{rel}","templated":true}]}}