{"id":7790,"date":"2017-03-22T18:36:25","date_gmt":"2017-03-22T17:36:25","guid":{"rendered":"http:\/\/culturesconnection.com\/?page_id=7790\/"},"modified":"2022-06-21T23:18:02","modified_gmt":"2022-06-21T21:18:02","slug":"sottotitolaggio-francese","status":"publish","type":"page","link":"https:\/\/culturesconnection.com\/it\/traduzione-francese\/sottotitolaggio-francese\/","title":{"rendered":"Traduzione audiovisiva <br \/> e sottotitolaggio in francese"},"content":{"rendered":"\n<h2 class=\"wp-block-heading\">Servizi di sottotitolaggio italiano-francese: una versione multilingue dei tuoi contenuti multimediali<\/h2>\n\n\n\n<p>Perch\u00e9 tradurre in francese i tuoi materiali audiovisivi? La risposta \u00e8 semplice. Che sia per la televisione, Internet, il cinema o aziende, l&#8217;utilizzo di sottotitoli e del voiceover permette ai tuoi contenuti multimediali di raggiungere una fetta pi\u00f9 ampia di pubblico. Se vuoi che il tuo business si espanda a livello globale, dovrai sottotitolare e doppiare i tuoi video. In tutte le sue forme, la traduzione audiovisiva in francese \u00e8 un&#8217;attivit\u00e0 tecnica particolarmente complessa. \u00c8 questo il motivo per cui devi scegliere bene l&#8217;<a href=\"https:\/\/culturesconnection.com\/it\/\">agenzia di traduzione<\/a> che meglio soddisfi le tue esigenze.<\/p>\n\n\n\n<h2 class=\"wp-block-heading\">La nostra agenzia di traduzione e servizi di sottotitolaggio<\/h2>\n\n\n\n<p>Con una vasta esperienza nel campo della traduzione audiovisiva e dei sottotitoli, cos\u00ec come altri <a href=\"https:\/\/culturesconnection.com\/it\/servizi-di-traduzione\/\">servizi di traduzione<\/a>,&nbsp;Cultures Connection lavora con molti traduttori nelle combinazioni italiano-francese e francese-italiano. Li abbiamo scelti perch\u00e9 sono i migliori nel loro campo. Sono altamente qualificati e sono quindi in grado di adattare i tuoi testi video e audio con precisione, affinch\u00e9 diventino accessibili a tutti. Forniamo diversi tipi di <a href=\"https:\/\/culturesconnection.com\/it\/servizio-sottotitolaggio\/\">servizi audiovisivi<\/a>: trascrizioni, creazione del timecode, traduzione e adattamento di sottotitoli, voiceover e altro ancora. Conta su di noi e non deluderemo le tue aspettative.<\/p>\n\n\n\n<h2 class=\"wp-block-heading\">I nostri materiali audiovisivi in francese<\/h2>\n\n\n\n<p>Trascriviamo, il pi\u00f9 accuratamente possibile, qualsiasi tipo di materiale audiovisivo:<\/p>\n\n\n\n<ul class=\"wp-block-list\"><li>Video commerciali e pubblicitari<\/li><li>Filmati aziendali<\/li><li>Video istituzionali<\/li><li>Testi audio<\/li><li>Documentari<\/li><li>Videogiochi<\/li><\/ul>\n","protected":false},"excerpt":{"rendered":"<p>Servizi di sottotitolaggio italiano-francese: una versione multilingue dei tuoi contenuti multimediali Perch\u00e9 tradurre in francese i tuoi materiali audiovisivi? La risposta \u00e8 semplice. Che sia [&#8230;]<\/p>\n<p><a class=\"btn btn-secondary understrap-read-more-link\" href=\"https:\/\/culturesconnection.com\/it\/traduzione-francese\/sottotitolaggio-francese\/\">Leggi di pi\u00f9&#8230;<span class=\"screen-reader-text\"> from Traduzione audiovisiva <br \/> e sottotitolaggio in francese<\/span><\/a><\/p>\n","protected":false},"author":29,"featured_media":81697,"parent":7783,"menu_order":0,"comment_status":"closed","ping_status":"closed","template":"","meta":{"_acf_changed":false,"_editorskit_title_hidden":false,"_editorskit_reading_time":0,"_editorskit_is_block_options_detached":false,"_editorskit_block_options_position":"{}","footnotes":""},"class_list":["post-7790","page","type-page","status-publish","has-post-thumbnail","hentry"],"acf":[],"yoast_head":"<!-- This site is optimized with the Yoast SEO Premium plugin v23.4 (Yoast SEO v27.3) - https:\/\/yoast.com\/product\/yoast-seo-premium-wordpress\/ -->\n<title>Servizi di traduzione audiovisiva e sottotitolaggio in francese<\/title>\n<meta name=\"description\" content=\"Cultures Connection offre servizi di sottotitolaggio dall&#039;italiano al francese: trascrizioni, sottotitoli, voce fuori campo. Richiedi un preventivo gratuito qui.\" \/>\n<meta name=\"robots\" content=\"index, follow, max-snippet:-1, max-image-preview:large, max-video-preview:-1\" \/>\n<link rel=\"canonical\" href=\"https:\/\/culturesconnection.com\/it\/traduzione-francese\/sottotitolaggio-francese\/\" \/>\n<meta property=\"og:locale\" content=\"it_IT\" \/>\n<meta property=\"og:type\" content=\"article\" \/>\n<meta property=\"og:title\" content=\"Traduzione audiovisiva  e sottotitolaggio in francese\" \/>\n<meta property=\"og:description\" content=\"Cultures Connection offre servizi di sottotitolaggio dall&#039;italiano al francese: trascrizioni, sottotitoli, voce fuori campo. Richiedi un preventivo gratuito qui.\" \/>\n<meta property=\"og:url\" content=\"https:\/\/culturesconnection.com\/it\/traduzione-francese\/sottotitolaggio-francese\/\" \/>\n<meta property=\"og:site_name\" content=\"Cultures Connection\" \/>\n<meta property=\"article:publisher\" content=\"https:\/\/www.facebook.com\/CulturesConnection\" \/>\n<meta property=\"article:modified_time\" content=\"2022-06-21T21:18:02+00:00\" \/>\n<meta property=\"og:image\" content=\"https:\/\/culturesconnection.com\/wp-content\/uploads\/2017\/03\/Sottotitolaggio-in-francese.png\" \/>\n\t<meta property=\"og:image:width\" content=\"400\" \/>\n\t<meta property=\"og:image:height\" content=\"127\" \/>\n\t<meta property=\"og:image:type\" content=\"image\/png\" \/>\n<meta name=\"twitter:card\" content=\"summary_large_image\" \/>\n<meta name=\"twitter:site\" content=\"@CulturesCo_\" \/>\n<meta name=\"twitter:label1\" content=\"Tempo di lettura stimato\" \/>\n\t<meta name=\"twitter:data1\" content=\"1 minuto\" \/>\n<script type=\"application\/ld+json\" class=\"yoast-schema-graph\">{\"@context\":\"https:\\\/\\\/schema.org\",\"@graph\":[{\"@type\":\"WebPage\",\"@id\":\"https:\\\/\\\/culturesconnection.com\\\/it\\\/traduzione-francese\\\/sottotitolaggio-francese\\\/\",\"url\":\"https:\\\/\\\/culturesconnection.com\\\/it\\\/traduzione-francese\\\/sottotitolaggio-francese\\\/\",\"name\":\"Servizi di traduzione audiovisiva e sottotitolaggio in francese\",\"isPartOf\":{\"@id\":\"https:\\\/\\\/culturesconnection.com\\\/fr\\\/#website\"},\"primaryImageOfPage\":{\"@id\":\"https:\\\/\\\/culturesconnection.com\\\/it\\\/traduzione-francese\\\/sottotitolaggio-francese\\\/#primaryimage\"},\"image\":{\"@id\":\"https:\\\/\\\/culturesconnection.com\\\/it\\\/traduzione-francese\\\/sottotitolaggio-francese\\\/#primaryimage\"},\"thumbnailUrl\":\"https:\\\/\\\/culturesconnection.com\\\/wp-content\\\/uploads\\\/2017\\\/03\\\/Sottotitolaggio-in-francese.png\",\"datePublished\":\"2017-03-22T17:36:25+00:00\",\"dateModified\":\"2022-06-21T21:18:02+00:00\",\"description\":\"Cultures Connection offre servizi di sottotitolaggio dall'italiano al francese: trascrizioni, sottotitoli, voce fuori campo. Richiedi un preventivo gratuito qui.\",\"breadcrumb\":{\"@id\":\"https:\\\/\\\/culturesconnection.com\\\/it\\\/traduzione-francese\\\/sottotitolaggio-francese\\\/#breadcrumb\"},\"inLanguage\":\"it-IT\",\"potentialAction\":[{\"@type\":\"ReadAction\",\"target\":[\"https:\\\/\\\/culturesconnection.com\\\/it\\\/traduzione-francese\\\/sottotitolaggio-francese\\\/\"]}]},{\"@type\":\"ImageObject\",\"inLanguage\":\"it-IT\",\"@id\":\"https:\\\/\\\/culturesconnection.com\\\/it\\\/traduzione-francese\\\/sottotitolaggio-francese\\\/#primaryimage\",\"url\":\"https:\\\/\\\/culturesconnection.com\\\/wp-content\\\/uploads\\\/2017\\\/03\\\/Sottotitolaggio-in-francese.png\",\"contentUrl\":\"https:\\\/\\\/culturesconnection.com\\\/wp-content\\\/uploads\\\/2017\\\/03\\\/Sottotitolaggio-in-francese.png\",\"width\":\"400\",\"height\":\"127\",\"caption\":\"Sottotitolaggio in francese\"},{\"@type\":\"BreadcrumbList\",\"@id\":\"https:\\\/\\\/culturesconnection.com\\\/it\\\/traduzione-francese\\\/sottotitolaggio-francese\\\/#breadcrumb\",\"itemListElement\":[{\"@type\":\"ListItem\",\"position\":1,\"name\":\"Home\",\"item\":\"https:\\\/\\\/culturesconnection.com\\\/it\\\/\"},{\"@type\":\"ListItem\",\"position\":2,\"name\":\"Traduzione in francese\",\"item\":\"https:\\\/\\\/culturesconnection.com\\\/it\\\/traduzione-francese\\\/\"},{\"@type\":\"ListItem\",\"position\":3,\"name\":\"Traduzione audiovisiva e sottotitolaggio in francese\"}]},{\"@type\":\"WebSite\",\"@id\":\"https:\\\/\\\/culturesconnection.com\\\/fr\\\/#website\",\"url\":\"https:\\\/\\\/culturesconnection.com\\\/fr\\\/\",\"name\":\"Cultures Connection\",\"description\":\"Cultures Connection is a translation agency dedicated to the success of its international clients.\",\"publisher\":{\"@id\":\"https:\\\/\\\/culturesconnection.com\\\/fr\\\/#organization\"},\"potentialAction\":[{\"@type\":\"SearchAction\",\"target\":{\"@type\":\"EntryPoint\",\"urlTemplate\":\"https:\\\/\\\/culturesconnection.com\\\/fr\\\/?s={search_term_string}\"},\"query-input\":{\"@type\":\"PropertyValueSpecification\",\"valueRequired\":true,\"valueName\":\"search_term_string\"}}],\"inLanguage\":\"it-IT\"},{\"@type\":\"Organization\",\"@id\":\"https:\\\/\\\/culturesconnection.com\\\/fr\\\/#organization\",\"name\":\"Cultures Connection\",\"url\":\"https:\\\/\\\/culturesconnection.com\\\/fr\\\/\",\"logo\":{\"@type\":\"ImageObject\",\"inLanguage\":\"it-IT\",\"@id\":\"https:\\\/\\\/culturesconnection.com\\\/fr\\\/#\\\/schema\\\/logo\\\/image\\\/\",\"url\":\"https:\\\/\\\/culturesconnection.com\\\/wp-content\\\/uploads\\\/2022\\\/06\\\/cropped-favicon512x512.png\",\"contentUrl\":\"https:\\\/\\\/culturesconnection.com\\\/wp-content\\\/uploads\\\/2022\\\/06\\\/cropped-favicon512x512.png\",\"width\":512,\"height\":512,\"caption\":\"Cultures Connection\"},\"image\":{\"@id\":\"https:\\\/\\\/culturesconnection.com\\\/fr\\\/#\\\/schema\\\/logo\\\/image\\\/\"},\"sameAs\":[\"https:\\\/\\\/www.facebook.com\\\/CulturesConnection\",\"https:\\\/\\\/x.com\\\/CulturesCo_\"]}]}<\/script>\n<!-- \/ Yoast SEO Premium plugin. -->","yoast_head_json":{"title":"Servizi di traduzione audiovisiva e sottotitolaggio in francese","description":"Cultures Connection offre servizi di sottotitolaggio dall'italiano al francese: trascrizioni, sottotitoli, voce fuori campo. Richiedi un preventivo gratuito qui.","robots":{"index":"index","follow":"follow","max-snippet":"max-snippet:-1","max-image-preview":"max-image-preview:large","max-video-preview":"max-video-preview:-1"},"canonical":"https:\/\/culturesconnection.com\/it\/traduzione-francese\/sottotitolaggio-francese\/","og_locale":"it_IT","og_type":"article","og_title":"Traduzione audiovisiva  e sottotitolaggio in francese","og_description":"Cultures Connection offre servizi di sottotitolaggio dall'italiano al francese: trascrizioni, sottotitoli, voce fuori campo. Richiedi un preventivo gratuito qui.","og_url":"https:\/\/culturesconnection.com\/it\/traduzione-francese\/sottotitolaggio-francese\/","og_site_name":"Cultures Connection","article_publisher":"https:\/\/www.facebook.com\/CulturesConnection","article_modified_time":"2022-06-21T21:18:02+00:00","og_image":[{"width":400,"height":127,"url":"https:\/\/culturesconnection.com\/wp-content\/uploads\/2017\/03\/Sottotitolaggio-in-francese.png","type":"image\/png"}],"twitter_card":"summary_large_image","twitter_site":"@CulturesCo_","twitter_misc":{"Tempo di lettura stimato":"1 minuto"},"schema":{"@context":"https:\/\/schema.org","@graph":[{"@type":"WebPage","@id":"https:\/\/culturesconnection.com\/it\/traduzione-francese\/sottotitolaggio-francese\/","url":"https:\/\/culturesconnection.com\/it\/traduzione-francese\/sottotitolaggio-francese\/","name":"Servizi di traduzione audiovisiva e sottotitolaggio in francese","isPartOf":{"@id":"https:\/\/culturesconnection.com\/fr\/#website"},"primaryImageOfPage":{"@id":"https:\/\/culturesconnection.com\/it\/traduzione-francese\/sottotitolaggio-francese\/#primaryimage"},"image":{"@id":"https:\/\/culturesconnection.com\/it\/traduzione-francese\/sottotitolaggio-francese\/#primaryimage"},"thumbnailUrl":"https:\/\/culturesconnection.com\/wp-content\/uploads\/2017\/03\/Sottotitolaggio-in-francese.png","datePublished":"2017-03-22T17:36:25+00:00","dateModified":"2022-06-21T21:18:02+00:00","description":"Cultures Connection offre servizi di sottotitolaggio dall'italiano al francese: trascrizioni, sottotitoli, voce fuori campo. Richiedi un preventivo gratuito qui.","breadcrumb":{"@id":"https:\/\/culturesconnection.com\/it\/traduzione-francese\/sottotitolaggio-francese\/#breadcrumb"},"inLanguage":"it-IT","potentialAction":[{"@type":"ReadAction","target":["https:\/\/culturesconnection.com\/it\/traduzione-francese\/sottotitolaggio-francese\/"]}]},{"@type":"ImageObject","inLanguage":"it-IT","@id":"https:\/\/culturesconnection.com\/it\/traduzione-francese\/sottotitolaggio-francese\/#primaryimage","url":"https:\/\/culturesconnection.com\/wp-content\/uploads\/2017\/03\/Sottotitolaggio-in-francese.png","contentUrl":"https:\/\/culturesconnection.com\/wp-content\/uploads\/2017\/03\/Sottotitolaggio-in-francese.png","width":"400","height":"127","caption":"Sottotitolaggio in francese"},{"@type":"BreadcrumbList","@id":"https:\/\/culturesconnection.com\/it\/traduzione-francese\/sottotitolaggio-francese\/#breadcrumb","itemListElement":[{"@type":"ListItem","position":1,"name":"Home","item":"https:\/\/culturesconnection.com\/it\/"},{"@type":"ListItem","position":2,"name":"Traduzione in francese","item":"https:\/\/culturesconnection.com\/it\/traduzione-francese\/"},{"@type":"ListItem","position":3,"name":"Traduzione audiovisiva e sottotitolaggio in francese"}]},{"@type":"WebSite","@id":"https:\/\/culturesconnection.com\/fr\/#website","url":"https:\/\/culturesconnection.com\/fr\/","name":"Cultures Connection","description":"Cultures Connection is a translation agency dedicated to the success of its international clients.","publisher":{"@id":"https:\/\/culturesconnection.com\/fr\/#organization"},"potentialAction":[{"@type":"SearchAction","target":{"@type":"EntryPoint","urlTemplate":"https:\/\/culturesconnection.com\/fr\/?s={search_term_string}"},"query-input":{"@type":"PropertyValueSpecification","valueRequired":true,"valueName":"search_term_string"}}],"inLanguage":"it-IT"},{"@type":"Organization","@id":"https:\/\/culturesconnection.com\/fr\/#organization","name":"Cultures Connection","url":"https:\/\/culturesconnection.com\/fr\/","logo":{"@type":"ImageObject","inLanguage":"it-IT","@id":"https:\/\/culturesconnection.com\/fr\/#\/schema\/logo\/image\/","url":"https:\/\/culturesconnection.com\/wp-content\/uploads\/2022\/06\/cropped-favicon512x512.png","contentUrl":"https:\/\/culturesconnection.com\/wp-content\/uploads\/2022\/06\/cropped-favicon512x512.png","width":512,"height":512,"caption":"Cultures Connection"},"image":{"@id":"https:\/\/culturesconnection.com\/fr\/#\/schema\/logo\/image\/"},"sameAs":["https:\/\/www.facebook.com\/CulturesConnection","https:\/\/x.com\/CulturesCo_"]}]}},"_links":{"self":[{"href":"https:\/\/culturesconnection.com\/it\/wp-json\/wp\/v2\/pages\/7790","targetHints":{"allow":["GET"]}}],"collection":[{"href":"https:\/\/culturesconnection.com\/it\/wp-json\/wp\/v2\/pages"}],"about":[{"href":"https:\/\/culturesconnection.com\/it\/wp-json\/wp\/v2\/types\/page"}],"author":[{"embeddable":true,"href":"https:\/\/culturesconnection.com\/it\/wp-json\/wp\/v2\/users\/29"}],"replies":[{"embeddable":true,"href":"https:\/\/culturesconnection.com\/it\/wp-json\/wp\/v2\/comments?post=7790"}],"version-history":[{"count":0,"href":"https:\/\/culturesconnection.com\/it\/wp-json\/wp\/v2\/pages\/7790\/revisions"}],"up":[{"embeddable":true,"href":"https:\/\/culturesconnection.com\/it\/wp-json\/wp\/v2\/pages\/7783"}],"wp:featuredmedia":[{"embeddable":true,"href":"https:\/\/culturesconnection.com\/it\/wp-json\/wp\/v2\/media\/81697"}],"wp:attachment":[{"href":"https:\/\/culturesconnection.com\/it\/wp-json\/wp\/v2\/media?parent=7790"}],"curies":[{"name":"wp","href":"https:\/\/api.w.org\/{rel}","templated":true}]}}