{"id":7782,"date":"2017-03-22T19:19:04","date_gmt":"2017-03-22T18:19:04","guid":{"rendered":"http:\/\/culturesconnection.com\/?page_id=7782\/"},"modified":"2022-06-22T05:50:38","modified_gmt":"2022-06-22T03:50:38","slug":"traduzione-siti-web-olandese","status":"publish","type":"page","link":"https:\/\/culturesconnection.com\/it\/traduzione-olandese\/traduzione-siti-web-olandese\/","title":{"rendered":"Traduzione di siti web in olandese"},"content":{"rendered":"\n<h2 class=\"wp-block-heading\">Servizi professionali di traduzione in olandese di siti web<\/h2>\n\n\n\n<p>Non \u00e8 mai stato cos\u00ec facile comunicare quanto nell\u2019era di Internet. La globalizzazione \u00e8 onnipresente e offre molte opportunit\u00e0 per le aziende che desiderano di far crescere le vendite dei loro prodotti o servizi. La traduzione in olandese di siti web \u00e8 uno dei servizi che <a href=\"https:\/\/culturesconnection.com\/it\/\">Cultures Connection<\/a> offre per aiutarti a raggiungere il tuo obiettivo. Tradurre pagine web \u00e8 un passo importante perch\u00e9 rappresenta il primo punto di contatto tra l&#8217;azienda e il cliente. \u00c8 quindi di fondamentale importanza che questo lavoro sia svolto con la massima accuratezza e che il sito non contenga errori o parti testuali prive di senso. La prima difficolt\u00e0 sta nelle differenze culturali tra il lettore del documento di origine e il lettore del documento di destinazione.<\/p>\n\n\n\n<h2 class=\"wp-block-heading\">Hai bisogno di un\u2019agenzia di traduzione?<\/h2>\n\n\n\n<p>Sei un&#8217;impresa italiana e vuoi raggiungere il mercato olandese o fiammingo o viceversa? I traduttori che lavorano a Cultures Connection sono specializzati nella localizzazione di siti web e offrono <a href=\"https:\/\/culturesconnection.com\/it\/servizi-di-traduzione\/\">servizi di traduzione<\/a> di elevata qualit\u00e0. Essi provengono da questi mercati e sono in grado di identificare i bisogni del gruppo target. Inoltre, sanno come evitare passi falsi. Sono molte aziende per cui si sono verificati cali improvvisi del fatturato a causa di problemi di traduzione e incompatibilit\u00e0 culturali. Non fare lo stesso errore! Affida il tuo progetto ai nostri traduttori olandesi specializzati in <a href=\"https:\/\/culturesconnection.com\/it\/traduzione-siti-web\/\">traduzione di siti web<\/a>.<\/p>\n\n\n\n<h2 class=\"wp-block-heading\">Servizi di traduzione in olandese di contenuti web<\/h2>\n\n\n\n<p>Cultures Connection fornisce servizi di traduzione per molti tipi di documenti web. Ecco alcuni esempi di traduzioni eseguite dalla nostra agenzia:<\/p>\n\n\n\n<ul class=\"wp-block-list\"><li>Contenuti web<\/li><li>Siti e-commerce<\/li><li>App per dispositivi mobili<\/li><li>Piattaforme di trading<\/li><li>Schede prodotto<\/li><\/ul>\n","protected":false},"excerpt":{"rendered":"<p>Servizi professionali di traduzione in olandese di siti web Non \u00e8 mai stato cos\u00ec facile comunicare quanto nell\u2019era di Internet. La globalizzazione \u00e8 onnipresente e [&#8230;]<\/p>\n<p><a class=\"btn btn-secondary understrap-read-more-link\" href=\"https:\/\/culturesconnection.com\/it\/traduzione-olandese\/traduzione-siti-web-olandese\/\">Leggi di pi\u00f9&#8230;<span class=\"screen-reader-text\"> from Traduzione di siti web in olandese<\/span><\/a><\/p>\n","protected":false},"author":29,"featured_media":0,"parent":7781,"menu_order":0,"comment_status":"closed","ping_status":"closed","template":"","meta":{"_acf_changed":false,"_editorskit_title_hidden":false,"_editorskit_reading_time":0,"_editorskit_is_block_options_detached":false,"_editorskit_block_options_position":"{}","footnotes":""},"class_list":["post-7782","page","type-page","status-publish","hentry"],"acf":[],"_links":{"self":[{"href":"https:\/\/culturesconnection.com\/it\/wp-json\/wp\/v2\/pages\/7782","targetHints":{"allow":["GET"]}}],"collection":[{"href":"https:\/\/culturesconnection.com\/it\/wp-json\/wp\/v2\/pages"}],"about":[{"href":"https:\/\/culturesconnection.com\/it\/wp-json\/wp\/v2\/types\/page"}],"author":[{"embeddable":true,"href":"https:\/\/culturesconnection.com\/it\/wp-json\/wp\/v2\/users\/29"}],"replies":[{"embeddable":true,"href":"https:\/\/culturesconnection.com\/it\/wp-json\/wp\/v2\/comments?post=7782"}],"version-history":[{"count":0,"href":"https:\/\/culturesconnection.com\/it\/wp-json\/wp\/v2\/pages\/7782\/revisions"}],"up":[{"embeddable":true,"href":"https:\/\/culturesconnection.com\/it\/wp-json\/wp\/v2\/pages\/7781"}],"wp:attachment":[{"href":"https:\/\/culturesconnection.com\/it\/wp-json\/wp\/v2\/media?parent=7782"}],"curies":[{"name":"wp","href":"https:\/\/api.w.org\/{rel}","templated":true}]}}