{"id":7781,"date":"2017-03-22T19:21:02","date_gmt":"2017-03-22T18:21:02","guid":{"rendered":"http:\/\/culturesconnection.com\/?page_id=7781\/"},"modified":"2022-08-02T16:58:19","modified_gmt":"2022-08-02T14:58:19","slug":"traduzione-olandese","status":"publish","type":"page","link":"https:\/\/culturesconnection.com\/it\/traduzione-olandese\/","title":{"rendered":"Traduzione in olandese"},"content":{"rendered":"\n<h2 class=\"wp-block-heading\">Servizi di traduzione professionale in olandese<\/h2>\n\n\n\n<p>Se traduci i tuoi documenti in olandese, puoi raggiungere i 28 milioni di parlanti di questa lingua. Anche se molti olandesi parlano abbastanza bene l\u2019inglese, apprezzeranno comunque la possibilit\u00e0 di consultare i tuoi contenuti nella loro lingua. Considerando che l&#8217;Italia \u00e8 tra i principali partner commerciali dei Paesi Bassi, la domanda per la traduzione italiano-olandese \u00e8 particolarmente elevata. Senza contare che i Paesi Bassi sono il pi\u00f9 grande hub per il trasporto marittimo in Europa.<\/p>\n\n\n\n<p>Tradurre i tuoi documenti in olandese \u00e8 un passo necessario per facilitare le trattative commerciali, lo scambio di informazioni e la comunicazione con le tue controparti olandesi. <a href=\"https:\/\/culturesconnection.com\/it\/\">Cultures Connection<\/a> ti offre servizi di traduzione da e verso l\u2019olandese per qualunque tipo di progetto o settore di attivit\u00e0.<\/p>\n\n\n\n<h2 class=\"wp-block-heading\">Stai cercando un traduttore olandese?<\/h2>\n\n\n\n<p>Cultures Connection gestisce le tue traduzioni da e verso l\u2019olandese dalla ricezione dei documenti fino alla loro consegna. Grazie alla sua ampia esperienza in questo settore, la nostra agenzia ha costruito una fitta rete di traduttori di nazionalit\u00e0 olandese. Se hai bisogno di una traduzione nelle combinazioni italiano-olandese o olandese-italiano, i nostri project manager selezioneranno un professionista in grado di rispettare le tue scadenze e adattarsi alle tue esigenze.<\/p>\n\n\n\n<p>Poich\u00e9 siamo consapevoli delle conseguenze negative che possono derivare da una cattiva traduzione, Cultures Connection seleziona i suoi traduttori in base al loro livello di competenza <a href=\"https:\/\/culturesconnection.com\/it\/servizi-di-traduzione\/\">linguistica<\/a> e di istruzione. Essi devono dimostrare almeno cinque anni di consolidata esperienza e superare periodicamente dei test al fine di rimanere nel nostro database.<\/p>\n","protected":false},"excerpt":{"rendered":"<p>Servizi di traduzione professionale in olandese Se traduci i tuoi documenti in olandese, puoi raggiungere i 28 milioni di parlanti di questa lingua. Anche se [&#8230;]<\/p>\n<p><a class=\"btn btn-secondary understrap-read-more-link\" href=\"https:\/\/culturesconnection.com\/it\/traduzione-olandese\/\">Leggi di pi\u00f9&#8230;<span class=\"screen-reader-text\"> from Traduzione in olandese<\/span><\/a><\/p>\n","protected":false},"author":26,"featured_media":23255,"parent":0,"menu_order":0,"comment_status":"closed","ping_status":"closed","template":"","meta":{"_acf_changed":false,"_editorskit_title_hidden":false,"_editorskit_reading_time":1,"_editorskit_is_block_options_detached":false,"_editorskit_block_options_position":"{}","footnotes":""},"class_list":["post-7781","page","type-page","status-publish","has-post-thumbnail","hentry"],"acf":[],"_links":{"self":[{"href":"https:\/\/culturesconnection.com\/it\/wp-json\/wp\/v2\/pages\/7781","targetHints":{"allow":["GET"]}}],"collection":[{"href":"https:\/\/culturesconnection.com\/it\/wp-json\/wp\/v2\/pages"}],"about":[{"href":"https:\/\/culturesconnection.com\/it\/wp-json\/wp\/v2\/types\/page"}],"author":[{"embeddable":true,"href":"https:\/\/culturesconnection.com\/it\/wp-json\/wp\/v2\/users\/26"}],"replies":[{"embeddable":true,"href":"https:\/\/culturesconnection.com\/it\/wp-json\/wp\/v2\/comments?post=7781"}],"version-history":[{"count":0,"href":"https:\/\/culturesconnection.com\/it\/wp-json\/wp\/v2\/pages\/7781\/revisions"}],"wp:featuredmedia":[{"embeddable":true,"href":"https:\/\/culturesconnection.com\/it\/wp-json\/wp\/v2\/media\/23255"}],"wp:attachment":[{"href":"https:\/\/culturesconnection.com\/it\/wp-json\/wp\/v2\/media?parent=7781"}],"curies":[{"name":"wp","href":"https:\/\/api.w.org\/{rel}","templated":true}]}}