{"id":7766,"date":"2017-03-23T16:03:30","date_gmt":"2017-03-23T15:03:30","guid":{"rendered":"http:\/\/culturesconnection.com\/?page_id=7766\/"},"modified":"2022-06-21T22:16:59","modified_gmt":"2022-06-21T20:16:59","slug":"traduzione-commerciale-cinese","status":"publish","type":"page","link":"https:\/\/culturesconnection.com\/it\/i-nostri-servizi-di-traduzione-in-cinese\/traduzione-commerciale-cinese\/","title":{"rendered":"Traduzione commerciale in cinese"},"content":{"rendered":"\n<h2 class=\"wp-block-heading\">La traduzione commerciale dall\u2019italiano al cinese \u00e8 un compito difficile<\/h2>\n\n\n\n<p>La traduzione commerciale da e verso il cinese costituisce un\u2019importante sfida per qualsiasi azienda che vuole espandersi a livello internazionale. Infatti \u00e8 essenziale fornire ai tuoi partner commerciali documenti tradotti nella loro lingua da un traduttore specializzato in traduzione commerciale cinese. Questi testi di qualit\u00e0 rifletteranno cos\u00ec l&#8217;affidabilit\u00e0 della tua azienda e ti daranno maggiore credibilit\u00e0. Ricorda che le culture nel mondo degli affari cambiano da un paese all&#8217;altro: la firma di un contratto a Londra non avverr\u00e0 nello stesso modo a Pechino. Una soluzione? Lavora con un\u2019<a href=\"https:\/\/culturesconnection.com\/it\/\">agenzia di traduzione<\/a> specializzata in traduzione commerciale cinese.<\/p>\n\n\n\n<h2 class=\"wp-block-heading\">Hai bisogno di una agenzia di traduzione commerciale?<\/h2>\n\n\n\n<p>Se scegli Cultures Connection per tradurre i tuoi documenti commerciali in cinese, otterrai risultati di qualit\u00e0 ai migliori prezzi. Nel corso degli anni, abbiamo fornito eccellenti <a href=\"https:\/\/culturesconnection.com\/it\/servizi-di-traduzione\/\">servizi di traduzione<\/a> e costruito una vasta rete di traduttori specializzati in <a href=\"https:\/\/culturesconnection.com\/it\/servizi-di-traduzione-commerciale\/\">traduzione commerciale<\/a> in cinese. Abbiamo rigorosi criteri di selezione: ci concentriamo sulla formazione accademica, l\u2019esperienza professionale e le competenze nel settore commerciale dei nostri specialisti. Tutti i traduttori sono a conoscenza della cultura commerciale dei paesi interessati e hanno un\u2019ottima padronanza sia dell\u2019italiano che del cinese. Per garantire traduzioni di alta qualit\u00e0, traducono esclusivamente verso la propria lingua madre e rispettano i valori della nostra agenzia di traduzione.<\/p>\n\n\n\n<h2 class=\"wp-block-heading\">Traduzione di documenti commerciali in cinese<\/h2>\n\n\n\n<p>Lascia che il nostro studio di traduzione ti aiuti nei tuoi progetti di crescita a livello internazionale! Abbiamo una lunga e comprovata esperienza nel campo della traduzione commerciale cinese. Ecco alcuni esempi di documenti affidatici dai nostri clienti:<\/p>\n\n\n\n<ul class=\"wp-block-list\"><li>Opuscoli<\/li><li>Libretti<\/li><li>Biglietti da visita<\/li><li>Lanci di prodotti<\/li><li>Campagne<\/li><li>Siti web<\/li><li>Cataloghi<\/li><li>Presentazioni<\/li><li>Pubblicit\u00e0 multimediale<\/li><li>Studi di mercato<\/li><li>Bollettini commerciali<\/li><li>Libri bianchi<\/li><li>Pubblicit\u00e0<\/li><\/ul>\n","protected":false},"excerpt":{"rendered":"<p>La traduzione commerciale dall\u2019italiano al cinese \u00e8 un compito difficile La traduzione commerciale da e verso il cinese costituisce un\u2019importante sfida per qualsiasi azienda che [&#8230;]<\/p>\n<p><a class=\"btn btn-secondary understrap-read-more-link\" href=\"https:\/\/culturesconnection.com\/it\/i-nostri-servizi-di-traduzione-in-cinese\/traduzione-commerciale-cinese\/\">Leggi di pi\u00f9&#8230;<span class=\"screen-reader-text\"> from Traduzione commerciale in cinese<\/span><\/a><\/p>\n","protected":false},"author":29,"featured_media":0,"parent":7657,"menu_order":0,"comment_status":"closed","ping_status":"closed","template":"","meta":{"_acf_changed":false,"_editorskit_title_hidden":false,"_editorskit_reading_time":0,"_editorskit_is_block_options_detached":false,"_editorskit_block_options_position":"{}","footnotes":""},"class_list":["post-7766","page","type-page","status-publish","hentry"],"acf":[],"_links":{"self":[{"href":"https:\/\/culturesconnection.com\/it\/wp-json\/wp\/v2\/pages\/7766","targetHints":{"allow":["GET"]}}],"collection":[{"href":"https:\/\/culturesconnection.com\/it\/wp-json\/wp\/v2\/pages"}],"about":[{"href":"https:\/\/culturesconnection.com\/it\/wp-json\/wp\/v2\/types\/page"}],"author":[{"embeddable":true,"href":"https:\/\/culturesconnection.com\/it\/wp-json\/wp\/v2\/users\/29"}],"replies":[{"embeddable":true,"href":"https:\/\/culturesconnection.com\/it\/wp-json\/wp\/v2\/comments?post=7766"}],"version-history":[{"count":0,"href":"https:\/\/culturesconnection.com\/it\/wp-json\/wp\/v2\/pages\/7766\/revisions"}],"up":[{"embeddable":true,"href":"https:\/\/culturesconnection.com\/it\/wp-json\/wp\/v2\/pages\/7657"}],"wp:attachment":[{"href":"https:\/\/culturesconnection.com\/it\/wp-json\/wp\/v2\/media?parent=7766"}],"curies":[{"name":"wp","href":"https:\/\/api.w.org\/{rel}","templated":true}]}}