{"id":7765,"date":"2017-03-23T16:31:20","date_gmt":"2017-03-23T15:31:20","guid":{"rendered":"http:\/\/culturesconnection.com\/?page_id=7765\/"},"modified":"2022-06-18T20:57:33","modified_gmt":"2022-06-18T18:57:33","slug":"traduzione-tecnica-arabo","status":"publish","type":"page","link":"https:\/\/culturesconnection.com\/it\/servizi-di-traduzione-in-arabo\/traduzione-tecnica-arabo\/","title":{"rendered":"Traduzione Tecnica in Arabo"},"content":{"rendered":"\n<h2 class=\"wp-block-heading\">Traduzione italiano-arabo: l\u2019importanza fondamentale della terminologia<\/h2>\n\n\n\n<p>Scienza e tecnologia sono onnipresenti: per questo al giorno d\u2019oggi \u00e8 impensabile che un\u2019azienda possa affermarsi a livello internazionale senza tradurre i propri documenti tecnici in arabo. Questo campo \u00e8 in continua evoluzione e richiede conoscenze e competenze avanzate dal punto di vista sia linguistico che tecnico. Cultures Connection conosce molto bene le difficolt\u00e0 di queste traduzioni tecniche, per questo le affida ai migliori specialisti sul mercato. I nostri traduttori tecnici da e verso l\u2019arabo coniugano esperienza, conoscenze e certificazioni nei loro settori tecnici di specializzazione. Se vuoi assicurare la credibilit\u00e0 della tua azienda, scegli la qualit\u00e0: scegli la nostra <a href=\"https:\/\/culturesconnection.com\/it\/\">agenzia di traduzione<\/a> tecnica!<\/p>\n\n\n\n<h2 class=\"wp-block-heading\">I nostri servizi di traduzione tecnica<\/h2>\n\n\n\n<p>Tra tutti i suoi <a href=\"https:\/\/culturesconnection.com\/it\/servizi-di-traduzione\/\">servizi di traduzione<\/a>, Cultures Connection \u00e8 orgogliosa di offrirti traduzioni tecniche di qualit\u00e0 senza pari. Sappiamo che i termini utilizzati in questi tipi di testi sono cruciali e che solo un esperto \u00e8 in grado di soddisfare le tue aspettative. Grazie alla nostra vasta rete di professionisti della traduzione tecnica da e verso l\u2019arabo, garantiamo risultati affidabili e veloci. Non preoccuparti di quale sia l\u2019argomento del tuo progetto: che si tratti di elettronica o tecnologia dell\u2019informazione, di tecnologie aerospaziali o solari siamo sempre in grado di aiutarti. Ci occupiamo dei tuoi documenti tecnici e li traduciamo rispettando gli standard della <a href=\"https:\/\/culturesconnection.com\/it\/traduzione-tecnica\/\">traduzione tecnica<\/a>. Ricorda: i documenti verranno letti principalmente da specialisti che nel testo devono trovare termini a loro familiari! Sono in gioco la credibilit\u00e0 e la comprensibilit\u00e0 del tuo documento tecnico.<\/p>\n\n\n\n<h2 class=\"wp-block-heading\">Traduzione in arabo di documenti tecnici<\/h2>\n\n\n\n<p>Ecco un breve elenco di testi tecnici che il nostro studio di traduzione traduce da e verso l\u2019arabo:<\/p>\n\n\n\n<ul class=\"wp-block-list\"><li>Preventivi<\/li><li>Testi di ingegneria<\/li><li>Manuali per macchine utensili (o altri tipi di macchine)<\/li><li>Descrizioni e schede tecniche<\/li><li>Norme e standard<\/li><li>Specifiche tecniche<\/li><li>Brevetti tecnici<\/li><li>Manuali tecnici<\/li><li>Manuali di istruzioni<\/li><li>Guide utente<\/li><\/ul>\n","protected":false},"excerpt":{"rendered":"<p>Traduzione italiano-arabo: l\u2019importanza fondamentale della terminologia Scienza e tecnologia sono onnipresenti: per questo al giorno d\u2019oggi \u00e8 impensabile che un\u2019azienda possa affermarsi a livello internazionale [&#8230;]<\/p>\n<p><a class=\"btn btn-secondary understrap-read-more-link\" href=\"https:\/\/culturesconnection.com\/it\/servizi-di-traduzione-in-arabo\/traduzione-tecnica-arabo\/\">Leggi di pi\u00f9&#8230;<span class=\"screen-reader-text\"> from Traduzione Tecnica in Arabo<\/span><\/a><\/p>\n","protected":false},"author":26,"featured_media":0,"parent":7655,"menu_order":0,"comment_status":"closed","ping_status":"closed","template":"","meta":{"_acf_changed":false,"_editorskit_title_hidden":false,"_editorskit_reading_time":0,"_editorskit_is_block_options_detached":false,"_editorskit_block_options_position":"{}","footnotes":""},"class_list":["post-7765","page","type-page","status-publish","hentry"],"acf":[],"_links":{"self":[{"href":"https:\/\/culturesconnection.com\/it\/wp-json\/wp\/v2\/pages\/7765","targetHints":{"allow":["GET"]}}],"collection":[{"href":"https:\/\/culturesconnection.com\/it\/wp-json\/wp\/v2\/pages"}],"about":[{"href":"https:\/\/culturesconnection.com\/it\/wp-json\/wp\/v2\/types\/page"}],"author":[{"embeddable":true,"href":"https:\/\/culturesconnection.com\/it\/wp-json\/wp\/v2\/users\/26"}],"replies":[{"embeddable":true,"href":"https:\/\/culturesconnection.com\/it\/wp-json\/wp\/v2\/comments?post=7765"}],"version-history":[{"count":0,"href":"https:\/\/culturesconnection.com\/it\/wp-json\/wp\/v2\/pages\/7765\/revisions"}],"up":[{"embeddable":true,"href":"https:\/\/culturesconnection.com\/it\/wp-json\/wp\/v2\/pages\/7655"}],"wp:attachment":[{"href":"https:\/\/culturesconnection.com\/it\/wp-json\/wp\/v2\/media?parent=7765"}],"curies":[{"name":"wp","href":"https:\/\/api.w.org\/{rel}","templated":true}]}}