{"id":7764,"date":"2017-03-23T16:35:43","date_gmt":"2017-03-23T15:35:43","guid":{"rendered":"http:\/\/culturesconnection.com\/?page_id=7764\/"},"modified":"2022-06-22T23:28:05","modified_gmt":"2022-06-22T21:28:05","slug":"traduzione-videogiochi-giapponese","status":"publish","type":"page","link":"https:\/\/culturesconnection.com\/it\/traduzione-in-giapponese\/traduzione-videogiochi-giapponese\/","title":{"rendered":"Traduzione di videogiochi in giapponese"},"content":{"rendered":"\n<h2 class=\"wp-block-heading\">Traduzione di videogiochi in giapponese<\/h2>\n\n\n\n<p>Al fine di ottimizzare l&#8217;esperienza dei tuoi giocatori provenienti da altri mercati, perch\u00e9 non fare tradurre i tuoi videogiochi? Il termine &#8220;traduzione&#8221; in realt\u00e0 non \u00e8 il pi\u00f9 adatto, perch\u00e9 questo tipo di lavoro va oltre la semplice trasposizione da una lingua all\u2019altra. La dimensione culturale dev\u2019essere adatta al pubblico di destinazione, ci sono restrizioni per il testo visualizzato sullo schermo e dopo la traduzione dello script, si deve registrarlo. Si tratta di un processo lungo e <a href=\"https:\/\/culturesconnection.com\/it\/\">Cultures Connection<\/a>&nbsp;assegna questo compito ai suoi migliori localizzatori.<\/p>\n\n\n\n<h2 class=\"wp-block-heading\">La nostra azienda di traduzione<\/h2>\n\n\n\n<p>In Giappone la cultura dei videogiochi \u00e8 molto diffusa e la maggior parte dei giochi sono tradotti dal giapponese in un\u2019altra lingua. La concorrenza \u00e8 serrata e nessun dettaglio deve essere lasciato al caso quando si localizzano videogiochi in giapponese. I nostri <a href=\"https:\/\/culturesconnection.com\/it\/servizi-di-traduzione\/\">servizi di traduzione<\/a> includono una specializzazione in questo settore e lavoriamo con traduttori di videogiochi che sono appassionati di quello che fanno. In pratica, questi localizzatori sono gamer assidui e sono quindi nella posizione migliore per portare a termine i tuoi progetti. Nel loro lavoro sono assistiti dal project manager e dai tester. Al termine, viene eseguito un controllo di qualit\u00e0. Pertanto, i tuoi progetti di <a href=\"https:\/\/culturesconnection.com\/it\/traduzione-localizzazione-videogiochi\/\">localizzazione di videogiochi<\/a> sono in buone mani con Cultures Connection.<\/p>\n\n\n\n<h2 class=\"wp-block-heading\">La localizzazione dei tuoi videogiochi da e in Giapponese<\/h2>\n\n\n\n<p>Ecco i diversi tipi di servizi di localizzazione di videogiochi offerti da Cultures Connection:<\/p>\n\n\n\n<ul class=\"wp-block-list\"><li>Traduzione di videogiochi<\/li><li>Localizzazione di videogiochi<\/li><li>Gestione progetti<\/li><li>Sottotitoli<\/li><li>Registrazione e doppiaggio<\/li><li>Controllo qualit\u00e0<\/li><\/ul>\n","protected":false},"excerpt":{"rendered":"<p>Traduzione di videogiochi in giapponese Al fine di ottimizzare l&#8217;esperienza dei tuoi giocatori provenienti da altri mercati, perch\u00e9 non fare tradurre i tuoi videogiochi? Il [&#8230;]<\/p>\n<p><a class=\"btn btn-secondary understrap-read-more-link\" href=\"https:\/\/culturesconnection.com\/it\/traduzione-in-giapponese\/traduzione-videogiochi-giapponese\/\">Leggi di pi\u00f9&#8230;<span class=\"screen-reader-text\"> from Traduzione di videogiochi in giapponese<\/span><\/a><\/p>\n","protected":false},"author":29,"featured_media":0,"parent":7658,"menu_order":0,"comment_status":"closed","ping_status":"closed","template":"","meta":{"_acf_changed":false,"_editorskit_title_hidden":false,"_editorskit_reading_time":0,"_editorskit_is_block_options_detached":false,"_editorskit_block_options_position":"{}","footnotes":""},"class_list":["post-7764","page","type-page","status-publish","hentry"],"acf":[],"_links":{"self":[{"href":"https:\/\/culturesconnection.com\/it\/wp-json\/wp\/v2\/pages\/7764","targetHints":{"allow":["GET"]}}],"collection":[{"href":"https:\/\/culturesconnection.com\/it\/wp-json\/wp\/v2\/pages"}],"about":[{"href":"https:\/\/culturesconnection.com\/it\/wp-json\/wp\/v2\/types\/page"}],"author":[{"embeddable":true,"href":"https:\/\/culturesconnection.com\/it\/wp-json\/wp\/v2\/users\/29"}],"replies":[{"embeddable":true,"href":"https:\/\/culturesconnection.com\/it\/wp-json\/wp\/v2\/comments?post=7764"}],"version-history":[{"count":0,"href":"https:\/\/culturesconnection.com\/it\/wp-json\/wp\/v2\/pages\/7764\/revisions"}],"up":[{"embeddable":true,"href":"https:\/\/culturesconnection.com\/it\/wp-json\/wp\/v2\/pages\/7658"}],"wp:attachment":[{"href":"https:\/\/culturesconnection.com\/it\/wp-json\/wp\/v2\/media?parent=7764"}],"curies":[{"name":"wp","href":"https:\/\/api.w.org\/{rel}","templated":true}]}}