{"id":7690,"date":"2017-01-17T19:01:51","date_gmt":"2017-01-17T18:01:51","guid":{"rendered":"http:\/\/culturesconnection.com\/servizi-di-traduzione-finanziaria-in-portoghese\/"},"modified":"2022-06-21T01:29:19","modified_gmt":"2022-06-20T23:29:19","slug":"traduzione-finanziaria-portoghese","status":"publish","type":"page","link":"https:\/\/culturesconnection.com\/it\/traduzione-portoghese\/traduzione-finanziaria-portoghese\/","title":{"rendered":"Traduzione finanziaria in portoghese"},"content":{"rendered":"\n<h2 class=\"wp-block-heading\">Lavori eseguiti da specialisti della traduzione finanziaria italiano portoghese<\/h2>\n\n\n\n<p>La traduzione finanziaria \u00e8 un compito complicato e tecnico che richiede competenze terminologiche e conoscenza dei concetti legati al settore finanziario. In questo settore, il traduttore deve essere competente, esperto, preciso e rigoroso. Il traduttore non pu\u00f2 permettersi di fare errori perch\u00e9 possono portare a incomprensioni per il lettore. Per evitare questa situazione frustrante, la nostra <a href=\"https:\/\/culturesconnection.com\/it\/\">agenzia di traduzione<\/a> ti offre i servizi di traduttori professionisti specializzati nella traduzione finanziaria in portoghese, selezionati sulla base della loro esperienza, dei titoli universitari e delle qualifiche. Tutti hanno diversi anni di esperienza nel mondo della traduzione finanziaria e parlano perfettamente italiano e portoghese.<\/p>\n\n\n\n<h2 class=\"wp-block-heading\">Sei alla ricerca di un\u2019agenzia di traduzione finanziaria?<\/h2>\n\n\n\n<p>Scegliere la nostra agenzia di traduzione per le traduzioni finanziarie in portoghese, vuol dire optare per affidabilit\u00e0, qualit\u00e0 e tempestivit\u00e0. Cultures Connection ha molti anni di esperienza nel settore e offre ottimi <a href=\"https:\/\/culturesconnection.com\/it\/servizi-di-traduzione\/\">servizi di traduzione<\/a>. Tutti i progetti sono affidati a traduttori esperti e revisori che possono soddisfare le tue esigenze al miglior prezzo sul mercato. Hanno una conoscenza estremamente dettagliata delle loro specialit\u00e0 e sono allineati con i valori a cui si ispira la nostra agenzia di traduzione.<\/p>\n\n\n\n<h2 class=\"wp-block-heading\">I tuoi documenti finanziari in portoghese<\/h2>\n\n\n\n<p>Ecco alcuni esempi di <a href=\"https:\/\/culturesconnection.com\/it\/traduzione-finanziaria\/\">documenti finanziari<\/a> che traduciamo da e verso il portoghese:<\/p>\n\n\n\n<ul class=\"wp-block-list\"><li>Documenti contenenti le informazioni chiave per gli investitori (KIID)<\/li><li>D\u00e9pliant<\/li><li>Rapporti di fondi di investimento<\/li><li>Relazioni di attivit\u00e0<\/li><li>Bilanci<\/li><li>Borsa valori<\/li><li>Documenti bancari<\/li><li>Documenti di informazione finanziaria<\/li><li>Documenti di indagine<\/li><li>Documenti di gestione del rischio e del risparmio<\/li><li>Relazioni di audit<\/li><li>Testi riguardanti fusioni e acquisizioni<\/li><\/ul>\n","protected":false},"excerpt":{"rendered":"<p>Lavori eseguiti da specialisti della traduzione finanziaria italiano portoghese La traduzione finanziaria \u00e8 un compito complicato e tecnico che richiede competenze terminologiche e conoscenza dei [&#8230;]<\/p>\n<p><a class=\"btn btn-secondary understrap-read-more-link\" href=\"https:\/\/culturesconnection.com\/it\/traduzione-portoghese\/traduzione-finanziaria-portoghese\/\">Leggi di pi\u00f9&#8230;<span class=\"screen-reader-text\"> from Traduzione finanziaria in portoghese<\/span><\/a><\/p>\n","protected":false},"author":29,"featured_media":0,"parent":7821,"menu_order":0,"comment_status":"closed","ping_status":"closed","template":"","meta":{"_acf_changed":false,"_editorskit_title_hidden":false,"_editorskit_reading_time":0,"_editorskit_is_block_options_detached":false,"_editorskit_block_options_position":"{}","footnotes":""},"class_list":["post-7690","page","type-page","status-publish","hentry"],"acf":[],"_links":{"self":[{"href":"https:\/\/culturesconnection.com\/it\/wp-json\/wp\/v2\/pages\/7690","targetHints":{"allow":["GET"]}}],"collection":[{"href":"https:\/\/culturesconnection.com\/it\/wp-json\/wp\/v2\/pages"}],"about":[{"href":"https:\/\/culturesconnection.com\/it\/wp-json\/wp\/v2\/types\/page"}],"author":[{"embeddable":true,"href":"https:\/\/culturesconnection.com\/it\/wp-json\/wp\/v2\/users\/29"}],"replies":[{"embeddable":true,"href":"https:\/\/culturesconnection.com\/it\/wp-json\/wp\/v2\/comments?post=7690"}],"version-history":[{"count":0,"href":"https:\/\/culturesconnection.com\/it\/wp-json\/wp\/v2\/pages\/7690\/revisions"}],"up":[{"embeddable":true,"href":"https:\/\/culturesconnection.com\/it\/wp-json\/wp\/v2\/pages\/7821"}],"wp:attachment":[{"href":"https:\/\/culturesconnection.com\/it\/wp-json\/wp\/v2\/media?parent=7690"}],"curies":[{"name":"wp","href":"https:\/\/api.w.org\/{rel}","templated":true}]}}