{"id":7676,"date":"2017-01-17T19:01:28","date_gmt":"2017-01-17T18:01:28","guid":{"rendered":"http:\/\/culturesconnection.com\/i-nostri-servizi-di-traduzione-di-documenti-commerciali-in-arabo\/"},"modified":"2022-06-21T22:30:15","modified_gmt":"2022-06-21T20:30:15","slug":"traduzione-di-documenti-commerciali-in-arabo","status":"publish","type":"page","link":"https:\/\/culturesconnection.com\/it\/servizi-di-traduzione-in-arabo\/traduzione-di-documenti-commerciali-in-arabo\/","title":{"rendered":"Traduzione commerciale in arabo"},"content":{"rendered":"\n<h2 class=\"wp-block-heading\">Con la traduzione dei documenti commerciali dall\u2019italiano all\u2019arabo garantirai il successo della tua espansione nei mercati esteri.<\/h2>\n\n\n\n<p>Al giorno d&#8217;oggi, il commercio \u00e8 diventato sempre pi\u00f9 globale. \u00c8 quindi vitale superare le barriere linguistiche e garantire una comunicazione semplificata tra i paesi. Devi inviare documenti commerciali ad alcuni partner arabi? Non tergiversare, affidali ai nostri professionisti di traduzione commerciale in arabo. \u00c8 in gioco la reputazione e la credibilit\u00e0 della tua azienda.<\/p>\n\n\n\n<h2 class=\"wp-block-heading\">La nostra agenzia di traduzioni in ambito commerciale<\/h2>\n\n\n\n<p><a href=\"https:\/\/culturesconnection.com\/it\/\">Cultures Connection<\/a> offre i servizi professionali grazie a una vasta rete di traduttori di arabo in campo commerciale. I nostri traduttori italiano-arabo sono tutti selezionati sulla base della loro esperienza, qualifiche e competenze. Devono sottoporsi a una serie di prove di traduzione per valutarne le conoscenze e offrire cos\u00ec ai nostri clienti <a href=\"https:\/\/culturesconnection.com\/it\/servizi-di-traduzione\/\">servizi di traduzione<\/a> affidabili. La traduzione dei tuoi <a href=\"https:\/\/culturesconnection.com\/it\/servizi-di-traduzione-commerciale\/\">documenti commerciali<\/a> ti permetter\u00e0 di conquistare pi\u00f9 facilmente la fiducia dei tuoi partner commerciali arabi, il che rappresenta un considerevole vantaggio sulla concorrenza.<\/p>\n\n\n\n<h2 class=\"wp-block-heading\">Traduzione in arabo di documenti commerciali<\/h2>\n\n\n\n<p>La nostra agenzia traduce molti tipi di documenti commerciali da e in arabo. Di seguito \u00e8 riportato un elenco di tipi di testi che traduciamo frequentemente:<\/p>\n\n\n\n<ul class=\"wp-block-list\"><li>Opuscoli<\/li><li>Libretti<\/li><li>Biglietti da visita<\/li><li>Lanci di prodotti<\/li><li>Campagne<\/li><li>Siti web<\/li><li>Cataloghi<\/li><li>Presentazioni<\/li><li>Pubblicit\u00e0 multimediale<\/li><li>Studi di mercato<\/li><li>Bollettini commerciali<\/li><li>White paper<\/li><li>Pubblicit\u00e0<\/li><\/ul>\n","protected":false},"excerpt":{"rendered":"<p>Con la traduzione dei documenti commerciali dall\u2019italiano all\u2019arabo garantirai il successo della tua espansione nei mercati esteri. Al giorno d&#8217;oggi, il commercio \u00e8 diventato sempre [&#8230;]<\/p>\n<p><a class=\"btn btn-secondary understrap-read-more-link\" href=\"https:\/\/culturesconnection.com\/it\/servizi-di-traduzione-in-arabo\/traduzione-di-documenti-commerciali-in-arabo\/\">Leggi di pi\u00f9&#8230;<span class=\"screen-reader-text\"> from Traduzione commerciale in arabo<\/span><\/a><\/p>\n","protected":false},"author":29,"featured_media":0,"parent":7655,"menu_order":0,"comment_status":"closed","ping_status":"closed","template":"","meta":{"_acf_changed":false,"_editorskit_title_hidden":false,"_editorskit_reading_time":0,"_editorskit_is_block_options_detached":false,"_editorskit_block_options_position":"{}","footnotes":""},"class_list":["post-7676","page","type-page","status-publish","hentry"],"acf":[],"_links":{"self":[{"href":"https:\/\/culturesconnection.com\/it\/wp-json\/wp\/v2\/pages\/7676","targetHints":{"allow":["GET"]}}],"collection":[{"href":"https:\/\/culturesconnection.com\/it\/wp-json\/wp\/v2\/pages"}],"about":[{"href":"https:\/\/culturesconnection.com\/it\/wp-json\/wp\/v2\/types\/page"}],"author":[{"embeddable":true,"href":"https:\/\/culturesconnection.com\/it\/wp-json\/wp\/v2\/users\/29"}],"replies":[{"embeddable":true,"href":"https:\/\/culturesconnection.com\/it\/wp-json\/wp\/v2\/comments?post=7676"}],"version-history":[{"count":0,"href":"https:\/\/culturesconnection.com\/it\/wp-json\/wp\/v2\/pages\/7676\/revisions"}],"up":[{"embeddable":true,"href":"https:\/\/culturesconnection.com\/it\/wp-json\/wp\/v2\/pages\/7655"}],"wp:attachment":[{"href":"https:\/\/culturesconnection.com\/it\/wp-json\/wp\/v2\/media?parent=7676"}],"curies":[{"name":"wp","href":"https:\/\/api.w.org\/{rel}","templated":true}]}}