{"id":7662,"date":"2017-01-10T19:53:47","date_gmt":"2017-01-10T18:53:47","guid":{"rendered":"http:\/\/culturesconnection.com\/servizi-di-traduzione-di-videogiochi-in-spagnolo\/"},"modified":"2022-06-22T21:59:35","modified_gmt":"2022-06-22T19:59:35","slug":"traduzione-videogiochi-spagnolo","status":"publish","type":"page","link":"https:\/\/culturesconnection.com\/it\/servizi-di-traduzione-in-spagnolo\/traduzione-videogiochi-spagnolo\/","title":{"rendered":"Traduzione di videogiochi in spagnolo"},"content":{"rendered":"\n<h2 class=\"wp-block-heading\">Traduzione di videogiochi: la stessa esperienza per tutti<\/h2>\n\n\n\n<p>Per evitare che il tuo videogioco rimanga confinato al mercato locale e per far s\u00ec che possa essere distribuito in tutto il mondo, <a href=\"https:\/\/culturesconnection.com\/it\/\">Cultures Connection<\/a> ti propone di localizzarlo. Ci riferiamo alla localizzazione del videogioco e non a una semplice traduzione perch\u00e9 si tratta di un processo pi\u00f9 complesso. Oltre la traduzione vi \u00e8 un intero processo di adattamento dei contenuti alla specificit\u00e0 culturale del mercato target. Non \u00e8 solo lo script, anche l\u2019interfaccia deve essere tradotta cos\u00ec come i materiali necessari per la distribuzione del videogioco.<\/p>\n\n\n\n<h2 class=\"wp-block-heading\">La localizzazione in spagnolo dei tuoi videogiochi<\/h2>\n\n\n\n<p>Pi\u00f9 che un lavoro, per i nostri traduttori di videogiochi \u00e8 una passione. Sono gamer entusiasti che lavorano con passione per fornire traduzioni di qualit\u00e0 in grado di soddisfare le tue esigenze. Cultures Connection \u00e8 orgogliosa di lavorare solo con specialisti di questo settore. I nostri traduttori nelle combinazioni spagnolo-inglese e inglese-spagnolo sono tutti qualificati e vantano una notevole esperienza. Per ottenere risultati ottimali lavorano congiuntamente con i tester. Al termine del processo di localizzazione viene realizzato anche un controllo di qualit\u00e0. Affidandoti ai nostri <a href=\"https:\/\/culturesconnection.com\/it\/servizi-di-traduzione\/\">servizi di traduzione<\/a>, offri la stessa esperienza di gioco a tutti i gamer, ovunque si trovino: Spagna, Inghilterra o Stati Uniti.<\/p>\n\n\n\n<h2 class=\"wp-block-heading\">I nostri servizi di traduzione di videogiochi in spagnolo<\/h2>\n\n\n\n<p>Cultures Connection offre <a href=\"https:\/\/culturesconnection.com\/it\/traduzione-localizzazione-videogiochi\/\">servizi di traduzione e localizzazione di videogiochi<\/a>, tra cui:<\/p>\n\n\n\n<ul class=\"wp-block-list\"><li>Traduzione di videogiochi<\/li><li>Localizzazione di videogiochi<\/li><li>Gestione progetti<\/li><li>Sottotitoli<\/li><li>Registrazione e doppiaggio<\/li><li>Controllo qualit\u00e0<\/li><\/ul>\n","protected":false},"excerpt":{"rendered":"<p>Traduzione di videogiochi: la stessa esperienza per tutti Per evitare che il tuo videogioco rimanga confinato al mercato locale e per far s\u00ec che possa [&#8230;]<\/p>\n<p><a class=\"btn btn-secondary understrap-read-more-link\" href=\"https:\/\/culturesconnection.com\/it\/servizi-di-traduzione-in-spagnolo\/traduzione-videogiochi-spagnolo\/\">Leggi di pi\u00f9&#8230;<span class=\"screen-reader-text\"> from Traduzione di videogiochi in spagnolo<\/span><\/a><\/p>\n","protected":false},"author":29,"featured_media":0,"parent":7660,"menu_order":0,"comment_status":"closed","ping_status":"closed","template":"","meta":{"_acf_changed":false,"_editorskit_title_hidden":false,"_editorskit_reading_time":0,"_editorskit_is_block_options_detached":false,"_editorskit_block_options_position":"{}","footnotes":""},"class_list":["post-7662","page","type-page","status-publish","hentry"],"acf":[],"_links":{"self":[{"href":"https:\/\/culturesconnection.com\/it\/wp-json\/wp\/v2\/pages\/7662","targetHints":{"allow":["GET"]}}],"collection":[{"href":"https:\/\/culturesconnection.com\/it\/wp-json\/wp\/v2\/pages"}],"about":[{"href":"https:\/\/culturesconnection.com\/it\/wp-json\/wp\/v2\/types\/page"}],"author":[{"embeddable":true,"href":"https:\/\/culturesconnection.com\/it\/wp-json\/wp\/v2\/users\/29"}],"replies":[{"embeddable":true,"href":"https:\/\/culturesconnection.com\/it\/wp-json\/wp\/v2\/comments?post=7662"}],"version-history":[{"count":0,"href":"https:\/\/culturesconnection.com\/it\/wp-json\/wp\/v2\/pages\/7662\/revisions"}],"up":[{"embeddable":true,"href":"https:\/\/culturesconnection.com\/it\/wp-json\/wp\/v2\/pages\/7660"}],"wp:attachment":[{"href":"https:\/\/culturesconnection.com\/it\/wp-json\/wp\/v2\/media?parent=7662"}],"curies":[{"name":"wp","href":"https:\/\/api.w.org\/{rel}","templated":true}]}}