{"id":7659,"date":"2017-01-10T19:46:45","date_gmt":"2017-01-10T18:46:45","guid":{"rendered":"http:\/\/culturesconnection.com\/i-nostri-servizi-di-traduzione-di-siti-web-in-giapponese\/"},"modified":"2022-06-22T20:04:09","modified_gmt":"2022-06-22T18:04:09","slug":"traduzione-di-siti-web-in-giapponese","status":"publish","type":"page","link":"https:\/\/culturesconnection.com\/it\/traduzione-in-giapponese\/traduzione-di-siti-web-in-giapponese\/","title":{"rendered":"Traduzione di siti web in giapponese"},"content":{"rendered":"\n<h2 class=\"wp-block-heading\">Servizi professionali di traduzione in giapponese di siti web<\/h2>\n\n\n\n<p>Grazie alla globalizzazione, i mercati esteri sono ormai facili da raggiungere. A <a href=\"https:\/\/culturesconnection.com\/it\/\">Cultures Connection<\/a>, sappiamo che Internet non ha confini e offre molte opportunit\u00e0 per la crescita del tuo business. Un prodotto presentato nella lingua del paese del consumatore ha un impatto maggiore. \u00c8 pertanto indispensabile utilizzare un <a href=\"https:\/\/culturesconnection.com\/it\/servizi-di-traduzione\/\">servizio di traduzione<\/a> delle pagine web. Tuttavia, per non screditare la tua azienda, \u00e8 necessario farlo correttamente. Le differenze tra il Giappone e l&#8217;Italia o la Svizzera non riguardano solo la lingua ma sono anche culturali. E questo \u00e8 un fattore che non pu\u00f2 essere trascurato durante il processo di <a href=\"https:\/\/culturesconnection.com\/it\/traduzione-siti-web\/\">traduzione di siti web<\/a>&nbsp;in giapponese.<\/p>\n\n\n\n<h2 class=\"wp-block-heading\">Conquista il mercato giapponese con il nostro studio di traduzione<\/h2>\n\n\n\n<p>I nostri traduttori di giapponese-italiano e di italiano-giapponese provengono da una di queste culture e hanno familiarit\u00e0 con l&#8217;altra. Possono pertanto fornirti una traduzione di una qualit\u00e0 tale da non generare equivoci a causa delle differenze culturali. Oltre al contenuto testuale, i nostri traduttori di siti web sono assistiti da grafici che lavorano sull&#8217;aspetto visivo delle tue pagine. A volte \u00e8 anche preferibile cambiare la grafica perch\u00e9 i colori non sono percepiti nello stesso modo in tutti i paesi. In Giappone, per esempio, il bianco \u00e8 associato al lutto. Se desideri mostrare ai tuoi clienti un sito web di qualit\u00e0, Cultures Connection \u00e8 l&#8217;agenzia di traduzione che fa per te!<\/p>\n\n\n\n<h2 class=\"wp-block-heading\">Servizi di traduzione di siti web in giapponese<\/h2>\n\n\n\n<p>I servizi offerti dalla nostra azienda di traduzione coprono una vasta gamma di web media. Ecco alcuni esempi:<\/p>\n\n\n\n<ul class=\"wp-block-list\"><li>Contenuti web<\/li><li>Siti e-commerce<\/li><li>App per dispositivi mobili<\/li><li>Piattaforme di trading<\/li><li>Schede prodotto<\/li><\/ul>\n","protected":false},"excerpt":{"rendered":"<p>Servizi professionali di traduzione in giapponese di siti web Grazie alla globalizzazione, i mercati esteri sono ormai facili da raggiungere. A Cultures Connection, sappiamo che [&#8230;]<\/p>\n<p><a class=\"btn btn-secondary understrap-read-more-link\" href=\"https:\/\/culturesconnection.com\/it\/traduzione-in-giapponese\/traduzione-di-siti-web-in-giapponese\/\">Leggi di pi\u00f9&#8230;<span class=\"screen-reader-text\"> from Traduzione di siti web in giapponese<\/span><\/a><\/p>\n","protected":false},"author":29,"featured_media":0,"parent":7658,"menu_order":0,"comment_status":"closed","ping_status":"closed","template":"","meta":{"_acf_changed":false,"_editorskit_title_hidden":false,"_editorskit_reading_time":0,"_editorskit_is_block_options_detached":false,"_editorskit_block_options_position":"{}","footnotes":""},"class_list":["post-7659","page","type-page","status-publish","hentry"],"acf":[],"_links":{"self":[{"href":"https:\/\/culturesconnection.com\/it\/wp-json\/wp\/v2\/pages\/7659","targetHints":{"allow":["GET"]}}],"collection":[{"href":"https:\/\/culturesconnection.com\/it\/wp-json\/wp\/v2\/pages"}],"about":[{"href":"https:\/\/culturesconnection.com\/it\/wp-json\/wp\/v2\/types\/page"}],"author":[{"embeddable":true,"href":"https:\/\/culturesconnection.com\/it\/wp-json\/wp\/v2\/users\/29"}],"replies":[{"embeddable":true,"href":"https:\/\/culturesconnection.com\/it\/wp-json\/wp\/v2\/comments?post=7659"}],"version-history":[{"count":0,"href":"https:\/\/culturesconnection.com\/it\/wp-json\/wp\/v2\/pages\/7659\/revisions"}],"up":[{"embeddable":true,"href":"https:\/\/culturesconnection.com\/it\/wp-json\/wp\/v2\/pages\/7658"}],"wp:attachment":[{"href":"https:\/\/culturesconnection.com\/it\/wp-json\/wp\/v2\/media?parent=7659"}],"curies":[{"name":"wp","href":"https:\/\/api.w.org\/{rel}","templated":true}]}}