{"id":7591,"date":"2016-12-19T21:37:24","date_gmt":"2016-12-19T19:37:24","guid":{"rendered":"http:\/\/culturesconnection.com\/i-nostri-servizi-di-interpretariato-di-trattativa\/"},"modified":"2022-06-08T21:48:37","modified_gmt":"2022-06-08T19:48:37","slug":"i-nostri-servizi-di-interpretariato-di-trattativa","status":"publish","type":"page","link":"https:\/\/culturesconnection.com\/it\/i-nostri-servizi-di-interpretariato-di-trattativa\/","title":{"rendered":"I nostri Servizi di Interpretariato di Trattativa"},"content":{"rendered":"\n<h2 class=\"wp-block-heading\">Servizi di interpretariato di trattativa<\/h2>\n\n\n\n<p>Ad un evento multilingue, sia esso una visita aziendale, trattative commerciali, incontri di lavoro ecc, in cui un piccolo gruppo di partecipanti deve comunicare tra di loro, un interprete di trattativa fa s\u00ec che il tutto si svolga nel migliore dei modi e senza fraintendimenti. La comunicazione deve fluire in entrambe le direzioni. In altre parole, l&#8217;interprete traduce da una lingua all&#8217;altra e poi viceversa. Il pi\u00f9 delle volte tale interprete lavorer\u00e0 senza note, memorizzando brevi passaggi parlati, riproducendoli nella lingua di destinazione.<\/p>\n\n\n\n<h2 class=\"wp-block-heading\">Interazione diretta tra i partecipanti<\/h2>\n\n\n\n<p><strong>L\u2019interpretazione di trattativa si svolge in contesti informali,<\/strong> il che favorisce l\u2019interazione e permette di creare una comunicazione diretta tra i partecipanti. \u00c8 un metodo semplice e pratico che si concentra sui dialoghi tra le parti interessate. Questo tipo di interpretazione non richiede cabine, n\u00e9 cuffie o microfoni. I partecipanti si siedono intorno a un tavolo e comunicano faccia a faccia e ci\u00f2 contribuisce a creare un clima di fiducia.<\/p>\n\n\n\n<h2 class=\"wp-block-heading\">I servizi di interpretazione di trattativa<\/h2>\n\n\n\n<p><a href=\"https:\/\/culturesconnection.com\/it\/\">Cultures Connection<\/a> mette a tua disposizione una vasta rete di interpreti di trattativa in tutte le lingue. Offriamo <a href=\"https:\/\/culturesconnection.com\/it\/i-nostri-servizi-di-interpretariato\/\">servizi di interpretariato<\/a> in 80 diverse coppie di lingue, tra cui francese, spagnolo, croato, cinese, tedesco, inglese, russo, arabo, portoghese ecc.<\/p>\n\n\n\n<p>Come agenzia di interpretazione, siamo consapevoli dell\u2019importanza di offrire ai nostri clienti servizi pensati appositamente per le loro esigenze e necessit\u00e0. Puoi contare sulla nostra esperienza e professionalit\u00e0 nella scelta degli interpreti pi\u00f9 adatti che porteranno a termine il loro lavoro con successo e in modo soddisfacente. I nostri professionisti sono tenuti a mantenere il segreto professionale e, se necessario, possono anche firmare accordi di riservatezza.<\/p>\n\n\n\n<h2 class=\"wp-block-heading\">Chuchotage<\/h2>\n\n\n\n<p>Il chuchotage o interpretazione simultanea sussurrata \u00e8 l&#8217;interpretazione simultanea che viene sussurrata direttamente nell&#8217;orecchio dei partecipanti. Nel corso della riunione l\u2019interprete \u00e8 seduto o rimane in piedi traducendo per un piccolo gruppo di persone.&nbsp;<strong>L\u2019interpretazione simultanea sussurrata \u00e8 utilizzata in incontri bilaterali<\/strong> o quando poche persone parlano una stessa lingua. Spesso \u00e8 usata anche al posto dell\u2019interpretazione consecutiva per risparmiare tempo, dal momento che l\u2019interprete traduce mentre l\u2019altra persona continua a parlare. Non \u00e8 necessaria alcuna attrezzatura speciale, fatta eccezione per le cuffie nei casi in cui l&#8217;interprete \u00e8 lontano da chi parla e\/o non pu\u00f2 sentire chiaramente.<\/p>\n","protected":false},"excerpt":{"rendered":"<p>Servizi di interpretariato di trattativa Ad un evento multilingue, sia esso una visita aziendale, trattative commerciali, incontri di lavoro ecc, in cui un piccolo gruppo [&#8230;]<\/p>\n<p><a class=\"btn btn-secondary understrap-read-more-link\" href=\"https:\/\/culturesconnection.com\/it\/i-nostri-servizi-di-interpretariato-di-trattativa\/\">Leggi di pi\u00f9&#8230;<span class=\"screen-reader-text\"> from I nostri Servizi di Interpretariato di Trattativa<\/span><\/a><\/p>\n","protected":false},"author":26,"featured_media":26058,"parent":0,"menu_order":0,"comment_status":"closed","ping_status":"closed","template":"","meta":{"_acf_changed":false,"_editorskit_title_hidden":false,"_editorskit_reading_time":0,"_editorskit_is_block_options_detached":false,"_editorskit_block_options_position":"{}","footnotes":""},"class_list":["post-7591","page","type-page","status-publish","has-post-thumbnail","hentry"],"acf":[],"_links":{"self":[{"href":"https:\/\/culturesconnection.com\/it\/wp-json\/wp\/v2\/pages\/7591","targetHints":{"allow":["GET"]}}],"collection":[{"href":"https:\/\/culturesconnection.com\/it\/wp-json\/wp\/v2\/pages"}],"about":[{"href":"https:\/\/culturesconnection.com\/it\/wp-json\/wp\/v2\/types\/page"}],"author":[{"embeddable":true,"href":"https:\/\/culturesconnection.com\/it\/wp-json\/wp\/v2\/users\/26"}],"replies":[{"embeddable":true,"href":"https:\/\/culturesconnection.com\/it\/wp-json\/wp\/v2\/comments?post=7591"}],"version-history":[{"count":0,"href":"https:\/\/culturesconnection.com\/it\/wp-json\/wp\/v2\/pages\/7591\/revisions"}],"wp:featuredmedia":[{"embeddable":true,"href":"https:\/\/culturesconnection.com\/it\/wp-json\/wp\/v2\/media\/26058"}],"wp:attachment":[{"href":"https:\/\/culturesconnection.com\/it\/wp-json\/wp\/v2\/media?parent=7591"}],"curies":[{"name":"wp","href":"https:\/\/api.w.org\/{rel}","templated":true}]}}