{"id":7476,"date":"2016-12-12T21:30:48","date_gmt":"2016-12-12T20:30:48","guid":{"rendered":"http:\/\/culturesconnection.com\/traduzioni-per-organizzazioni-internazionali-istituzioni-internazionali-ed-europee\/"},"modified":"2022-06-06T20:03:00","modified_gmt":"2022-06-06T18:03:00","slug":"traduzioni-organizzazioni-internazionali","status":"publish","type":"page","link":"https:\/\/culturesconnection.com\/it\/traduzioni-organizzazioni-internazionali\/","title":{"rendered":"Traduzioni per Organizzazioni Internazionali, Istituzioni Internazionali ed Europee"},"content":{"rendered":"\n<h2 class=\"wp-block-heading\">Traduzioni per organizzazioni internazionali: Una questione di conoscenza<\/h2>\n\n\n\n<p>Siamo specializzati in traduzioni di documenti e rapporti amministrativi, finanziari e legali associati alle organizzazioni internazionali: Istituzioni finanziarie internazionali (FMI, Banca Mondiale<em>)<\/em>, agenzie delle Nazioni Unite (OMS, Unesco), istituzioni europee, ONG ecc.&nbsp;Ci affidiamo a una rete di traduttori professionisti specializzati in questi campi, ognuno dei quali lavora da anni con organizzazioni internazionali e ne conosce in maniera approfondita le esigenze e le metodologie di lavoro.<\/p>\n\n\n\n<h2 class=\"wp-block-heading\">La qualit\u00e0 \u00e8 quello che pi\u00f9 conta<\/h2>\n\n\n\n<p>Le organizzazioni internazionali sono particolarmente interessate alla qualit\u00e0 delle loro traduzioni. Per questo motivo, la nostra <a href=\"https:\/\/culturesconnection.com\/it\/\">agenzia<\/a> ha creato glossari specifici per ciascuna organizzazione con cui lavora (ad esempio, sulla biodiversit\u00e0), i quali vengono periodicamente aggiornati e corretti.&nbsp;Abbiamo una profonda conoscenza di tutti gli argomenti relativi alle organizzazioni internazionali e possiamo pertanto rispondere rapidamente alle richieste dei nostri clienti e garantire elevati standard qualitativi. Fornire <a href=\"https:\/\/culturesconnection.com\/it\/servizi-di-traduzione\/\">servizi di traduzione<\/a> alle organizzazioni internazionali \u00e8 una sfida in termini di qualit\u00e0 e tempi di consegna, pertanto \u00e8 importante adottare le migliori pratiche possibili; a loro volta, queste pratiche vengono estese al nostro lavoro in altri campi di specializzazione, come le traduzioni finanziarie, legali e scientifiche.<\/p>\n\n\n\n<h2 class=\"wp-block-heading\">Bandi di gara<\/h2>\n\n\n\n<p>I contratti con le organizzazioni internazionali vengono sottoscritti dopo la pubblicazione di un bando di gara e la presentazione delle domande. La concorrenza \u00e8 agguerrita perch\u00e9 molte agenzie ambiscono a questi contratti. Partecipare a questi bandi di gara rappresenta una sfida per la qualit\u00e0 dei nostri processi, del nostro team della nostra affidabilit\u00e0. Dal 2007 la nostra agenzia di traduzione lavora per diverse agenzie delle Nazioni Unite, dimostrando la sua capacit\u00e0 di fornire servizi di alta qualit\u00e0.<\/p>\n","protected":false},"excerpt":{"rendered":"<p>Traduzioni per organizzazioni internazionali: Una questione di conoscenza Siamo specializzati in traduzioni di documenti e rapporti amministrativi, finanziari e legali associati alle organizzazioni internazionali: Istituzioni [&#8230;]<\/p>\n<p><a class=\"btn btn-secondary understrap-read-more-link\" href=\"https:\/\/culturesconnection.com\/it\/traduzioni-organizzazioni-internazionali\/\">Leggi di pi\u00f9&#8230;<span class=\"screen-reader-text\"> from Traduzioni per Organizzazioni Internazionali, Istituzioni Internazionali ed Europee<\/span><\/a><\/p>\n","protected":false},"author":2,"featured_media":8865,"parent":0,"menu_order":0,"comment_status":"closed","ping_status":"closed","template":"","meta":{"_acf_changed":false,"_editorskit_title_hidden":false,"_editorskit_reading_time":0,"_editorskit_is_block_options_detached":false,"_editorskit_block_options_position":"{}","footnotes":""},"class_list":["post-7476","page","type-page","status-publish","has-post-thumbnail","hentry"],"acf":[],"_links":{"self":[{"href":"https:\/\/culturesconnection.com\/it\/wp-json\/wp\/v2\/pages\/7476","targetHints":{"allow":["GET"]}}],"collection":[{"href":"https:\/\/culturesconnection.com\/it\/wp-json\/wp\/v2\/pages"}],"about":[{"href":"https:\/\/culturesconnection.com\/it\/wp-json\/wp\/v2\/types\/page"}],"author":[{"embeddable":true,"href":"https:\/\/culturesconnection.com\/it\/wp-json\/wp\/v2\/users\/2"}],"replies":[{"embeddable":true,"href":"https:\/\/culturesconnection.com\/it\/wp-json\/wp\/v2\/comments?post=7476"}],"version-history":[{"count":0,"href":"https:\/\/culturesconnection.com\/it\/wp-json\/wp\/v2\/pages\/7476\/revisions"}],"wp:featuredmedia":[{"embeddable":true,"href":"https:\/\/culturesconnection.com\/it\/wp-json\/wp\/v2\/media\/8865"}],"wp:attachment":[{"href":"https:\/\/culturesconnection.com\/it\/wp-json\/wp\/v2\/media?parent=7476"}],"curies":[{"name":"wp","href":"https:\/\/api.w.org\/{rel}","templated":true}]}}