{"id":7468,"date":"2016-12-12T21:30:35","date_gmt":"2016-12-12T19:30:35","guid":{"rendered":"http:\/\/culturesconnection.com\/title-pageit\/"},"modified":"2023-08-27T22:49:44","modified_gmt":"2023-08-27T20:49:44","slug":"servizi-di-traduzione","status":"publish","type":"page","link":"https:\/\/culturesconnection.com\/it\/servizi-di-traduzione\/","title":{"rendered":"Servizi di Traduzione | I nostri servizi di traduzione di qualit\u00e0 disponibili in tutte le lingue"},"content":{"rendered":"\n<h2 class=\"wp-block-heading\">Servizi di traduzione professionale<\/h2>\n\n\n\n<p>Cultures Connection accompagna la tua societ\u00e0 nella sua espansione internazionale, offrendo una vasta gamma di servizi di traduzione per soddisfare ogni tua esigenza, dalla <strong>traduzione tecnica<\/strong> alla&nbsp;<strong>traduzione di siti web<\/strong>. Grazie alle nostre sedi di <a href=\"https:\/\/culturesconnection.com\/it\/agenzia-traduzioni-parigi\/\">Parigi<\/a>, <a href=\"https:\/\/culturesconnection.com\/it\/agenzia-di-traduzioni-a-nizza\/\">Nizza<\/a>, <a href=\"https:\/\/culturesconnection.com\/it\/agenzia-di-traduzione-a-buenos-aires\/\">Buenos Aires<\/a> e <a href=\"https:\/\/culturesconnection.com\/it\/agenzia-di-traduzione-a-new-york\/\">New York<\/a>, le possibilit\u00e0 di risposta che abbiamo sono ottimali.<\/p>\n\n\n\n<p>Hai bisogno di una traduzione urgente?&nbsp;Puoi contare su di noi; la nostra agenzia di traduzione \u00e8 a tua disposizione per oltre <strong>18 ore<\/strong> al giorno.<\/p>\n\n\n\n<h2 class=\"wp-block-heading\">Traduzioni di siti web<\/h2>\n\n\n\n<p>Per noi, la qualit\u00e0 \u00e8 una priorit\u00e0. I nostri traduttori sono selezionati in base alle loro qualifiche e alla loro esperienza e sono tenuti a superare una prova di traduzione nei loro settori di competenza prima di lavorare con noi. Tutti i nostri traduttori lavorano con un software di traduzione per tradurre una grande quantit\u00e0 di documenti in modo rapido ed efficiente. Nella nostra <a href=\"https:\/\/culturesconnection.com\/it\/\">agenzia di traduzione<\/a>, ogni progetto \u00e8 seguito da un project manager ed \u00e8 soggetto ad un processo di correzione, revisione e controllo di qualit\u00e0, secondo la formula preferita dal cliente.<\/p>\n\n\n\n<p>Offriamo i nostri servizi di traduzione in quattro pacchetti che sono stati progettati specificamente per soddisfare le tue esigenze:<\/p>\n\n\n\n<p><strong>Basico<\/strong>: Traduzione rapida ed economica adatta per documenti informativi ad uso interno.<br><strong>Standard<\/strong>: Traduzione economica e veloce di grandi volumi di documenti, relazioni o lettere aziendali.<br><strong>Professionale<\/strong>: Ideale per le traduzioni di documenti aziendali e di marketing, in cui la qualit\u00e0 \u00e8 di fondamentale importanza.<br><strong>Premium<\/strong>: Servizi di traduzione e revisione professionali per la traduzione di documenti specializzati (documenti tecnici, finanziari e scientifici) destinati ad un pubblico vasto.<\/p>\n\n\n\n<p>Poich\u00e9 la qualit\u00e0 \u00e8 l&#8217;aspetto pi\u00f9 importante, offriamo servizi di correzione, di revisione e di controllo della qualit\u00e0.<\/p>\n\n\n\n<h2 class=\"wp-block-heading\">Traduzioni&nbsp;specializzate<\/h2>\n\n\n\n<p>Qual \u00e8 la nostra forza? La gestione di progetti di traduzione per attivit\u00e0 e settori che si differenziano molto tra di loro. Grazie alla nostra rete globale in costante crescita, di oltre <strong>740 traduttori professionisti,<\/strong> siamo in grado di accompagnarti nel tuo cammino verso lo sviluppo internazionale. Come societ\u00e0 di traduzione, la nostra missione \u00e8 quella di trovare il traduttore giusto per le tue traduzioni tecniche.<\/p>\n\n\n\n<p>Offriamo i seguenti servizi di traduzione:<\/p>\n\n\n\n<ul class=\"wp-block-list\">\n<li><a href=\"https:\/\/culturesconnection.com\/it\/traduzione-tecnica\/\">Traduzione tecnica<\/a><\/li>\n\n\n\n<li><a href=\"https:\/\/culturesconnection.com\/it\/traduzione-medica\/\">Traduzione medica<\/a><\/li>\n\n\n\n<li><a href=\"https:\/\/culturesconnection.com\/it\/traduzione-legale\/\">Traduzione legale<\/a><\/li>\n\n\n\n<li><a href=\"https:\/\/culturesconnection.com\/it\/traduzione-finanziaria\/\">Traduzione finanziaria<\/a><\/li>\n\n\n\n<li><a href=\"https:\/\/culturesconnection.com\/it\/traduzione-scientifica\/\">Traduzione scientifica<\/a><\/li>\n\n\n\n<li><a href=\"https:\/\/culturesconnection.com\/it\/servizio-sottotitolaggio\/\">Sottotitolazione<\/a><\/li>\n\n\n\n<li><a href=\"https:\/\/culturesconnection.com\/it\/i-nostri-servizi-di-traduzione-commerciale-traduzione-di-documenti-commerciali\/\">Traduzione commerciale<\/a><\/li>\n\n\n\n<li><a href=\"https:\/\/culturesconnection.com\/it\/traduzione-marketing\/\">Traduzione di marketing<\/a><\/li>\n\n\n\n<li><a href=\"https:\/\/culturesconnection.com\/it\/traduzioni-organizzazioni-internazionali\/\">Traduzione per organizzazioni internazionali<\/a><\/li>\n\n\n\n<li><a href=\"https:\/\/culturesconnection.com\/it\/traduzione-di-documenti\/\">Traduzione di documenti<\/a><\/li>\n\n\n\n<li><a href=\"https:\/\/culturesconnection.com\/it\/traduzioni-urgenti\/\">Traduzione urgenti<\/a><\/li>\n\n\n\n<li><a href=\"https:\/\/culturesconnection.com\/it\/traduzione-siti-web\/\">Traduzione e localizzazione di siti web<\/a><\/li>\n\n\n\n<li><a href=\"https:\/\/culturesconnection.com\/it\/traduzione-localizzazione-videogiochi\/\">Traduzione di videogiochi<\/a><\/li>\n<\/ul>\n","protected":false},"excerpt":{"rendered":"<p>Servizi di traduzione professionale Cultures Connection accompagna la tua societ\u00e0 nella sua espansione internazionale, offrendo una vasta gamma di servizi di traduzione per soddisfare ogni [&#8230;]<\/p>\n<p><a class=\"btn btn-secondary understrap-read-more-link\" href=\"https:\/\/culturesconnection.com\/it\/servizi-di-traduzione\/\">Leggi di pi\u00f9&#8230;<span class=\"screen-reader-text\"> from Servizi di Traduzione | I nostri servizi di traduzione di qualit\u00e0 disponibili in tutte le lingue<\/span><\/a><\/p>\n","protected":false},"author":26,"featured_media":19494,"parent":0,"menu_order":0,"comment_status":"closed","ping_status":"closed","template":"","meta":{"_acf_changed":false,"_editorskit_title_hidden":false,"_editorskit_reading_time":0,"_editorskit_is_block_options_detached":false,"_editorskit_block_options_position":"{}","footnotes":""},"class_list":["post-7468","page","type-page","status-publish","has-post-thumbnail","hentry"],"acf":[],"_links":{"self":[{"href":"https:\/\/culturesconnection.com\/it\/wp-json\/wp\/v2\/pages\/7468","targetHints":{"allow":["GET"]}}],"collection":[{"href":"https:\/\/culturesconnection.com\/it\/wp-json\/wp\/v2\/pages"}],"about":[{"href":"https:\/\/culturesconnection.com\/it\/wp-json\/wp\/v2\/types\/page"}],"author":[{"embeddable":true,"href":"https:\/\/culturesconnection.com\/it\/wp-json\/wp\/v2\/users\/26"}],"replies":[{"embeddable":true,"href":"https:\/\/culturesconnection.com\/it\/wp-json\/wp\/v2\/comments?post=7468"}],"version-history":[{"count":0,"href":"https:\/\/culturesconnection.com\/it\/wp-json\/wp\/v2\/pages\/7468\/revisions"}],"wp:featuredmedia":[{"embeddable":true,"href":"https:\/\/culturesconnection.com\/it\/wp-json\/wp\/v2\/media\/19494"}],"wp:attachment":[{"href":"https:\/\/culturesconnection.com\/it\/wp-json\/wp\/v2\/media?parent=7468"}],"curies":[{"name":"wp","href":"https:\/\/api.w.org\/{rel}","templated":true}]}}