{"id":7467,"date":"2016-12-12T21:30:33","date_gmt":"2016-12-12T19:30:33","guid":{"rendered":"http:\/\/culturesconnection.com\/i-nostri-servizi-di-traduzione-e-localizzazione-di-videogiochi\/"},"modified":"2023-09-07T11:39:02","modified_gmt":"2023-09-07T09:39:02","slug":"traduzione-localizzazione-videogiochi","status":"publish","type":"page","link":"https:\/\/culturesconnection.com\/it\/traduzione-localizzazione-videogiochi\/","title":{"rendered":"I nostri Servizi di Traduzione e Localizzazione di Videogiochi"},"content":{"rendered":"\n<h2 class=\"wp-block-heading\">Videogiochi multilingue traduzione e localizzazione<\/h2>\n\n\n\n<p>Oggi siamo orgogliosi di offrire all\u2019utente un&#8217;esperienza senza pari, sia per un giocatore giapponese sia per uno italiano, grazie ai nostri <strong>servizi di localizzazione di videogiochi<\/strong>. Ci sono molte persone che credono erroneamente che tutto questo richieda una semplice traduzione &#8211; ma non c\u2019\u00e8 niente di pi\u00f9 sbagliato! Il processo implica l\u2019adattamento con criterio della lingua e dei riferimenti culturali di un prodotto in un determinato mercato, nel rispetto del significato originario, lunghezza del testo e contesto. Nel mondo dei videogiochi, gli elementi visivi di un&#8217;interfaccia (dialoghi, sottotitoli, menu, indicatori, inventari, istruzioni, ecc.) sono di solito trascritti e ottimizzati insieme ai materiali di comunicazione (crediti, manuale, comunicati stampa&#8230;).<\/p>\n\n\n\n<p>Che si tratti di un gioco d&#8217;azione o qualcosa di pi\u00f9 educativo, localizzare il contenuto di un videogioco \u00e8 senza dubbio un compito accuratamente dettagliato. Il compito di un traduttore di videogiochi comporta la trasmissione in tempo delle informazioni necessarie al giocatore in modo che si possa muovere senza problemi. Tradurre un videogioco aiuta inoltre a diffonderlo in diversi paesi in tutto il mondo.<\/p>\n\n\n\n<h2 class=\"wp-block-heading\">La nostra societ\u00e0 di traduzione<\/h2>\n\n\n\n<p>Grazie alla sua vasta esperienza nel campo della traduzione, interpretariato e sottotitolazione, <a href=\"https:\/\/culturesconnection.com\/it\/\">Cultures Connection<\/a> ha ora ampliato i propri <a href=\"https:\/\/culturesconnection.com\/it\/servizi-di-traduzione\/\">servizi<\/a> con l&#8217;incorporazione della localizzazione dei videogiochi. Con i nostri lunghi orari di apertura e con la nostra presenza in Francia (Parigi e Nizza) e Argentina (Buenos Aires) puoi contare su una rete mondiale di traduttori con un vasto know-how nel campo della traduzione dei videogiochi. Selezioniamo i nostri membri del team in base alle loro qualifiche ed esperienza, oltre al fatto che devono essere anche dei giocatori Tutti loro hanno lavorato con le aziende leader nell\u2019industria dei videogiochi e sono in linea con le ultime tecniche di traduzione utilizzate in questo settore.<\/p>\n\n\n\n<p>Come <strong>agenzia di traduzioni per la localizzazione dei videogiochi<\/strong>, il nostro ruolo \u00e8 quello di stabilire un legame tra i traduttori e gli sviluppatori. Durante tutto il processo, i nostri project manager e tester rispondono alle domande dei traduttori in modo da rendere il loro lavoro pi\u00f9 facile e gli aiutano a rispettare le scadenze di consegna. Una volta che la traduzione del gioco \u00e8 completata, utilizziamo le nostre procedure di controllo della qualit\u00e0 per assicurarci che il testo finale sia in linea con la versione originale.<\/p>\n\n\n\n<h2 class=\"wp-block-heading\">I nostri servizi di traduzione professionale di videogiochi<\/h2>\n\n\n\n<p>Cultures Connection offre la possibilit\u00e0 di ottimizzare l&#8217;esperienza dei videogiocatori. Oltre alla localizzazione e traduzione di videogiochi, forniamo anche i seguenti servizi:<\/p>\n\n\n\n<ul class=\"wp-block-list\">\n<li>Gestione del progetto<\/li>\n\n\n\n<li>Traduzione di videogiochi<\/li>\n\n\n\n<li>Localizzazione di videogiochi<\/li>\n\n\n\n<li>Sottotitolaggio<\/li>\n\n\n\n<li>Registrazione e doppiaggio<\/li>\n\n\n\n<li>QA<\/li>\n<\/ul>\n","protected":false},"excerpt":{"rendered":"<p>Videogiochi multilingue traduzione e localizzazione Oggi siamo orgogliosi di offrire all\u2019utente un&#8217;esperienza senza pari, sia per un giocatore giapponese sia per uno italiano, grazie ai [&#8230;]<\/p>\n<p><a class=\"btn btn-secondary understrap-read-more-link\" href=\"https:\/\/culturesconnection.com\/it\/traduzione-localizzazione-videogiochi\/\">Leggi di pi\u00f9&#8230;<span class=\"screen-reader-text\"> from I nostri Servizi di Traduzione e Localizzazione di Videogiochi<\/span><\/a><\/p>\n","protected":false},"author":26,"featured_media":26026,"parent":0,"menu_order":0,"comment_status":"closed","ping_status":"closed","template":"","meta":{"_acf_changed":false,"_editorskit_title_hidden":false,"_editorskit_reading_time":0,"_editorskit_is_block_options_detached":false,"_editorskit_block_options_position":"{}","footnotes":""},"class_list":["post-7467","page","type-page","status-publish","has-post-thumbnail","hentry"],"acf":[],"_links":{"self":[{"href":"https:\/\/culturesconnection.com\/it\/wp-json\/wp\/v2\/pages\/7467","targetHints":{"allow":["GET"]}}],"collection":[{"href":"https:\/\/culturesconnection.com\/it\/wp-json\/wp\/v2\/pages"}],"about":[{"href":"https:\/\/culturesconnection.com\/it\/wp-json\/wp\/v2\/types\/page"}],"author":[{"embeddable":true,"href":"https:\/\/culturesconnection.com\/it\/wp-json\/wp\/v2\/users\/26"}],"replies":[{"embeddable":true,"href":"https:\/\/culturesconnection.com\/it\/wp-json\/wp\/v2\/comments?post=7467"}],"version-history":[{"count":0,"href":"https:\/\/culturesconnection.com\/it\/wp-json\/wp\/v2\/pages\/7467\/revisions"}],"wp:featuredmedia":[{"embeddable":true,"href":"https:\/\/culturesconnection.com\/it\/wp-json\/wp\/v2\/media\/26026"}],"wp:attachment":[{"href":"https:\/\/culturesconnection.com\/it\/wp-json\/wp\/v2\/media?parent=7467"}],"curies":[{"name":"wp","href":"https:\/\/api.w.org\/{rel}","templated":true}]}}