{"id":7466,"date":"2016-08-08T20:35:50","date_gmt":"2016-08-08T18:35:50","guid":{"rendered":"http:\/\/culturesconnection.com\/i-nostri-servizi-per-traduzioni-urgenti\/"},"modified":"2023-12-24T21:47:46","modified_gmt":"2023-12-24T20:47:46","slug":"traduzioni-urgenti","status":"publish","type":"page","link":"https:\/\/culturesconnection.com\/it\/traduzioni-urgenti\/","title":{"rendered":"I nostri Servizi per Traduzioni Urgenti"},"content":{"rendered":"\n<h2 class=\"wp-block-heading\">Hai bisogno di una traduzione?<\/h2>\n\n\n\n<p>Hai bisogno di una traduzione urgente? Nessun problema, Cultures Connection pu\u00f2 occuparsi del tuo progetto. La nostra <a href=\"https:\/\/culturesconnection.com\/it\/\">agenzia di traduzione<\/a> si impegna a fornire le traduzioni entro i termini concordati. Se hai bisogno di rispettare una scadenza a breve termine, contattaci e troveremo la soluzione. I nostri project manager riuniranno un team di vari traduttori professionisti che si divideranno il lavoro in modo che i tuoi documenti siano tradotti il pi\u00f9 velocemente possibile Tutto il lavoro sar\u00e0 realizzato tramite la nostra piattaforma e il nostro tool di traduzione assistita online per uniformare il testo tradotto.<\/p>\n\n\n\n<h2 class=\"wp-block-heading\">Traduttori professionisti ed esperti<\/h2>\n\n\n\n<p>La nostra rete di collaboratori \u00e8 composta esclusivamente da traduttori specializzati. Li selezioniamo accuratamente in base a qualifiche ed esperienza. Tutti hanno una specializzazione nella quale eccellono, ed \u00e8 per questo che i tuoi progetti saranno sempre in buone mani. Qualunque sia l\u2019argomento dei tuoi contenuti, i nostri project manager troveranno i traduttori professionisti pi\u00f9 competenti e indicati per soddisfare le tue aspettative. I nostri <a href=\"https:\/\/culturesconnection.com\/it\/servizi-di-traduzione\/\">servizi di traduzione<\/a> sono di alta qualit\u00e0.<\/p>\n\n\n\n<h2 class=\"wp-block-heading\">Un\u2019agenzia di traduzione professionale<\/h2>\n\n\n\n<p>Dal 2007, Cultures Connection si \u00e8 fatta un nome nel mondo della traduzione e dell&#8217;interpretazione. Per noi, la qualit\u00e0 \u00e8 sempre la scelta migliore. Consideriamo sempre di fondamentale importanza che i clienti siano soddisfatti del nostro lavoro e dei nostri traduttori. La traduzione rapida non \u00e8 sinonimo di scarsa qualit\u00e0 di traduzione. Puoi contare su di noi, trattiamo ogni progetto con la professionalit\u00e0 e la seriet\u00e0 che merita.<\/p>\n","protected":false},"excerpt":{"rendered":"<p>Hai bisogno di una traduzione? Hai bisogno di una traduzione urgente? Nessun problema, Cultures Connection pu\u00f2 occuparsi del tuo progetto. La nostra agenzia di traduzione [&#8230;]<\/p>\n<p><a class=\"btn btn-secondary understrap-read-more-link\" href=\"https:\/\/culturesconnection.com\/it\/traduzioni-urgenti\/\">Leggi di pi\u00f9&#8230;<span class=\"screen-reader-text\"> from I nostri Servizi per Traduzioni Urgenti<\/span><\/a><\/p>\n","protected":false},"author":33,"featured_media":26107,"parent":0,"menu_order":0,"comment_status":"closed","ping_status":"closed","template":"","meta":{"_acf_changed":false,"_editorskit_title_hidden":false,"_editorskit_reading_time":0,"_editorskit_is_block_options_detached":false,"_editorskit_block_options_position":"{}","footnotes":""},"class_list":["post-7466","page","type-page","status-publish","has-post-thumbnail","hentry"],"acf":[],"_links":{"self":[{"href":"https:\/\/culturesconnection.com\/it\/wp-json\/wp\/v2\/pages\/7466","targetHints":{"allow":["GET"]}}],"collection":[{"href":"https:\/\/culturesconnection.com\/it\/wp-json\/wp\/v2\/pages"}],"about":[{"href":"https:\/\/culturesconnection.com\/it\/wp-json\/wp\/v2\/types\/page"}],"author":[{"embeddable":true,"href":"https:\/\/culturesconnection.com\/it\/wp-json\/wp\/v2\/users\/33"}],"replies":[{"embeddable":true,"href":"https:\/\/culturesconnection.com\/it\/wp-json\/wp\/v2\/comments?post=7466"}],"version-history":[{"count":0,"href":"https:\/\/culturesconnection.com\/it\/wp-json\/wp\/v2\/pages\/7466\/revisions"}],"wp:featuredmedia":[{"embeddable":true,"href":"https:\/\/culturesconnection.com\/it\/wp-json\/wp\/v2\/media\/26107"}],"wp:attachment":[{"href":"https:\/\/culturesconnection.com\/it\/wp-json\/wp\/v2\/media?parent=7466"}],"curies":[{"name":"wp","href":"https:\/\/api.w.org\/{rel}","templated":true}]}}