{"id":7465,"date":"2016-12-12T21:30:30","date_gmt":"2016-12-12T19:30:30","guid":{"rendered":"http:\/\/culturesconnection.com\/title-pageit\/"},"modified":"2023-09-07T14:08:49","modified_gmt":"2023-09-07T12:08:49","slug":"traduzione-tecnica","status":"publish","type":"page","link":"https:\/\/culturesconnection.com\/it\/traduzione-tecnica\/","title":{"rendered":"I nostri Servizi di Traduzione Tecnica"},"content":{"rendered":"\n<h2 class=\"wp-block-heading\">Traduzione Tecnica<\/h2>\n\n\n\n<p>Quando traduci i tuoi documenti tecnici, devi essere sicuro che i clienti capiscano come utilizzare il tuo prodotto.&nbsp;La diffusione della scienza e della tecnologia oggi \u00e8 tale che&nbsp;<strong>la traduzione tecnica \u00e8 diventata un fattore essenziale<\/strong>&nbsp;con il quale le aziende si devono confrontare. Al giorno d\u2019oggi, la traduzione di documenti tecnici (guide utente, istruzioni per l\u2019uso, descrizioni di movimentazione, brevetti, rapporti, istruzioni, ecc.) \u00e8 fondamentale per le aziende, in particolare per quelle che cercano di entrare nei mercati esteri. La difficolt\u00e0 \u00e8 duplice per il traduttore: deve saper tradurre accuratamente i termini tecnici e al tempo stesso adattarli alla cultura locale.<\/p>\n\n\n\n<h2 class=\"wp-block-heading\">I nostri Servizi di Traduzione Tecnica<\/h2>\n\n\n\n<p>Poich\u00e9 la qualit\u00e0 \u00e8 sempre la massima priorit\u00e0,&nbsp;<a href=\"https:\/\/culturesconnection.com\/it\/\">Cultures Connection<\/a>&nbsp;sceglie esperti che uniscono ottime competenze linguistiche con una solida conoscenza di un dato settore.<\/p>\n\n\n\n<p>I nostri&nbsp;<strong>traduttori tecnici<\/strong>&nbsp;sono qualificati in una vasta gamma di discipline tra cui ingegneria, ingegneria meccanica, produzione industriale, software per la grafica, industria automobilistica, aeronautica, industria aerospaziale, industria chimica, industria petrolifera, elettronica, informatica, industria siderurgica, energie rinnovabili, tecnologia solare e sistemi di controllo digitali.<\/p>\n\n\n\n<p>La qualit\u00e0 dei nostri&nbsp;<a href=\"https:\/\/culturesconnection.com\/it\/servizi-di-traduzione\/\">servizi di traduzione<\/a>&nbsp;\u00e8 assicurata dalla selezione di traduttori sulla base delle loro qualifiche ed esperienze professionali. I nostri collaboratori traducono sempre verso la loro lingua madre.<\/p>\n\n\n\n<h2 class=\"wp-block-heading\">Servizi di Traduzione Tecnica<\/h2>\n\n\n\n<p>La precisione \u00e8 imprescindibile perch\u00e9 nella traduzione tecnica il pi\u00f9 piccolo errore pu\u00f2 avere conseguenze gravi. Nel campo della tecnologia \u00e8 essenziale che i documenti tecnici siano chiari e concisi. Anche cos\u00ec, quante volte abbiamo letto istruzioni tecniche per un elettrodomestico senza capire cosa c\u2019era scritto? O, peggio ancora, trovato degli errori di ortografia che mostrano la scarsa qualit\u00e0 del lavoro di traduzione? La traduzione di istruzioni tecniche non si improvvisa!<\/p>\n\n\n\n<p>Infine, \u00e8 importante notare che&nbsp;<strong>la traduzione tecnica richiede una duplice competenza<\/strong>: tecnica e linguistica. Per questa ragione e perch\u00e9 i traduttori devono costantemente accrescere tali competenze, questo tipo di traduzione di solito \u00e8 pi\u00f9 costoso rispetto a testi meno complessi.<\/p>\n\n\n\n<h2 class=\"wp-block-heading\">Traduzione di Documenti Tecnici<\/h2>\n\n\n\n<p>Alcuni tipi di documenti tecnici che spesso traduciamo:<\/p>\n\n\n\n<ul class=\"wp-block-list\">\n<li>Manuali d\u2019uso, di installazione, operatore e manutenzione<\/li>\n\n\n\n<li>Schede di sicurezza dei materiali (SDS)<\/li>\n\n\n\n<li>Procedure operative standard (POS)<\/li>\n\n\n\n<li>Disegni tecnici<\/li>\n\n\n\n<li>Processi<\/li>\n\n\n\n<li>Brevetti<\/li>\n\n\n\n<li>Testi di ingegneria<\/li>\n\n\n\n<li>Manuali per macchine utensili (o altri tipi di macchine)<\/li>\n\n\n\n<li>Descrizioni e schede tecniche<\/li>\n\n\n\n<li>Norme<\/li>\n\n\n\n<li>Brevetti<\/li>\n\n\n\n<li>Specifiche tecniche<\/li>\n\n\n\n<li>Preventivi<\/li>\n\n\n\n<li>Guide utente<\/li>\n\n\n\n<li>Istruzioni tecniche<\/li>\n\n\n\n<li>Libri di formazione<\/li>\n<\/ul>\n\n\n\n<p><strong>Scopri <a href=\"https:\/\/culturesconnection.com\/it\/libri-bianchi-e-brochure\/\" class=\"ek-link\">la brochure<\/a> della nostra agenzia di traduzione!<\/strong><\/p>\n\n\n\n<p><\/p>\n\n\n\n<h2 class=\"wp-block-heading\">Le nostre ultime traduzioni tecniche<\/h2>\n\n\n\n<ul class=\"wp-block-list\">\n<li>Traduzione dal francese all\u2019inglese, documenti interni<\/li>\n\n\n\n<li>Traduzione dal francese all\u2019inglese, manuale operativo per apparecchiature aeronautiche<\/li>\n\n\n\n<li>Traduzione dal francese all\u2019inglese, manuale tecnico<\/li>\n<\/ul>\n\n\n\n<p>&nbsp;<a href=\"https:\/\/culturesconnection.com\/it\/elenco-progetti\/\">Trova altri progetti<\/a><\/p>\n","protected":false},"excerpt":{"rendered":"<p>Traduzione Tecnica Quando traduci i tuoi documenti tecnici, devi essere sicuro che i clienti capiscano come utilizzare il tuo prodotto.&nbsp;La diffusione della scienza e della [&#8230;]<\/p>\n<p><a class=\"btn btn-secondary understrap-read-more-link\" href=\"https:\/\/culturesconnection.com\/it\/traduzione-tecnica\/\">Leggi di pi\u00f9&#8230;<span class=\"screen-reader-text\"> from I nostri Servizi di Traduzione Tecnica<\/span><\/a><\/p>\n","protected":false},"author":2,"featured_media":8755,"parent":0,"menu_order":0,"comment_status":"closed","ping_status":"closed","template":"","meta":{"_acf_changed":false,"_editorskit_title_hidden":false,"_editorskit_reading_time":2,"_editorskit_is_block_options_detached":false,"_editorskit_block_options_position":"{}","footnotes":""},"class_list":["post-7465","page","type-page","status-publish","has-post-thumbnail","hentry"],"acf":[],"_links":{"self":[{"href":"https:\/\/culturesconnection.com\/it\/wp-json\/wp\/v2\/pages\/7465","targetHints":{"allow":["GET"]}}],"collection":[{"href":"https:\/\/culturesconnection.com\/it\/wp-json\/wp\/v2\/pages"}],"about":[{"href":"https:\/\/culturesconnection.com\/it\/wp-json\/wp\/v2\/types\/page"}],"author":[{"embeddable":true,"href":"https:\/\/culturesconnection.com\/it\/wp-json\/wp\/v2\/users\/2"}],"replies":[{"embeddable":true,"href":"https:\/\/culturesconnection.com\/it\/wp-json\/wp\/v2\/comments?post=7465"}],"version-history":[{"count":0,"href":"https:\/\/culturesconnection.com\/it\/wp-json\/wp\/v2\/pages\/7465\/revisions"}],"wp:featuredmedia":[{"embeddable":true,"href":"https:\/\/culturesconnection.com\/it\/wp-json\/wp\/v2\/media\/8755"}],"wp:attachment":[{"href":"https:\/\/culturesconnection.com\/it\/wp-json\/wp\/v2\/media?parent=7465"}],"curies":[{"name":"wp","href":"https:\/\/api.w.org\/{rel}","templated":true}]}}