{"id":7460,"date":"2016-12-12T21:30:21","date_gmt":"2016-12-12T19:30:21","guid":{"rendered":"http:\/\/culturesconnection.com\/i-nostri-servizi-di-interpretariato\/"},"modified":"2022-07-12T10:37:40","modified_gmt":"2022-07-12T08:37:40","slug":"i-nostri-servizi-di-interpretariato","status":"publish","type":"page","link":"https:\/\/culturesconnection.com\/it\/i-nostri-servizi-di-interpretariato\/","title":{"rendered":"I nostri Servizi di Interpretariato"},"content":{"rendered":"\n<h2 class=\"wp-block-heading\">Servizi di interpretariato<\/h2>\n\n\n\n<p>Sia che si tratti di una conferenza, congresso, convegno o incontro di lavoro, quando due partecipanti non parlano la stessa lingua, questo pu\u00f2 diventare rapidamente rompicapo per tutti. Per facilitare la comprensione di tutti i partecipanti, puoi contare sull&#8217;esperienza e la professionalit\u00e0 degli interpreti a <a href=\"https:\/\/culturesconnection.com\/it\/\">Cultures Connection.<\/a><\/p>\n\n\n\n<p>La nostra agenzia di interpretariato dispone di una vasta rete di interpreti, che sono selezionati in base alla loro competenza ed affidabilit\u00e0. Offriamo circa 50 combinazioni linguistiche: Inglese, tedesco, cinese, russo &#8230; Prima di scegliere un presunto collega &#8220;bilingue&#8221; per trasmettere i messaggi in una lingua straniera, ricorda che il successo del tuo incontro dipender\u00e0 in parte dalla qualit\u00e0 del tuo interprete di conferenza. Questa \u00e8 una professione impegnativa senza spazio per l&#8217;improvvisazione.<\/p>\n\n\n\n<p>Forniamo servizi di interpretariato adeguati alle esigenze e necessit\u00e0 dei nostri clienti. Hai bisogno solo di selezionare il tipo di servizio di interpretariato di cui hai bisogno, sia esso consecuto, di trattativa o simultaneo. Offriamo anche il <strong>noleggio di attrezzature per la traduzione <\/strong>(cuffie, microfoni, cabine di interpretazione, ecc) e di un tecnico specializzato per installarli.<\/p>\n\n\n\n<h2 class=\"wp-block-heading\">Consecutiva, di trattativa o interpretazione di conferenza?<\/h2>\n\n\n\n<p>Avete una conferenza a Parigi o Buenos Aires che ha bisogno di un interprete? Un gruppo di industriali indiani vuole visitare i tuoi negozi? Avete un importante incontro con clienti cinesi? A seconda del caso, luogo, tempo a disposizione e numero dei partecipanti, offriamo diversi servizi di interpretariato:<\/p>\n\n\n\n<p><a href=\"https:\/\/culturesconnection.com\/it\/i-nostri-servizi-di-interpretazione-consecutiva\/\"><strong>Traduzione consecutiva<\/strong><\/a>: Quello che l&#8217;oratore dice \u00e8 tradotto dopo che ha finito di parlare.<\/p>\n\n\n\n<p><a href=\"https:\/\/culturesconnection.com\/it\/i-nostri-servizi-di-interpretariato-di-trattativa\/\"><strong>Interpretazione di trattativa<\/strong><\/a>: Con questa tecnica, gli interventi di chi parla sono tradotti a intervalli regolari.<\/p>\n\n\n\n<p><a href=\"https:\/\/culturesconnection.com\/it\/i-nostri-servizi-di-interpretazione-di-conferenza\/\"><strong>Interpretazione di conferenza<\/strong><\/a>: Nota anche come traduzione simultanea. Quello che l&#8217;oratore dice \u00e8 tradotto pochi secondi pi\u00f9 tardi. Questo servizio richiede due professionisti che si alternano durante interpretazione (la commutazione ogni 20 minuti \u00e8 richiesta dalla legge).<\/p>\n\n\n\n<h2 class=\"wp-block-heading\" id=\"anchor\">I nostri servizi di interpretariato<\/h2>\n\n\n\n<p><a href=\"https:\/\/culturesconnection.com\/fr\/liste-de-projets\/\"><\/a> <a href=\"https:\/\/culturesconnection.com\/it\/category\/servizi\/servizi-di-interpretazione\/\">Scopri le nostre ultime attivit\u00e0 di interpretariato<\/a><\/p>\n","protected":false},"excerpt":{"rendered":"<p>Servizi di interpretariato Sia che si tratti di una conferenza, congresso, convegno o incontro di lavoro, quando due partecipanti non parlano la stessa lingua, questo [&#8230;]<\/p>\n<p><a class=\"btn btn-secondary understrap-read-more-link\" href=\"https:\/\/culturesconnection.com\/it\/i-nostri-servizi-di-interpretariato\/\">Leggi di pi\u00f9&#8230;<span class=\"screen-reader-text\"> from I nostri Servizi di Interpretariato<\/span><\/a><\/p>\n","protected":false},"author":26,"featured_media":25910,"parent":0,"menu_order":0,"comment_status":"closed","ping_status":"closed","template":"","meta":{"_acf_changed":false,"_editorskit_title_hidden":false,"_editorskit_reading_time":0,"_editorskit_is_block_options_detached":false,"_editorskit_block_options_position":"{}","footnotes":""},"class_list":["post-7460","page","type-page","status-publish","has-post-thumbnail","hentry"],"acf":[],"_links":{"self":[{"href":"https:\/\/culturesconnection.com\/it\/wp-json\/wp\/v2\/pages\/7460","targetHints":{"allow":["GET"]}}],"collection":[{"href":"https:\/\/culturesconnection.com\/it\/wp-json\/wp\/v2\/pages"}],"about":[{"href":"https:\/\/culturesconnection.com\/it\/wp-json\/wp\/v2\/types\/page"}],"author":[{"embeddable":true,"href":"https:\/\/culturesconnection.com\/it\/wp-json\/wp\/v2\/users\/26"}],"replies":[{"embeddable":true,"href":"https:\/\/culturesconnection.com\/it\/wp-json\/wp\/v2\/comments?post=7460"}],"version-history":[{"count":0,"href":"https:\/\/culturesconnection.com\/it\/wp-json\/wp\/v2\/pages\/7460\/revisions"}],"wp:featuredmedia":[{"embeddable":true,"href":"https:\/\/culturesconnection.com\/it\/wp-json\/wp\/v2\/media\/25910"}],"wp:attachment":[{"href":"https:\/\/culturesconnection.com\/it\/wp-json\/wp\/v2\/media?parent=7460"}],"curies":[{"name":"wp","href":"https:\/\/api.w.org\/{rel}","templated":true}]}}