{"id":7459,"date":"2016-12-12T21:30:19","date_gmt":"2016-12-12T19:30:19","guid":{"rendered":"http:\/\/culturesconnection.com\/i-nostri-servizi-di-traduzione-finanziaria-traduzione-di-documenti-finanziari\/"},"modified":"2023-09-07T13:11:35","modified_gmt":"2023-09-07T11:11:35","slug":"traduzione-finanziaria","status":"publish","type":"page","link":"https:\/\/culturesconnection.com\/it\/traduzione-finanziaria\/","title":{"rendered":"I nostri Servizi di Traduzione Finanziaria"},"content":{"rendered":"\n<h2 class=\"wp-block-heading\">Servizi di traduzione finanziaria:<br>una questione di precisione<\/h2>\n\n\n\n<p>La traduzione finanziaria richiede un\u2019approfondita e accurata conoscenza dell&#8217;argomento che si traduce e una completa padronanza della terminologia. Le competenze dei professionisti sono essenziali per comprendere le complessit\u00e0 insite nei documenti finanziari. Eventuali errori nella traduzione dell&#8217;analisi dei dati finanziari possono trarre in inganno i lettori e in conclusione influenzarne il processo decisionale. La nostra <a href=\"https:\/\/culturesconnection.com\/it\/\">agenzia di traduzione<\/a>, consapevole delle conseguenze, a volte disastrose, che possono derivare da traduzioni imprecise, per i tuoi progetti seleziona traduttori professionisti specializzati in traduzione finanziaria in base al titolo di studio e all\u2019esperienza. Cultures Connection offre un eccellente<a href=\"https:\/\/culturesconnection.com\/it\/servizi-di-traduzione\/\"> servizio di traduzione<\/a> ed \u00e8 una garanzia <strong>di alta qualit\u00e0 nella traduzione finanziaria<\/strong>.<\/p>\n\n\n\n<h2 class=\"wp-block-heading\">Traduzione di documenti finanziari<\/h2>\n\n\n\n<p>Bilanci e altri documenti finanziari, rapporti di fondi, studi di mercato e di rischio\/gestione del risparmio, relazioni di dei revisori, lista dei documenti per la due diligence, fusioni tra imprese\/acquisizioni testi.<\/p>\n\n\n\n<p>I documenti finanziari possono variare notevolmente, e <strong>la specificit\u00e0 della terminologia della finanza pu\u00f2 essere difficile<\/strong>. La necessit\u00e0 di professionisti specializzati \u00e8 fondamentale per un servizio di alta qualit\u00e0. La nostra societ\u00e0 di traduzione si basa su una vasta rete di traduttori professionisti selezionati sulla base delle loro lauree e della loro esperienza.<\/p>\n\n\n\n<h2 class=\"wp-block-heading\">Traduzione del documento finanziario:<br>una disciplina connessa<\/h2>\n\n\n\n<p>Cultures Connection fornisce servizi di traduzione specializzati per il settore assicurativo.&nbsp;Le traduzioni accurate sono fondamentali in questo campo. Non solo essi potrebbero influenzare la tua capacit\u00e0 di ottenere nuovi clienti, ma potrebbero anche influenzare la tua copertura. Una traduzione incorretta della documentazione della copertura del cliente potrebbe comportare una perdita di milioni di dollari.&nbsp;I testi delle assicurazioni sono di ampio respiro in quanto contengono non solo le condizioni e le informazioni delle relative polizze assicurative, ma anche informazioni legali, finanziarie e mediche, nonch\u00e9 altri dati, spesso di natura molto specifica.<\/p>\n","protected":false},"excerpt":{"rendered":"<p>Servizi di traduzione finanziaria:una questione di precisione La traduzione finanziaria richiede un\u2019approfondita e accurata conoscenza dell&#8217;argomento che si traduce e una completa padronanza della terminologia. [&#8230;]<\/p>\n<p><a class=\"btn btn-secondary understrap-read-more-link\" href=\"https:\/\/culturesconnection.com\/it\/traduzione-finanziaria\/\">Leggi di pi\u00f9&#8230;<span class=\"screen-reader-text\"> from I nostri Servizi di Traduzione Finanziaria<\/span><\/a><\/p>\n","protected":false},"author":2,"featured_media":8733,"parent":0,"menu_order":0,"comment_status":"closed","ping_status":"closed","template":"","meta":{"_acf_changed":false,"_editorskit_title_hidden":false,"_editorskit_reading_time":0,"_editorskit_is_block_options_detached":false,"_editorskit_block_options_position":"{}","footnotes":""},"class_list":["post-7459","page","type-page","status-publish","has-post-thumbnail","hentry"],"acf":[],"_links":{"self":[{"href":"https:\/\/culturesconnection.com\/it\/wp-json\/wp\/v2\/pages\/7459","targetHints":{"allow":["GET"]}}],"collection":[{"href":"https:\/\/culturesconnection.com\/it\/wp-json\/wp\/v2\/pages"}],"about":[{"href":"https:\/\/culturesconnection.com\/it\/wp-json\/wp\/v2\/types\/page"}],"author":[{"embeddable":true,"href":"https:\/\/culturesconnection.com\/it\/wp-json\/wp\/v2\/users\/2"}],"replies":[{"embeddable":true,"href":"https:\/\/culturesconnection.com\/it\/wp-json\/wp\/v2\/comments?post=7459"}],"version-history":[{"count":0,"href":"https:\/\/culturesconnection.com\/it\/wp-json\/wp\/v2\/pages\/7459\/revisions"}],"wp:featuredmedia":[{"embeddable":true,"href":"https:\/\/culturesconnection.com\/it\/wp-json\/wp\/v2\/media\/8733"}],"wp:attachment":[{"href":"https:\/\/culturesconnection.com\/it\/wp-json\/wp\/v2\/media?parent=7459"}],"curies":[{"name":"wp","href":"https:\/\/api.w.org\/{rel}","templated":true}]}}