{"id":7457,"date":"2016-12-12T21:30:15","date_gmt":"2016-12-12T19:30:15","guid":{"rendered":"http:\/\/culturesconnection.com\/i-nostri-servizi-di-traduzione-per-contenuti-web\/"},"modified":"2022-06-10T20:59:46","modified_gmt":"2022-06-10T18:59:46","slug":"traduzione-contenuti-web","status":"publish","type":"page","link":"https:\/\/culturesconnection.com\/it\/traduzione-contenuti-web\/","title":{"rendered":"SEO multilingue | I nostri servizi di copywriting SEO"},"content":{"rendered":"\n<h2 class=\"wp-block-heading\">Scrittura di contenuti web per migliorare l\u2019esperienza dell\u2019utente<\/h2>\n\n\n\n<p>Di pari passo con la rivoluzione di internet, il crescente numero di siti web e il boom dei social network, gli internauti leggono e condividono milioni di siti ogni giorno. I contenuti web sono ovunque: articoli di blog, notizie, descrizioni di prodotti, comunicati stampa, testi turistici. Data la vasta disponibilit\u00e0 di contenuti, \u00e8 evidente che una scrittura di qualit\u00e0 ha pi\u00f9 probabilit\u00e0 di catturare l\u2019attenzione del lettore&#8230; e di mantenerla.<\/p>\n\n\n\n<p>Grazie alla nostra esperienza nel campo della creazione di contenuti web, <a href=\"https:\/\/culturesconnection.com\/it\/\">Cultures Connection<\/a> dispone di web writer pronti a migliorare l\u2019immagine della tua azienda con contenuti multimediali. Garantiamo contenuti unici, senza \u201dcontent spinning\u201d. Tutti i nostri web writer devono superare un rigoroso processo di selezione e sono quindi degli specialisti del settore.<\/p>\n\n\n\n<h2 class=\"wp-block-heading\">Creazione di contenuti SEO per ottimizzare il posizionamento del tuo sito web<\/h2>\n\n\n\n<p>Per garantire la massima visibilit\u00e0, i contenuti del tuo sito web dovrebbero essere facilmente riconoscibili dai motori di ricerca. La creazione di contenuti SEO \u00e8 fondamentale per un buon posizionamento, per promuovere le imprese e per aumentare il traffico del sito.<\/p>\n\n\n\n<p>Ma chi pu\u00f2 ottimizzare il tuo sito web? La creazione di contenuti \u00e8 una professione, non \u00e8 qualcosa che si pu\u00f2 improvvisare. \u00c8 quindi raccomandabile rivolgersi a esperti: agenzie di content writing, web writer indipendenti&#8230; Il web writer ha il compito di scrivere testi pertinenti e di alta qualit\u00e0, che rispondono ai bisogni degli internauti e ai criteri degli algoritmi di posizionamento dei motori di ricerca, costantemente in evoluzione.<\/p>\n\n\n\n<h2 class=\"wp-block-heading\">Specialisti di content writing in numerosi settori<\/h2>\n\n\n\n<p>Offriamo servizi di content writing in pi\u00f9 di trenta settori diversi:<\/p>\n\n\n\n<ul class=\"wp-block-list\"><li>Turismo\/Viaggi<\/li><li>E-commerce<\/li><li>Moda<\/li><li>Cosmetici\/Bellezza<\/li><li>Sport<\/li><li>Salute<\/li><li>Chimica<\/li><li>Finanza&#8230;<\/li><\/ul>\n\n\n\n<h2 class=\"wp-block-heading\">I nostri servizi di traduzione di siti web<\/h2>\n\n\n\n<p>Il tuo sito \u00e8 stato creato con WordPress? Cultures Connection \u00e8 partner esclusivo del migliore plugin di traduzione di WordPress sul mercato: WPML. Questo programma rende la traduzione dei siti web semplice e veloce, permettendoci di tradurre contenuti e incorporarli facilmente nel tuo sito.<\/p>\n\n\n\n<p>Cultures Connection pu\u00f2 tradurre qualsiasi contenuto, non importa il formato (Word, Excel, semplice testo, ecc.) o il CMS che usi (Joomla, Magento, PrestaShop, ecc.); possiamo anche tradurre direttamente dall\u2019HTML del sito.<\/p>\n\n\n\n<h2 class=\"wp-block-heading\">Clienti soddisfatti in ogni settore<\/h2>\n\n\n\n<p>Il nostro portfolio di progetti di traduzione include contenuti di molti siti web, siti di e-commerce, piattaforme online, ecc., per varie istituzioni come la FAO, il Centro per l\u2019Assicurazione Sanitaria Francese (CPAM), ecc., ma anche per grandi aziende, tra cui SANOFI, JACADI, MIRAKL e altre.<\/p>\n\n\n\n<h2 class=\"wp-block-heading\">I nostri servizi di SEO multilingue e digital marketing<\/h2>\n\n\n\n<ul class=\"wp-block-list\"><li><strong><a href=\"https:\/\/culturesconnection.com\/it\/i-nostri-servizi-di-traduzione-seo\/\">Traduzioni SEO<\/a><\/strong><br>I nostri esperti SEO identificano le parole chiave della tua attivit\u00e0 nel mercato di riferimento e danno ai traduttori un glossario con le espressioni da preferire.<\/li><li><a href=\"https:\/\/culturesconnection.com\/it\/i-nostri-servizi-per-lottimizzazione-dei-meta-tag\/\"><strong>Ottimizzazione di meta tag<\/strong><\/a><br>I nostri esperti SEO creano o modificano le tag da usare nell\u2019HTML dei siti web (titolo, meta-description, header H1, ecc.) per migliorarne il ranking durante la ricerca nei motori.<\/li><li><strong>Strategie di link building<\/strong><br>Identifichiamo i backlink (link esterni al tuo sito, provenienti da altri siti web) che hanno pi\u00f9 probabilit\u00e0 di aumentarne la popolarit\u00e0.<\/li><\/ul>\n","protected":false},"excerpt":{"rendered":"<p>Scrittura di contenuti web per migliorare l\u2019esperienza dell\u2019utente Di pari passo con la rivoluzione di internet, il crescente numero di siti web e il boom [&#8230;]<\/p>\n<p><a class=\"btn btn-secondary understrap-read-more-link\" href=\"https:\/\/culturesconnection.com\/it\/traduzione-contenuti-web\/\">Leggi di pi\u00f9&#8230;<span class=\"screen-reader-text\"> from SEO multilingue | I nostri servizi di copywriting SEO<\/span><\/a><\/p>\n","protected":false},"author":22,"featured_media":26070,"parent":0,"menu_order":0,"comment_status":"closed","ping_status":"closed","template":"","meta":{"_acf_changed":false,"_editorskit_title_hidden":false,"_editorskit_reading_time":0,"_editorskit_is_block_options_detached":false,"_editorskit_block_options_position":"{}","footnotes":""},"class_list":["post-7457","page","type-page","status-publish","has-post-thumbnail","hentry"],"acf":[],"_links":{"self":[{"href":"https:\/\/culturesconnection.com\/it\/wp-json\/wp\/v2\/pages\/7457","targetHints":{"allow":["GET"]}}],"collection":[{"href":"https:\/\/culturesconnection.com\/it\/wp-json\/wp\/v2\/pages"}],"about":[{"href":"https:\/\/culturesconnection.com\/it\/wp-json\/wp\/v2\/types\/page"}],"author":[{"embeddable":true,"href":"https:\/\/culturesconnection.com\/it\/wp-json\/wp\/v2\/users\/22"}],"replies":[{"embeddable":true,"href":"https:\/\/culturesconnection.com\/it\/wp-json\/wp\/v2\/comments?post=7457"}],"version-history":[{"count":0,"href":"https:\/\/culturesconnection.com\/it\/wp-json\/wp\/v2\/pages\/7457\/revisions"}],"wp:featuredmedia":[{"embeddable":true,"href":"https:\/\/culturesconnection.com\/it\/wp-json\/wp\/v2\/media\/26070"}],"wp:attachment":[{"href":"https:\/\/culturesconnection.com\/it\/wp-json\/wp\/v2\/media?parent=7457"}],"curies":[{"name":"wp","href":"https:\/\/api.w.org\/{rel}","templated":true}]}}