{"id":16059,"date":"2019-10-22T14:55:38","date_gmt":"2019-10-22T13:55:38","guid":{"rendered":"http:\/\/culturesconnection.com\/?page_id=16059"},"modified":"2022-06-22T22:48:06","modified_gmt":"2022-06-22T20:48:06","slug":"servizi-di-traduzione-per-videogiochi-in-arabo","status":"publish","type":"page","link":"https:\/\/culturesconnection.com\/it\/servizi-di-traduzione-in-arabo\/servizi-di-traduzione-per-videogiochi-in-arabo\/","title":{"rendered":"Traduzione di videogiochi in arabo"},"content":{"rendered":"\n<h2 class=\"wp-block-heading\">Traduzione di videogiochi in arabo: ottimizza l&#8217;esperienza dei giocatori<\/h2>\n\n\n\n<p>Vuoi che il tuo videogioco sia accessibile agli utenti di lingua araba? Offri loro l&#8217;opportunit\u00e0 di giocare nella loro lingua madre! La nostra <a href=\"https:\/\/culturesconnection.com\/it\/\">agenzia di traduzione<\/a> \u00e8 specializzata nella traduzione e localizzazione di videogiochi in arabo in modo che i nostri clienti possano distribuirli all&#8217;estero e aumentare le vendite. Puoi fidarti delle nostre competenze per veicolare il tuo messaggio con una qualit\u00e0 senza pari. Siamo noi il tuo migliore alleato per gestire il tuo progetto e controllarne la traduzione e l\u2019adattamento culturale.<\/p>\n\n\n\n<h2 class=\"wp-block-heading\">La nostra agenzia di traduzioni localizza tutti i tuoi videogiochi<\/h2>\n\n\n\n<p>Per ottenere risultati ottimali, Cultures Connection utilizza <a href=\"https:\/\/culturesconnection.com\/it\/servizi-di-traduzione\/\">servizi di traduttori<\/a> professionisti nelle combinazioni arabo inglese e inglese arabo. Essendo tutti madrelingua nella lingua verso la quale traducono, possono pertanto fornire il miglior adattamento culturale possibile dei contenuti. Non solo sono qualificati dal punto di vista linguistico, ma hanno anche una comprovata esperienza nel campo della <a href=\"https:\/\/culturesconnection.com\/it\/traduzione-localizzazione-videogiochi\/\">traduzione di videogiochi<\/a> in arabo. Con i nostri servizi di traduzione, scegli la qualit\u00e0 e l&#8217;affidabilit\u00e0. Traduciamo e localizziamo i tuoi videogiochi, garantendo al contempo la credibilit\u00e0 della tua azienda.<\/p>\n\n\n\n<h2 class=\"wp-block-heading\">I nostri servizi di traduzione per videogiochi in arabo<\/h2>\n\n\n\n<p>Cultures Connection ti supporta nel progetto di internazionalizzazione della tua azienda grazie ai suoi molteplici servizi.<\/p>\n\n\n\n<ul class=\"wp-block-list\"><li>Traduzione di videogiochi<\/li><li>Localizzazione di videogiochi<\/li><li>Gestione del progetto<\/li><li>Sottotitoli<\/li><li>Registrazione e doppiaggio<\/li><li>Controllo della qualit\u00e0<\/li><\/ul>\n\n\n\n<h3 class=\"wp-block-heading\">&nbsp;Traduzione di videogiochi in tutte le lingue<\/h3>\n\n\n\n<ul class=\"wp-block-list\"><li><a href=\"https:\/\/culturesconnection.com\/it\/traduzione-videogiochi-francese\/\">Traduzione di videogiochi dal francese<\/a><\/li><li><a href=\"https:\/\/culturesconnection.com\/it\/traduzione-videogiochi-spagnolo\/\">Traduzione di videogiochi dallo spagnolo<\/a><\/li><li><a href=\"https:\/\/culturesconnection.com\/it\/traduzione-videogiochi-tedesco\/\">Traduzione di videogiochi dal tedesco<\/a><\/li><li><a href=\"https:\/\/culturesconnection.com\/it\/traduzione-videogiochi-cinese\/\">Traduzione di videogiochi dal cinese<\/a><\/li><li><a href=\"https:\/\/culturesconnection.com\/it\/traduzione-videogiochi-portoghese\/\">Traduzione di videogiochi dal portoghese<\/a><\/li><li><a href=\"https:\/\/culturesconnection.com\/it\/traduzione-videogiochi-inglese\/\">Traduzione di videogiochi dall&#8217;inglese<\/a><\/li><li><a href=\"https:\/\/culturesconnection.com\/it\/traduzione-videogiochi-olandese\/\">Traduzione di videogiochi dall&#8217;olandese<\/a><\/li><li><a href=\"https:\/\/culturesconnection.com\/it\/traduzione-videogiochi-turco\/\">Traduzione di videogiochi dal turco<\/a><\/li><li><a href=\"https:\/\/culturesconnection.com\/it\/traduzione-videogiochi-giapponese\/\">Traduzione di videogiochi dal giapponese<\/a><\/li><li><a href=\"https:\/\/culturesconnection.com\/it\/traduzione-videogiochi-russo\/\">Traduzione di videogiochi dal russo<\/a><\/li><\/ul>\n","protected":false},"excerpt":{"rendered":"<p>Traduzione di videogiochi in arabo: ottimizza l&#8217;esperienza dei giocatori Vuoi che il tuo videogioco sia accessibile agli utenti di lingua araba? Offri loro l&#8217;opportunit\u00e0 di [&#8230;]<\/p>\n<p><a class=\"btn btn-secondary understrap-read-more-link\" href=\"https:\/\/culturesconnection.com\/it\/servizi-di-traduzione-in-arabo\/servizi-di-traduzione-per-videogiochi-in-arabo\/\">Leggi di pi\u00f9&#8230;<span class=\"screen-reader-text\"> from Traduzione di videogiochi in arabo<\/span><\/a><\/p>\n","protected":false},"author":52,"featured_media":24333,"parent":7655,"menu_order":0,"comment_status":"closed","ping_status":"closed","template":"","meta":{"_acf_changed":false,"_editorskit_title_hidden":false,"_editorskit_reading_time":0,"_editorskit_is_block_options_detached":false,"_editorskit_block_options_position":"{}","footnotes":""},"class_list":["post-16059","page","type-page","status-publish","has-post-thumbnail","hentry"],"acf":[],"yoast_head":"<!-- This site is optimized with the Yoast SEO Premium plugin v23.4 (Yoast SEO v27.3) - https:\/\/yoast.com\/product\/yoast-seo-premium-wordpress\/ -->\n<title>Servizi di traduzione di videogiochi in arabo<\/title>\n<meta name=\"description\" content=\"Per raggiungere gli utenti di lingua araba, devi tradurre i tuoi video giochi. Cultures Connection offre la traduzione di videogiochi in arabo.\" \/>\n<meta name=\"robots\" content=\"index, follow, max-snippet:-1, max-image-preview:large, max-video-preview:-1\" \/>\n<link rel=\"canonical\" href=\"https:\/\/culturesconnection.com\/it\/servizi-di-traduzione-in-arabo\/servizi-di-traduzione-per-videogiochi-in-arabo\/\" \/>\n<meta property=\"og:locale\" content=\"it_IT\" \/>\n<meta property=\"og:type\" content=\"article\" \/>\n<meta property=\"og:title\" content=\"Traduzione di videogiochi in arabo\" \/>\n<meta property=\"og:description\" content=\"Per raggiungere gli utenti di lingua araba, devi tradurre i tuoi video giochi. Cultures Connection offre la traduzione di videogiochi in arabo.\" \/>\n<meta property=\"og:url\" content=\"https:\/\/culturesconnection.com\/it\/servizi-di-traduzione-in-arabo\/servizi-di-traduzione-per-videogiochi-in-arabo\/\" \/>\n<meta property=\"og:site_name\" content=\"Cultures Connection\" \/>\n<meta property=\"article:publisher\" content=\"https:\/\/www.facebook.com\/CulturesConnection\" \/>\n<meta property=\"article:modified_time\" content=\"2022-06-22T20:48:06+00:00\" \/>\n<meta property=\"og:image\" content=\"https:\/\/culturesconnection.com\/wp-content\/uploads\/2020\/09\/P\u00e1gina_Subservicios_de_traducci\u00f3n_por_idioma.png\" \/>\n\t<meta property=\"og:image:width\" content=\"1417\" \/>\n\t<meta property=\"og:image:height\" content=\"561\" \/>\n\t<meta property=\"og:image:type\" content=\"image\/png\" \/>\n<meta name=\"twitter:card\" content=\"summary_large_image\" \/>\n<meta name=\"twitter:site\" content=\"@CulturesCo_\" \/>\n<meta name=\"twitter:label1\" content=\"Tempo di lettura stimato\" \/>\n\t<meta name=\"twitter:data1\" content=\"1 minuto\" \/>\n<script type=\"application\/ld+json\" class=\"yoast-schema-graph\">{\"@context\":\"https:\\\/\\\/schema.org\",\"@graph\":[{\"@type\":\"WebPage\",\"@id\":\"https:\\\/\\\/culturesconnection.com\\\/it\\\/servizi-di-traduzione-in-arabo\\\/servizi-di-traduzione-per-videogiochi-in-arabo\\\/\",\"url\":\"https:\\\/\\\/culturesconnection.com\\\/it\\\/servizi-di-traduzione-in-arabo\\\/servizi-di-traduzione-per-videogiochi-in-arabo\\\/\",\"name\":\"Servizi di traduzione di videogiochi in arabo\",\"isPartOf\":{\"@id\":\"https:\\\/\\\/culturesconnection.com\\\/fr\\\/#website\"},\"primaryImageOfPage\":{\"@id\":\"https:\\\/\\\/culturesconnection.com\\\/it\\\/servizi-di-traduzione-in-arabo\\\/servizi-di-traduzione-per-videogiochi-in-arabo\\\/#primaryimage\"},\"image\":{\"@id\":\"https:\\\/\\\/culturesconnection.com\\\/it\\\/servizi-di-traduzione-in-arabo\\\/servizi-di-traduzione-per-videogiochi-in-arabo\\\/#primaryimage\"},\"thumbnailUrl\":\"https:\\\/\\\/culturesconnection.com\\\/wp-content\\\/uploads\\\/2020\\\/09\\\/P\u00e1gina_Subservicios_de_traducci\u00f3n_por_idioma.png\",\"datePublished\":\"2019-10-22T13:55:38+00:00\",\"dateModified\":\"2022-06-22T20:48:06+00:00\",\"description\":\"Per raggiungere gli utenti di lingua araba, devi tradurre i tuoi video giochi. Cultures Connection offre la traduzione di videogiochi in arabo.\",\"breadcrumb\":{\"@id\":\"https:\\\/\\\/culturesconnection.com\\\/it\\\/servizi-di-traduzione-in-arabo\\\/servizi-di-traduzione-per-videogiochi-in-arabo\\\/#breadcrumb\"},\"inLanguage\":\"it-IT\",\"potentialAction\":[{\"@type\":\"ReadAction\",\"target\":[\"https:\\\/\\\/culturesconnection.com\\\/it\\\/servizi-di-traduzione-in-arabo\\\/servizi-di-traduzione-per-videogiochi-in-arabo\\\/\"]}]},{\"@type\":\"ImageObject\",\"inLanguage\":\"it-IT\",\"@id\":\"https:\\\/\\\/culturesconnection.com\\\/it\\\/servizi-di-traduzione-in-arabo\\\/servizi-di-traduzione-per-videogiochi-in-arabo\\\/#primaryimage\",\"url\":\"https:\\\/\\\/culturesconnection.com\\\/wp-content\\\/uploads\\\/2020\\\/09\\\/P\u00e1gina_Subservicios_de_traducci\u00f3n_por_idioma.png\",\"contentUrl\":\"https:\\\/\\\/culturesconnection.com\\\/wp-content\\\/uploads\\\/2020\\\/09\\\/P\u00e1gina_Subservicios_de_traducci\u00f3n_por_idioma.png\",\"width\":1417,\"height\":561},{\"@type\":\"BreadcrumbList\",\"@id\":\"https:\\\/\\\/culturesconnection.com\\\/it\\\/servizi-di-traduzione-in-arabo\\\/servizi-di-traduzione-per-videogiochi-in-arabo\\\/#breadcrumb\",\"itemListElement\":[{\"@type\":\"ListItem\",\"position\":1,\"name\":\"Home\",\"item\":\"https:\\\/\\\/culturesconnection.com\\\/it\\\/\"},{\"@type\":\"ListItem\",\"position\":2,\"name\":\"Traduzione in Arabo\",\"item\":\"https:\\\/\\\/culturesconnection.com\\\/it\\\/servizi-di-traduzione-in-arabo\\\/\"},{\"@type\":\"ListItem\",\"position\":3,\"name\":\"Traduzione di videogiochi in arabo\"}]},{\"@type\":\"WebSite\",\"@id\":\"https:\\\/\\\/culturesconnection.com\\\/fr\\\/#website\",\"url\":\"https:\\\/\\\/culturesconnection.com\\\/fr\\\/\",\"name\":\"Cultures Connection\",\"description\":\"Cultures Connection is a translation agency dedicated to the success of its international clients.\",\"publisher\":{\"@id\":\"https:\\\/\\\/culturesconnection.com\\\/fr\\\/#organization\"},\"potentialAction\":[{\"@type\":\"SearchAction\",\"target\":{\"@type\":\"EntryPoint\",\"urlTemplate\":\"https:\\\/\\\/culturesconnection.com\\\/fr\\\/?s={search_term_string}\"},\"query-input\":{\"@type\":\"PropertyValueSpecification\",\"valueRequired\":true,\"valueName\":\"search_term_string\"}}],\"inLanguage\":\"it-IT\"},{\"@type\":\"Organization\",\"@id\":\"https:\\\/\\\/culturesconnection.com\\\/fr\\\/#organization\",\"name\":\"Cultures Connection\",\"url\":\"https:\\\/\\\/culturesconnection.com\\\/fr\\\/\",\"logo\":{\"@type\":\"ImageObject\",\"inLanguage\":\"it-IT\",\"@id\":\"https:\\\/\\\/culturesconnection.com\\\/fr\\\/#\\\/schema\\\/logo\\\/image\\\/\",\"url\":\"https:\\\/\\\/culturesconnection.com\\\/wp-content\\\/uploads\\\/2022\\\/06\\\/cropped-favicon512x512.png\",\"contentUrl\":\"https:\\\/\\\/culturesconnection.com\\\/wp-content\\\/uploads\\\/2022\\\/06\\\/cropped-favicon512x512.png\",\"width\":512,\"height\":512,\"caption\":\"Cultures Connection\"},\"image\":{\"@id\":\"https:\\\/\\\/culturesconnection.com\\\/fr\\\/#\\\/schema\\\/logo\\\/image\\\/\"},\"sameAs\":[\"https:\\\/\\\/www.facebook.com\\\/CulturesConnection\",\"https:\\\/\\\/x.com\\\/CulturesCo_\"]}]}<\/script>\n<!-- \/ Yoast SEO Premium plugin. -->","yoast_head_json":{"title":"Servizi di traduzione di videogiochi in arabo","description":"Per raggiungere gli utenti di lingua araba, devi tradurre i tuoi video giochi. Cultures Connection offre la traduzione di videogiochi in arabo.","robots":{"index":"index","follow":"follow","max-snippet":"max-snippet:-1","max-image-preview":"max-image-preview:large","max-video-preview":"max-video-preview:-1"},"canonical":"https:\/\/culturesconnection.com\/it\/servizi-di-traduzione-in-arabo\/servizi-di-traduzione-per-videogiochi-in-arabo\/","og_locale":"it_IT","og_type":"article","og_title":"Traduzione di videogiochi in arabo","og_description":"Per raggiungere gli utenti di lingua araba, devi tradurre i tuoi video giochi. Cultures Connection offre la traduzione di videogiochi in arabo.","og_url":"https:\/\/culturesconnection.com\/it\/servizi-di-traduzione-in-arabo\/servizi-di-traduzione-per-videogiochi-in-arabo\/","og_site_name":"Cultures Connection","article_publisher":"https:\/\/www.facebook.com\/CulturesConnection","article_modified_time":"2022-06-22T20:48:06+00:00","og_image":[{"width":1417,"height":561,"url":"https:\/\/culturesconnection.com\/wp-content\/uploads\/2020\/09\/P\u00e1gina_Subservicios_de_traducci\u00f3n_por_idioma.png","type":"image\/png"}],"twitter_card":"summary_large_image","twitter_site":"@CulturesCo_","twitter_misc":{"Tempo di lettura stimato":"1 minuto"},"schema":{"@context":"https:\/\/schema.org","@graph":[{"@type":"WebPage","@id":"https:\/\/culturesconnection.com\/it\/servizi-di-traduzione-in-arabo\/servizi-di-traduzione-per-videogiochi-in-arabo\/","url":"https:\/\/culturesconnection.com\/it\/servizi-di-traduzione-in-arabo\/servizi-di-traduzione-per-videogiochi-in-arabo\/","name":"Servizi di traduzione di videogiochi in arabo","isPartOf":{"@id":"https:\/\/culturesconnection.com\/fr\/#website"},"primaryImageOfPage":{"@id":"https:\/\/culturesconnection.com\/it\/servizi-di-traduzione-in-arabo\/servizi-di-traduzione-per-videogiochi-in-arabo\/#primaryimage"},"image":{"@id":"https:\/\/culturesconnection.com\/it\/servizi-di-traduzione-in-arabo\/servizi-di-traduzione-per-videogiochi-in-arabo\/#primaryimage"},"thumbnailUrl":"https:\/\/culturesconnection.com\/wp-content\/uploads\/2020\/09\/P\u00e1gina_Subservicios_de_traducci\u00f3n_por_idioma.png","datePublished":"2019-10-22T13:55:38+00:00","dateModified":"2022-06-22T20:48:06+00:00","description":"Per raggiungere gli utenti di lingua araba, devi tradurre i tuoi video giochi. Cultures Connection offre la traduzione di videogiochi in arabo.","breadcrumb":{"@id":"https:\/\/culturesconnection.com\/it\/servizi-di-traduzione-in-arabo\/servizi-di-traduzione-per-videogiochi-in-arabo\/#breadcrumb"},"inLanguage":"it-IT","potentialAction":[{"@type":"ReadAction","target":["https:\/\/culturesconnection.com\/it\/servizi-di-traduzione-in-arabo\/servizi-di-traduzione-per-videogiochi-in-arabo\/"]}]},{"@type":"ImageObject","inLanguage":"it-IT","@id":"https:\/\/culturesconnection.com\/it\/servizi-di-traduzione-in-arabo\/servizi-di-traduzione-per-videogiochi-in-arabo\/#primaryimage","url":"https:\/\/culturesconnection.com\/wp-content\/uploads\/2020\/09\/P\u00e1gina_Subservicios_de_traducci\u00f3n_por_idioma.png","contentUrl":"https:\/\/culturesconnection.com\/wp-content\/uploads\/2020\/09\/P\u00e1gina_Subservicios_de_traducci\u00f3n_por_idioma.png","width":1417,"height":561},{"@type":"BreadcrumbList","@id":"https:\/\/culturesconnection.com\/it\/servizi-di-traduzione-in-arabo\/servizi-di-traduzione-per-videogiochi-in-arabo\/#breadcrumb","itemListElement":[{"@type":"ListItem","position":1,"name":"Home","item":"https:\/\/culturesconnection.com\/it\/"},{"@type":"ListItem","position":2,"name":"Traduzione in Arabo","item":"https:\/\/culturesconnection.com\/it\/servizi-di-traduzione-in-arabo\/"},{"@type":"ListItem","position":3,"name":"Traduzione di videogiochi in arabo"}]},{"@type":"WebSite","@id":"https:\/\/culturesconnection.com\/fr\/#website","url":"https:\/\/culturesconnection.com\/fr\/","name":"Cultures Connection","description":"Cultures Connection is a translation agency dedicated to the success of its international clients.","publisher":{"@id":"https:\/\/culturesconnection.com\/fr\/#organization"},"potentialAction":[{"@type":"SearchAction","target":{"@type":"EntryPoint","urlTemplate":"https:\/\/culturesconnection.com\/fr\/?s={search_term_string}"},"query-input":{"@type":"PropertyValueSpecification","valueRequired":true,"valueName":"search_term_string"}}],"inLanguage":"it-IT"},{"@type":"Organization","@id":"https:\/\/culturesconnection.com\/fr\/#organization","name":"Cultures Connection","url":"https:\/\/culturesconnection.com\/fr\/","logo":{"@type":"ImageObject","inLanguage":"it-IT","@id":"https:\/\/culturesconnection.com\/fr\/#\/schema\/logo\/image\/","url":"https:\/\/culturesconnection.com\/wp-content\/uploads\/2022\/06\/cropped-favicon512x512.png","contentUrl":"https:\/\/culturesconnection.com\/wp-content\/uploads\/2022\/06\/cropped-favicon512x512.png","width":512,"height":512,"caption":"Cultures Connection"},"image":{"@id":"https:\/\/culturesconnection.com\/fr\/#\/schema\/logo\/image\/"},"sameAs":["https:\/\/www.facebook.com\/CulturesConnection","https:\/\/x.com\/CulturesCo_"]}]}},"_links":{"self":[{"href":"https:\/\/culturesconnection.com\/it\/wp-json\/wp\/v2\/pages\/16059","targetHints":{"allow":["GET"]}}],"collection":[{"href":"https:\/\/culturesconnection.com\/it\/wp-json\/wp\/v2\/pages"}],"about":[{"href":"https:\/\/culturesconnection.com\/it\/wp-json\/wp\/v2\/types\/page"}],"author":[{"embeddable":true,"href":"https:\/\/culturesconnection.com\/it\/wp-json\/wp\/v2\/users\/52"}],"replies":[{"embeddable":true,"href":"https:\/\/culturesconnection.com\/it\/wp-json\/wp\/v2\/comments?post=16059"}],"version-history":[{"count":0,"href":"https:\/\/culturesconnection.com\/it\/wp-json\/wp\/v2\/pages\/16059\/revisions"}],"up":[{"embeddable":true,"href":"https:\/\/culturesconnection.com\/it\/wp-json\/wp\/v2\/pages\/7655"}],"wp:featuredmedia":[{"embeddable":true,"href":"https:\/\/culturesconnection.com\/it\/wp-json\/wp\/v2\/media\/24333"}],"wp:attachment":[{"href":"https:\/\/culturesconnection.com\/it\/wp-json\/wp\/v2\/media?parent=16059"}],"curies":[{"name":"wp","href":"https:\/\/api.w.org\/{rel}","templated":true}]}}