{"id":14694,"date":"2019-09-05T11:22:15","date_gmt":"2019-09-05T09:22:15","guid":{"rendered":"http:\/\/culturesconnection.com\/?page_id=14694"},"modified":"2022-06-10T20:30:31","modified_gmt":"2022-06-10T18:30:31","slug":"i-nostri-servizi-per-lottimizzazionedi-siti-web","status":"publish","type":"page","link":"https:\/\/culturesconnection.com\/it\/i-nostri-servizi-per-lottimizzazionedi-siti-web\/","title":{"rendered":"SEO multilingue | I nostri servizi per l&#8217;ottimizzazione di siti web"},"content":{"rendered":"\n<h2 class=\"wp-block-heading\">Traduci il tuo sito web per dare alla tua impresa visibilit\u00e0 internazionale<\/h2>\n\n\n\n<p>In quanto lingua internazionale, l\u2019inglese \u00e8 usato e capito da una vasta parte della popolazione. Nonostante ci\u00f2, il 90% degli utenti su Internet preferisce navigare usando la propria lingua madre quando comprano prodotti o servizi (secondo uno studio della Commissione Europea, <em>User language preferences online<\/em>).<br>Far tradurre il tuo sito web \u00e8 uno dei modi migliori per raggiungere i mercati stranieri e aumentare le vendite in tutto il mondo. Vari step sono necessari per assicurare il successo di un sito web.<\/p>\n\n\n\n<p><strong>Primo step: localizza il tuo sito web<\/strong><br>Per creare uno stretto legame con i potenziali clienti, niente \u00e8 meglio che parlare la loro lingua. Localizzare il tuo sito web usando il lessico tipico \u00e8 il primo passo per avvicinarsi a un mercato di riferimento. Per esempio, la versione spagnola di un sito destinato alla Spagna dovrebbe rivolgersi ai lettori usando \u201ct\u00fa\u201d, mentre quella destinata all\u2019Argentina dovrebbe usare \u201cvos\u201d. Cultures Connection affida sempre i tuoi progetti a parlanti madrelingua; in questo modo siamo sicuri di poterti offrire traduzioni perfettamente adatte al pubblico a cui vuoi rivolgerti. Ora parli come \u201cuno del posto\u201d.<\/p>\n\n\n\n<p><strong>Secondo step: ottimizzare la traduzione per i motori di ricerca<\/strong><br>Parlare come un madrelingua \u00e8 bene, essere trovati su Internet dai propri clienti \u00e8 ancora meglio! Abbiamo appena sottolineato quanto sia cruciale per i traduttori essere a conoscenza delle variazioni e delle nuance linguistiche locali. Ora gli <strong>esperti SEO<\/strong> entrano in scena. Il loro lavoro \u00e8 quello di identificare con quali parole gli utenti Internet del paese di destinazione fanno le loro ricerche. Per esempio, scopriranno che in Spagna gli utenti che cercano aziende di e-commerce usano 9.900 volte al mese l\u2019espressione &#8220;tienda online&#8221; e solo 50 volte &#8220;tienda en l\u00ednea&#8221;. Potresti non essere al corrente di questo e descrivere la tua attivit\u00e0 o sito web con &#8220;tienda en l\u00ednea&#8221;. Google mostrerebbe il tuo sito a utenti che usano quell\u2019espressione, ma questi non ti potrebbero trovare in caso utilizzassero \u201ctienda online\u201d. Hai appena perso 9.850 potenziali visite!<\/p>\n\n\n\n<p><strong>Terzo step: ottimizza il tuo sito web per i motori di ricerca<\/strong><br>Congratulazioni! Il contenuto della traduzione \u00e8 stato ottimizzato. Ora, per far apparire il tuo sito web tra i primi risultati di ricerca, devi convincere Google che il sito contiene le risposte migliori alle query dei clienti. Per farlo, c\u2019\u00e8 ancora molto lavoro da fare, perch\u00e9 Google cerca, oltre ai contenuti del sito web, altri indicatori per determinare quanto il sito \u00e8 pertinente a un determinato argomento. Cultures Connection aiuta ad ottimizzare questi indicatori, inserendo nel titolo, nelle \u201cmeta-descriptions\u201d, H1, ecc. le parole chiave precedentemente identificate sotto forma di tag.<\/p>\n\n\n\n<p><strong>Quarto step: aumenta la tua popolarit\u00e0<\/strong><br>Google ama i siti di spicco e li mette in risalto tra le prima pagine di risultati. Il motore di ricerca esamina i link di altri siti web che reindirizzano al tuo e accresce la tua posizione in base alla pertinenza di questi \u201cbacklink\u201d. Cultures Connection aiuta a farti notare da Google creando una strategia di \u201clink building\u201d.<br>Ora sei pronto a conquistare il mondo!<\/p>\n\n\n\n<h2 class=\"wp-block-heading\">Un processo facile<\/h2>\n\n\n\n<p>Il tuo sito \u00e8 stato creato con WordPress? Cultures Connection \u00e8 partner esclusivo del migliore plugin di traduzione di WordPress sul mercato: WPML. Questo programma rende la traduzione dei siti web semplice e veloce, permettendoci di tradurre contenuti e incorporarli facilmente nel tuo sito.<br>Cultures Connection pu\u00f2 tradurre qualsiasi contenuto, non importa il formato (Word, Excel, semplice testo, ecc.) o il CMS che usi (Joomla, Magento, PrestaShop, ecc.); possiamo anche tradurre direttamente dall\u2019HTML del sito.<\/p>\n\n\n\n<h2 class=\"wp-block-heading\">Clienti soddisfatti in ogni settore<\/h2>\n\n\n\n<p>Il nostro portfolio di progetti di traduzione include contenuti di molti siti web, siti di e-commerce, piattaforme online, ecc., per varie istituzioni come la FAO, il Centro per l\u2019Assicurazione Sanitaria Francese (CPAM), ecc., ma anche per grandi compagnie, tra cui SANOFI, JACADI, MIRAKL e altre.<\/p>\n\n\n\n<h2 class=\"wp-block-heading\">I nostri servizi di SEO multilingue e digital marketing<\/h2>\n\n\n\n<ul class=\"wp-block-list\"><li><strong><a href=\"https:\/\/culturesconnection.com\/it\/i-nostri-servizi-di-traduzione-seo\/\">Traduzioni SEO<\/a><\/strong><br>I nostri esperti SEO identificano le parole chiave della tua attivit\u00e0 nel mercato di riferimento e danno ai traduttori un glossario con le espressioni da preferire.<\/li><li><strong><a href=\"https:\/\/culturesconnection.com\/it\/i-nostri-servizi-per-lottimizzazione-dei-meta-tag\/\">Ottimizzazione di meta tag<\/a><\/strong><br>I nostri esperti SEO creano o modificano le tag da usare nell\u2019HTML dei siti web (titolo, meta-description, header H1, ecc.) per migliorarne il ranking durante la ricerca nei motori.<\/li><li><strong>Strategie di link building<\/strong><br>Identifichiamo i backlink (link esterni al tuo sito, provenienti da altri siti web) che con pi\u00f9 probabilit\u00e0 possono aumentarne la popolarit\u00e0.<\/li><li><strong><a href=\"https:\/\/culturesconnection.com\/it\/traduzione-contenuti-web\/\">Copywriting SEO<\/a><\/strong><br>I nostri copywriter SEO scriveranno per te contenuti localizzati e ottimizzati per i motori di ricerca.<\/li><\/ul>\n","protected":false},"excerpt":{"rendered":"<p>Traduci il tuo sito web per dare alla tua impresa visibilit\u00e0 internazionale In quanto lingua internazionale, l\u2019inglese \u00e8 usato e capito da una vasta parte [&#8230;]<\/p>\n<p><a class=\"btn btn-secondary understrap-read-more-link\" href=\"https:\/\/culturesconnection.com\/it\/i-nostri-servizi-per-lottimizzazionedi-siti-web\/\">Leggi di pi\u00f9&#8230;<span class=\"screen-reader-text\"> from SEO multilingue | I nostri servizi per l&#8217;ottimizzazione di siti web<\/span><\/a><\/p>\n","protected":false},"author":22,"featured_media":19544,"parent":0,"menu_order":0,"comment_status":"closed","ping_status":"closed","template":"","meta":{"_acf_changed":false,"_editorskit_title_hidden":false,"_editorskit_reading_time":0,"_editorskit_is_block_options_detached":false,"_editorskit_block_options_position":"{}","footnotes":""},"class_list":["post-14694","page","type-page","status-publish","has-post-thumbnail","hentry"],"acf":[],"_links":{"self":[{"href":"https:\/\/culturesconnection.com\/it\/wp-json\/wp\/v2\/pages\/14694","targetHints":{"allow":["GET"]}}],"collection":[{"href":"https:\/\/culturesconnection.com\/it\/wp-json\/wp\/v2\/pages"}],"about":[{"href":"https:\/\/culturesconnection.com\/it\/wp-json\/wp\/v2\/types\/page"}],"author":[{"embeddable":true,"href":"https:\/\/culturesconnection.com\/it\/wp-json\/wp\/v2\/users\/22"}],"replies":[{"embeddable":true,"href":"https:\/\/culturesconnection.com\/it\/wp-json\/wp\/v2\/comments?post=14694"}],"version-history":[{"count":0,"href":"https:\/\/culturesconnection.com\/it\/wp-json\/wp\/v2\/pages\/14694\/revisions"}],"wp:featuredmedia":[{"embeddable":true,"href":"https:\/\/culturesconnection.com\/it\/wp-json\/wp\/v2\/media\/19544"}],"wp:attachment":[{"href":"https:\/\/culturesconnection.com\/it\/wp-json\/wp\/v2\/media?parent=14694"}],"curies":[{"name":"wp","href":"https:\/\/api.w.org\/{rel}","templated":true}]}}