{"id":14693,"date":"2019-09-05T11:27:22","date_gmt":"2019-09-05T09:27:22","guid":{"rendered":"http:\/\/culturesconnection.com\/?page_id=14693"},"modified":"2022-06-10T20:37:46","modified_gmt":"2022-06-10T18:37:46","slug":"i-nostri-servizi-per-lottimizzazione-dei-meta-tag","status":"publish","type":"page","link":"https:\/\/culturesconnection.com\/it\/i-nostri-servizi-per-lottimizzazione-dei-meta-tag\/","title":{"rendered":"SEO multilingue | I nostri servizi per l&#8217;ottimizzazione dei meta tag"},"content":{"rendered":"\n<h2 class=\"wp-block-heading\">Siti web multilingue, traduzioni localizzate e SEO: il pilastro per la tua crescita internazionale<\/h2>\n\n\n\n<p>Se hai letto la pagina <a href=\"https:\/\/culturesconnection.com\/multilingual-seo-translation\/\">Traduzioni SEO<\/a>, sai che:<br>&#8211; presentare il tuo sito web nella lingua del paese di destinazione aiuta a conquistare i potenziali clienti, che preferiscono di gran lunga leggere nella loro lingua madre;<br>&#8211; localizzare le tue traduzioni (in altre parole, adattare la lingua utilizzata alle caratteristiche locali del pubblico a cui ti rivolgi) garantisce una maggiore comprensione e aiuta a evitare gaffe linguistiche e culturali;<br>&#8211; ottimizzare le traduzioni per i motori di ricerca, ossia usare le stesse parole che gli utenti utilizzano quando ricercano sul web, aumenta le probabilit\u00e0 che il tuo sito di appaia nei risultati di Google quando gli utenti fanno una ricerca pertinente.<br>\u00c8 un inizio molto buono. Ma il tuo sito web deve affrontare qualche altro passaggio per apparire tra le prime pagine di risultati di Google. Il prossimo? Ottimizzare i meta tag.<\/p>\n\n\n\n<h2 class=\"wp-block-heading\">Ottimizzare i meta tag del tuo sito web<\/h2>\n\n\n\n<p>Google utilizza una serie di indicatori disponibili online per identificare il tuo sito come una risposta pertinente alla query inserita dall\u2019utente. Come abbiamo visto, il primo di questi \u00e8 se le parole chiave ricercate si trovano tra i contenuti del sito web. Il secondo indicatore visibile a Google \u00e8 se la query appare tra i meta tag del sito.<\/p>\n\n\n\n<p>Ci sono svariati tipi di meta tag:<br>&#8211; Il titolo e la \u201cmeta-description\u201d, che informano Google del tipo di contenuti di ogni pagina. Questi tag sono molto importanti perch\u00e9 Google li user\u00e0 quando presenter\u00e0 il tuo sito web tra i risultati di ricerca.<\/p>\n\n\n\n<figure class=\"wp-block-image is-resized\"><img loading=\"lazy\" decoding=\"async\" src=\"https:\/\/culturesconnection.com\/wp-content\/uploads\/2017\/09\/title-meta-tag.jpg\" alt=\"\" class=\"wp-image-8914\" width=\"660\" height=\"99\"\/><\/figure>\n\n\n\n<p>&#8211; I \u201ctag header\u201d (h1, h2, ecc.) forniscono a Google la struttura gerarchica del tuo sito web, comunicando quali sono i contenuti pi\u00f9 importanti per te. Sulla carta, un testo si organizza solitamente usando titoli, capitoli, sottotitoli, ulteriori sottotitoletti, ecc. Su un sito web, puoi indicare il titolo principale usando il tag \u201ch1\u201d, i sottotitoli con il tag \u201ch2\u201d e cos\u00ec via. Una stringa che appare in un tag \u201ch1\u201d dovrebbe quindi contenere le parole chiave pi\u00f9 importanti.<br>&#8211; Gli \u201calt tag\u201d sono usati per comunicare a Google i contenuti delle immagini del sito.<\/p>\n\n\n\n<p>Con il tempo e a causa di modifiche dell\u2019algoritmo di Google, l\u2019impatto di ognuno di questi meta tag sul ranking \u00e8 cambiato: per esempio, la \u201cmeta-description\u201d ha perso importanza. Inserire in questi tag le parole che hai identificato essere le pi\u00f9 comunemente usate dai tuoi potenziali clienti \u00e8 un passaggio essenziale per dare al tuo sito credibilit\u00e0 agli occhi di Google e, di conseguenza, aumentare le probabilit\u00e0 di essere selezionati per il cruciale ranking definitivo.<\/p>\n\n\n\n<p>Gli esperti internazionali SEO di Cultures Connection creeranno tutti i meta tag e li incorporeranno nel tuo sito web. Ottimizzeranno anche l\u2019URL secondo lo stesso principio: se contiene le parole chiave, per Google sar\u00e0 un indicatore positivo in pi\u00f9.<\/p>\n\n\n\n<p>Congratulazioni! Adesso hai alzato significativamente la tua posizione nel ranking. Pronto per qualcosa di pi\u00f9? Allora dirigiti alla sezione sull\u2019ottimizzazione dei backlink!<\/p>\n\n\n\n<h2 class=\"wp-block-heading\">I nostri servizi di traduzione di siti web<\/h2>\n\n\n\n<p>Il tuo sito \u00e8 stato creato con WordPress? Cultures Connection \u00e8 partner esclusivo del migliore plugin di traduzione di WordPress sul mercato: WPML. Questo programma rende la traduzione dei siti web semplice e veloce, permettendoci di tradurre contenuti e incorporarli facilmente nel tuo sito.<\/p>\n\n\n\n<p>Cultures Connection pu\u00f2 tradurre qualsiasi contenuto, non importa il formato (Word, Excel, semplice testo, ecc.) o il CMS che usi (Joomla, Magento, PrestaShop, ecc.); possiamo anche tradurre direttamente dall\u2019HTML del sito.<\/p>\n\n\n\n<h2 class=\"wp-block-heading\">Altri servizi di SEO multilingue e di digital marketing<\/h2>\n\n\n\n<ul class=\"wp-block-list\"><li><strong><a href=\"https:\/\/culturesconnection.com\/it\/i-nostri-servizi-di-traduzione-seo\/\">Traduzioni SEO<\/a><\/strong><br>I nostri specialisti SEO individuano le parole chiave pertinenti alla tua impresa e per il mercato di riferimento e forniscono al traduttore un glossario di parole da usare in ordine di priorit\u00e0.<\/li><li><strong>Strategie di link building<\/strong><br>Identifichiamo i backlink (link esterni al tuo sito, provenienti da altri siti web) che con pi\u00f9 probabilit\u00e0 possono aumentarne la popolarit\u00e0.<\/li><li><strong><a href=\"https:\/\/culturesconnection.com\/it\/traduzione-contenuti-web\/\">Copywriting SEO<\/a><\/strong><br>I nostri copywriter SEO scriveranno per te contenuti localizzati e ottimizzati per i motori di ricerca.<\/li><\/ul>\n\n\n\n<h2 class=\"wp-block-heading\">Clienti soddisfatti in ogni settore<\/h2>\n\n\n\n<p>Il nostro portfolio di progetti di traduzione include contenuti di molti siti web, siti di e-commerce, piattaforme online, ecc., per varie istituzioni come la FAO, il Centro per l\u2019Assicurazione Sanitaria Francese (CPAM), ecc., ma anche per grandi compagnie, tra cui SANOFI, JACADI, MIRAKL e altre.<\/p>\n","protected":false},"excerpt":{"rendered":"<p>Siti web multilingue, traduzioni localizzate e SEO: il pilastro per la tua crescita internazionale Se hai letto la pagina Traduzioni SEO, sai che:&#8211; presentare il [&#8230;]<\/p>\n<p><a class=\"btn btn-secondary understrap-read-more-link\" href=\"https:\/\/culturesconnection.com\/it\/i-nostri-servizi-per-lottimizzazione-dei-meta-tag\/\">Leggi di pi\u00f9&#8230;<span class=\"screen-reader-text\"> from SEO multilingue | I nostri servizi per l&#8217;ottimizzazione dei meta tag<\/span><\/a><\/p>\n","protected":false},"author":22,"featured_media":19554,"parent":0,"menu_order":0,"comment_status":"closed","ping_status":"closed","template":"","meta":{"_acf_changed":false,"_editorskit_title_hidden":false,"_editorskit_reading_time":0,"_editorskit_is_block_options_detached":false,"_editorskit_block_options_position":"{}","footnotes":""},"class_list":["post-14693","page","type-page","status-publish","has-post-thumbnail","hentry"],"acf":[],"_links":{"self":[{"href":"https:\/\/culturesconnection.com\/it\/wp-json\/wp\/v2\/pages\/14693","targetHints":{"allow":["GET"]}}],"collection":[{"href":"https:\/\/culturesconnection.com\/it\/wp-json\/wp\/v2\/pages"}],"about":[{"href":"https:\/\/culturesconnection.com\/it\/wp-json\/wp\/v2\/types\/page"}],"author":[{"embeddable":true,"href":"https:\/\/culturesconnection.com\/it\/wp-json\/wp\/v2\/users\/22"}],"replies":[{"embeddable":true,"href":"https:\/\/culturesconnection.com\/it\/wp-json\/wp\/v2\/comments?post=14693"}],"version-history":[{"count":0,"href":"https:\/\/culturesconnection.com\/it\/wp-json\/wp\/v2\/pages\/14693\/revisions"}],"wp:featuredmedia":[{"embeddable":true,"href":"https:\/\/culturesconnection.com\/it\/wp-json\/wp\/v2\/media\/19554"}],"wp:attachment":[{"href":"https:\/\/culturesconnection.com\/it\/wp-json\/wp\/v2\/media?parent=14693"}],"curies":[{"name":"wp","href":"https:\/\/api.w.org\/{rel}","templated":true}]}}