{"id":14088,"date":"2019-05-09T14:55:26","date_gmt":"2019-05-09T12:55:26","guid":{"rendered":"http:\/\/culturesconnection.com\/?page_id=14088"},"modified":"2022-11-24T19:56:06","modified_gmt":"2022-11-24T18:56:06","slug":"agenzia-di-traduzione-a-new-york","status":"publish","type":"page","link":"https:\/\/culturesconnection.com\/it\/agenzia-di-traduzione-a-new-york\/","title":{"rendered":"La nostra agenzia di traduzione a New York"},"content":{"rendered":"\n<h2 class=\"wp-block-heading\">Cultures Connection, la migliore agenzia di traduzione di New York<\/h2>\n\n\n\n<p>Sapevi che a New York si parlano pi\u00f9 di 700 lingue?<\/p>\n\n\n\n<p>Una delle caratteristiche che rendono unica la citt\u00e0 \u00e8 la sua diversit\u00e0. Si trova nello stato con la maggiore densit\u00e0 di popolazione degli Stati Uniti e nel quarto stato per numeri di abitanti, con quasi 20 milioni di persone. Porta di ingresso storica dei movimenti migratori e centro nevralgico dell\u2019economia mondiale dalla fine del XIX secolo, \u00e8 un ampio ventaglio di lingue e culture.<\/p>\n\n\n\n<p>Per mettere in comunicazione aziende e istituzioni, <a href=\"https:\/\/culturesconnection.com\/it\/\">Cultures Connection<\/a> \u00e8 presente a New York e offre i suoi servizi di traduzione e interpretazione con una rete di pi\u00f9 di 740 professionisti in tutto il mondo. Lavori nei settori pi\u00f9 diversi come il marketing, la traduzione finanziaria o medica, passando per la localizzazione di videogiochi e la sottotitolazione di prodotti audiovisivi, vengono svolti con la massima qualit\u00e0, nel minor tempo possibile e al miglior prezzo.<\/p>\n\n\n\n<p>Dagli Stati Uniti, la scelta migliore.<\/p>\n\n\n\n<h2 class=\"wp-block-heading\">New York, un mix di lingue e culture<\/h2>\n\n\n\n<p>New York \u00e8 una citt\u00e0 globale.<\/p>\n\n\n\n<p>\u00c8 la casa delle relazioni internazionali, punto di incontro artistico e centro d\u2019influenza per i mezzi di comunicazione mondiali.<\/p>\n\n\n\n<p>Gli edifici della Grande Mela sono occupati dalle aziende nazionali e internazionali pi\u00f9 influenti. La citt\u00e0 \u00e8 la sede principale dell\u2019Organizzazione delle Nazioni Unite e della Borsa di Wall Street e di NASDAQ. \u00c8 la culla di due dei tre giornali nazionali e ospita grandiosi spazi artistici come il Metropolitan Museum of Art, il Lincoln Center o i teatri della celebre Broadway.<\/p>\n\n\n\n<p>A New York non c\u2019\u00e8 una nazionalit\u00e0 predominante. L\u2019Endangered Language Alliance (Organizzazione per la Conservazione delle Lingue) calcola che la pluralit\u00e0 etnica sia cos\u00ec vasta che in ogni quartiere ci sono persone di lingue molto diverse come lo spagnolo, l\u2019italiano o l\u2019hindi. Presenta negozi con commessi di diverse origini, cartelli sulla strada pubblica in una decina di lingue e musiche vibranti di tutti i colori.<\/p>\n\n\n\n<p>La citt\u00e0 ha la sua Chinatown, in cui la maggior parte dei residenti \u00e8 di origine asiatica e non parla solo il mandarino ma anche i suoi vari dialetti come il cantonese, il dialetto di Shanghai o di Taishan. La sua variet\u00e0 \u00e8 cos\u00ec vasta che la biblioteca pubblica del Queens possiede un&#8217;enorme collezione di opere in pi\u00f9 di 40 lingue, che include circa 40.000 libri in lingue del sud-est asiatico, come il bengalese o l\u2019urdu.<\/p>\n\n\n\n<p>Una capitale del mondo di diritto.<\/p>\n\n\n\n<h2 class=\"wp-block-heading\">La traduzione \u00e8 il nostro forte<\/h2>\n\n\n\n<p>La <a href=\"https:\/\/culturesconnection.com\/it\/servizi-di-traduzione\/\">traduzione<\/a> \u00e8 molto pi\u00f9 del passaggio di un testo da una lingua all\u2019altra.<\/p>\n\n\n\n<p>Implica un processo di localizzazione in cui si devono identificare le particolarit\u00e0 linguistiche, le espressioni locali e i riferimenti culturali della lingua di origine per poterli tradurre in modo naturale nella lingua richiesta dai nostri clienti.<\/p>\n\n\n\n<p>Lavoriamo in un ambiente multiculturale e multilingue. Disponiamo di <a href=\"https:\/\/culturesconnection.com\/it\/traduttore-professionista\/\">traduttori specializzati in pi\u00f9 di 40 lingue<\/a>, selezionati in base alle loro competenze nel settore lavorativo dei nostri clienti. Nella \u201ccitt\u00e0 che non dorme mai\u201d, ci occupiamo delle tue richieste urgenti in modo rapido ed efficace.<\/p>\n\n\n\n<p>Con noi, i tuoi documenti sono in buone mani.<\/p>\n\n\n\n<iframe src=\"https:\/\/www.google.com\/maps\/embed?pb=!1m18!1m12!1m3!1d3022.7301179289816!2d-73.98909418504533!3d40.74596367932826!2m3!1f0!2f0!3f0!3m2!1i1024!2i768!4f13.1!3m3!1m2!1s0x89c259a3d5d5acd1%3A0x11fa9e2895975978!2sCultures%20Connection!5e0!3m2!1sit!2sar!4v1669315393678!5m2!1sit!2sar\" width=\"100%\" height=\"400\" frameborder=\"0\" style=\"border:0;\" allowfullscreen=\"\" loading=\"lazy\" referrerpolicy=\"no-referrer-when-downgrade\"><\/iframe>\n\n\n\n<h2 class=\"wp-block-heading\">Grandi interpreti dalla Metropoli<\/h2>\n\n\n\n<p>Vuoi organizzare una riunione informale con i tuoi soci internazionali o una conferenza stampa internazionale nella citt\u00e0 degli affari per eccellenza?<\/p>\n\n\n\n<p>Cultures Connection organizza <a href=\"https:\/\/culturesconnection.com\/it\/i-nostri-servizi-di-interpretariato\/\">interpretazioni<\/a> di conferenza, simultanea e di trattativa in numerose lingue. Recluta i migliori interpreti selezionati in modo rigoroso sulla base della loro formazione ed esperienza nella lingua da interpretare e sull\u2019argomento richiesto dai nostri clienti. Un team di lavoro di spicco nella Grande Mela.<\/p>\n\n\n\n<p>Non disponi dell\u2019attrezzatura adeguata? Offriamo anche il servizio di affitto di cabine e auricolari.<\/p>\n\n\n\n<p>Con noi, le tue presentazioni sono in buone mani.<\/p>\n","protected":false},"excerpt":{"rendered":"<p>Cultures Connection, la migliore agenzia di traduzione di New York Sapevi che a New York si parlano pi\u00f9 di 700 lingue? Una delle caratteristiche che [&#8230;]<\/p>\n<p><a class=\"btn btn-secondary understrap-read-more-link\" href=\"https:\/\/culturesconnection.com\/it\/agenzia-di-traduzione-a-new-york\/\">Leggi di pi\u00f9&#8230;<span class=\"screen-reader-text\"> from La nostra agenzia di traduzione a New York<\/span><\/a><\/p>\n","protected":false},"author":52,"featured_media":19639,"parent":0,"menu_order":0,"comment_status":"closed","ping_status":"closed","template":"","meta":{"_acf_changed":false,"_editorskit_title_hidden":false,"_editorskit_reading_time":2,"_editorskit_is_block_options_detached":false,"_editorskit_block_options_position":"{}","footnotes":""},"class_list":["post-14088","page","type-page","status-publish","has-post-thumbnail","hentry"],"acf":[],"_links":{"self":[{"href":"https:\/\/culturesconnection.com\/it\/wp-json\/wp\/v2\/pages\/14088","targetHints":{"allow":["GET"]}}],"collection":[{"href":"https:\/\/culturesconnection.com\/it\/wp-json\/wp\/v2\/pages"}],"about":[{"href":"https:\/\/culturesconnection.com\/it\/wp-json\/wp\/v2\/types\/page"}],"author":[{"embeddable":true,"href":"https:\/\/culturesconnection.com\/it\/wp-json\/wp\/v2\/users\/52"}],"replies":[{"embeddable":true,"href":"https:\/\/culturesconnection.com\/it\/wp-json\/wp\/v2\/comments?post=14088"}],"version-history":[{"count":0,"href":"https:\/\/culturesconnection.com\/it\/wp-json\/wp\/v2\/pages\/14088\/revisions"}],"wp:featuredmedia":[{"embeddable":true,"href":"https:\/\/culturesconnection.com\/it\/wp-json\/wp\/v2\/media\/19639"}],"wp:attachment":[{"href":"https:\/\/culturesconnection.com\/it\/wp-json\/wp\/v2\/media?parent=14088"}],"curies":[{"name":"wp","href":"https:\/\/api.w.org\/{rel}","templated":true}]}}