{"id":13841,"date":"2019-01-22T16:16:12","date_gmt":"2019-01-22T14:16:12","guid":{"rendered":"http:\/\/culturesconnection.com\/?page_id=13841"},"modified":"2023-09-20T13:52:32","modified_gmt":"2023-09-20T11:52:32","slug":"traduzione-di-siti-web-wordpress","status":"publish","type":"page","link":"https:\/\/culturesconnection.com\/it\/traduzione-di-siti-web-wordpress\/","title":{"rendered":"I nostri Servizi di Localizzazione | Servizi di localizzazione di siti Web WordPress"},"content":{"rendered":"\n<h2 class=\"wp-block-heading\">Il mondo usa WordPress<\/h2>\n\n\n\n<p>I dati sono chiari. WordPress \u00e8 utilizzato nel 60% dei siti Web, con sistemi di gestione dei contenuti (CMS) e nel 30% di tutte le pagine esistenti su Internet. In un mondo globalizzato, con un mercato internazionale di beni e servizi e comunicazioni che cresce di giorno in giorno, la traduzione dei contenuti in questo formato \u00e8 uno strumento chiave per raggiungere un gran numero di utenti in diverse parti del mondo.<\/p>\n\n\n\n<p><a href=\"https:\/\/culturesconnection.com\/it\/\">Cultures Connection<\/a> offre servizi di traduzione WordPress fin dalla creazione di questa piattaforma nel 2004. Che si tratti di attivit\u00e0 commerciali online che desiderano crescere sui mercati esteri o di organizzazioni governative o non governative con diverse lingue di lavoro, gestiamo una gran diversit\u00e0 di progetti con una vasta rete di professionisti in tutto il mondo specializzati in <a href=\"https:\/\/culturesconnection.com\/it\/traduttore-professionista\/\">40 lingue<\/a>, esperti nel posizionamento SEO e che lavorano con il plugin <a href=\"https:\/\/wpml.org\/\" target=\"_blank\" rel=\"noopener\">WPML<\/a>.<\/p>\n\n\n\n<p>Non \u00e8 mai troppo tardi per presentare la tua pagina Web nella madrelingua dei tuoi lettori: accresci la tua visibilit\u00e0 e rendi il tuo messaggio chiaro e preciso.<\/p>\n\n\n\n<h2 class=\"wp-block-heading\">Localizzazione, un passo avanti nell\u2019arte della traduzione<\/h2>\n\n\n\n<p>L\u2019inglese \u00e8 la lingua franca di Internet ed \u00e8 utilizzata dal 25,5% dei quasi 3885 milioni di utenti che navigano su internet. Ovviamente ci sono altre lingue sempre pi\u00f9 presenti in rete: il cinese e lo spagnolo, la seconda e terza lingua pi\u00f9 parlate, seguono rispettivamente con pi\u00f9 di 773 milioni e 315 milioni di utenti. Due sono le tendenze evidenti: le persone preferiscono leggere le pagine nella loro lingua e l\u2019offerta di portali multilingue che glielo permettono sta crescendo.<\/p>\n\n\n\n<p>Il lavoro di Cultures Connection non si limita all\u2019adattamento dei contenuti di WordPress in modo lineare. Coglie le peculiarit\u00e0 linguistiche, le espressioni locali e i riferimenti culturali della lingua di partenza per tradurli in modo naturale nella lingua richiesta dai nostri clienti. Dato che i vincoli non sono gli stessi in ogni paese e, ad esempio, le attivit\u00e0 commerciali non si gestiscono allo stesso modo negli Stati Uniti rispetto al Giappone o alla Germania, bisogna tener conto dei codici di ogni societ\u00e0.<\/p>\n\n\n\n<p>Se hai qualcosa da dire al mondo, bisogna fare attenzione ad ogni sua forma. Questo \u00e8 il miglior modo di trasmettere idee e valori.<\/p>\n\n\n\n<h2 class=\"wp-block-heading\">WPML, una traduzione pi\u00f9 facile<\/h2>\n\n\n\n<p><a href=\"https:\/\/wpml.org\/translation-service\/cultures-connection\/\" target=\"_blank\" rel=\"noopener noreferrer\">Cultures Connection e WPML<\/a>, il plugin multilingue leader del mercato, con pi\u00f9 di 600.000 utenti in tutto il mondo, si sono uniti per migliorare la qualit\u00e0 delle traduzioni su WordPress. Cultures Connection contribuisce con i suoi eccellenti <a href=\"https:\/\/culturesconnection.com\/it\/servizi-di-traduzione\/\">servizi di traduzione<\/a>, WPML facilita l\u2019accesso a contenuti in decine di lingue grazie alla sua gestione dei testi sulla piattaforma. Una combinazione ideale per delle traduzioni pi\u00f9 facili e precise.<\/p>\n\n\n\n<p>WPML ha un pannello di controllo che offre pi\u00f9 di 40 lingue e permette di contattare Cultures Connection per chiedere preventivi, traduzioni e poi pubblicarle sul proprio sito Web, il tutto senza uscire da WordPress.<\/p>\n\n\n\n<p><span style=\"font-weight: 400;\">Vuoi sapere quanto costa tradurre il tuo sito web? Il prezzo finale dipende dal numero di parole e WPML dispone di uno strumento che conta le parole del contenuto che volete tradurre. Fai il calcolo con WPML, contattaci e noi ti invieremo un preventivo preciso.<\/span><\/p>\n\n\n\n<p>Una soluzione ideale per evitare problemi legati al formato dei testi, assicurare la confidenzialit\u00e0 e avere un servizio personalizzato e immediato, nella propria lingua e in qualunque momento.<\/p>\n\n\n\n<h2 class=\"wp-block-heading\">Traduttori con mentalit\u00e0 SEO<\/h2>\n\n\n\n<p>Non essere presenti su Google significa praticamente non esistere.<\/p>\n\n\n\n<p>Cultures Connection lavora con traduttori che, quando lavorano alla redazione dei contenuti su WordPress, tengono conto dei parametri con cui il motore di ricerca pi\u00f9 usato su Internet calcola l\u2019indicizzazione e l\u2019utilit\u00e0 di un sito Web per l\u2019utente e lo posiziona nelle ricerche.<\/p>\n\n\n\n<p>Usa titoli e metadescrizioni SEO accattivanti. Includi le tipiche parole chiave utilizzate dai tuoi potenziali lettori nelle ricerche su Google, ma non esagerare. Redigi testi ricchi di informazioni. Assicurati che i testi scritti e audiovisivi si adattino ai dispositivi mobili. Su WordPress devono essere funzionali ma risultare naturali alla lettura.<\/p>\n\n\n\n<p>Per essere il numero 1, devi fare attenzione ad ogni dettaglio.<\/p>\n\n\n\n<h2 class=\"wp-block-heading\">Hai bisogno di un Token per collegare WPML con Cultures Connection?<\/h2>\n\n\n\n<p id=\"anchor\"><a href=\"https:\/\/wpml.org?tsid=7ed3f4bbe8a3193a8c81252f3f5a199a\" target=\"_blank\" rel=\"noreferrer noopener\"><img loading=\"lazy\" decoding=\"async\" width=\"150\" height=\"79\" class=\"wp-image-78933\" style=\"width: 150px;\" src=\"https:\/\/culturesconnection.com\/wp-content\/uploads\/2022\/06\/wpml-fb-dark-bg-1.jpg\" alt=\"\" srcset=\"https:\/\/culturesconnection.com\/wp-content\/uploads\/2022\/06\/wpml-fb-dark-bg-1.jpg 1200w, https:\/\/culturesconnection.com\/wp-content\/uploads\/2022\/06\/wpml-fb-dark-bg-1-300x157.jpg 300w, https:\/\/culturesconnection.com\/wp-content\/uploads\/2022\/06\/wpml-fb-dark-bg-1-1024x536.jpg 1024w, https:\/\/culturesconnection.com\/wp-content\/uploads\/2022\/06\/wpml-fb-dark-bg-1-768x402.jpg 768w\" sizes=\"auto, (max-width: 150px) 100vw, 150px\" \/><\/a><\/p>\n","protected":false},"excerpt":{"rendered":"<p>Il mondo usa WordPress I dati sono chiari. WordPress \u00e8 utilizzato nel 60% dei siti Web, con sistemi di gestione dei contenuti (CMS) e nel [&#8230;]<\/p>\n<p><a class=\"btn btn-secondary understrap-read-more-link\" href=\"https:\/\/culturesconnection.com\/it\/traduzione-di-siti-web-wordpress\/\">Leggi di pi\u00f9&#8230;<span class=\"screen-reader-text\"> from I nostri Servizi di Localizzazione | Servizi di localizzazione di siti Web WordPress<\/span><\/a><\/p>\n","protected":false},"author":42,"featured_media":13842,"parent":0,"menu_order":0,"comment_status":"closed","ping_status":"closed","template":"","meta":{"_acf_changed":false,"_editorskit_title_hidden":false,"_editorskit_reading_time":0,"_editorskit_is_block_options_detached":false,"_editorskit_block_options_position":"{}","footnotes":""},"class_list":["post-13841","page","type-page","status-publish","has-post-thumbnail","hentry"],"acf":[],"_links":{"self":[{"href":"https:\/\/culturesconnection.com\/it\/wp-json\/wp\/v2\/pages\/13841","targetHints":{"allow":["GET"]}}],"collection":[{"href":"https:\/\/culturesconnection.com\/it\/wp-json\/wp\/v2\/pages"}],"about":[{"href":"https:\/\/culturesconnection.com\/it\/wp-json\/wp\/v2\/types\/page"}],"author":[{"embeddable":true,"href":"https:\/\/culturesconnection.com\/it\/wp-json\/wp\/v2\/users\/42"}],"replies":[{"embeddable":true,"href":"https:\/\/culturesconnection.com\/it\/wp-json\/wp\/v2\/comments?post=13841"}],"version-history":[{"count":0,"href":"https:\/\/culturesconnection.com\/it\/wp-json\/wp\/v2\/pages\/13841\/revisions"}],"wp:featuredmedia":[{"embeddable":true,"href":"https:\/\/culturesconnection.com\/it\/wp-json\/wp\/v2\/media\/13842"}],"wp:attachment":[{"href":"https:\/\/culturesconnection.com\/it\/wp-json\/wp\/v2\/media?parent=13841"}],"curies":[{"name":"wp","href":"https:\/\/api.w.org\/{rel}","templated":true}]}}