{"id":11231,"date":"2018-09-27T14:51:56","date_gmt":"2018-09-27T13:51:56","guid":{"rendered":"http:\/\/culturesconnection.com\/?page_id=11231"},"modified":"2022-06-25T04:05:44","modified_gmt":"2022-06-25T02:05:44","slug":"traduzione-medica-in-rumeno","status":"publish","type":"page","link":"https:\/\/culturesconnection.com\/it\/traduzione-medica-in-rumeno\/","title":{"rendered":"Traduzione medica in rumeno"},"content":{"rendered":"\n<h2 class=\"wp-block-heading\">SPECIALISTI DELLA TRADUZIONE MEDICA IN RUMENO<\/h2>\n\n\n\n<p><span style=\"font-weight: 400;\">La <a href=\"https:\/\/culturesconnection.com\/it\/traduzione-medica\/\">traduzione medica<\/a> \u00e8 probabilmente una delle traduzioni pi\u00f9 difficili del settore. Infatti la terminologia \u00e8 fondamentale in quanto una traduzione imprecisa di un termine potrebbe avere delle conseguenze gravi sulla vita dei pazienti. Ecco perch\u00e9 \u00e8 assolutamente necessario affidare i tuoi progetti di traduzione a un traduttore specializzato nel settore medico con alle spalle, generalmente, una lunga esperienza nel settore. Questo \u00e8 il miglior modo per essere padroni del vocabolario utilizzato e per identificare tutte le caratteristiche del testo di partenza. <\/span><\/p>\n\n\n\n<h2 class=\"wp-block-heading\">CERCHI UN TRADUTTORE MEDICO?<\/h2>\n\n\n\n<p><span style=\"font-weight: 400;\">La nostra <a href=\"https:\/\/culturesconnection.com\/it\/\">agenzia di traduzione<\/a> pu\u00f2 contare su una vasta rete di traduttori specializzati nel settore medico e con le competenze mediche e linguistiche che garantiscono <a href=\"https:\/\/culturesconnection.com\/it\/servizi-di-traduzione\/\">servizi di traduzione<\/a> affidabili, precisi e di qualit\u00e0. I nostri traduttori sono tutti madrelingua, questo vuol dire che traducono esclusivamente verso la loro madre lingua. Noi di Cultures Connection ci affidiamo ad esperti specializzati in diversi sotto-settori, il che ci permette di rispondere a una domanda che oggi \u00e8 in crescita. Se hai un progetto di traduzione medica in rumeno, puoi smettere di cercare: la nostra agenzia \u00e8 qui per te!<\/span><\/p>\n\n\n\n<h2 class=\"wp-block-heading\">I TUOI DOCUMENTI MEDICI IN RUMENO<\/h2>\n\n\n\n<p><span style=\"font-weight: 400;\">Ecco una lista non esaustiva di documenti medici che noi di Cultures Connection abbiamo gi\u00e0 tradotto in rumeno:<\/span><\/p>\n\n\n\n<ul class=\"wp-block-list\"><li style=\"font-weight: 400;\"><span style=\"font-weight: 400;\">Riviste mediche<\/span><\/li><li style=\"font-weight: 400;\"><span style=\"font-weight: 400;\">Relazioni di conferenze<\/span><\/li><li style=\"font-weight: 400;\"><span style=\"font-weight: 400;\">Pubblicazioni<\/span><\/li><li style=\"font-weight: 400;\"><span style=\"font-weight: 400;\">Relazioni e progetti di ricerca <\/span><\/li><li style=\"font-weight: 400;\"><span style=\"font-weight: 400;\">Risultati di studi e nuove ricerche<\/span><\/li><li style=\"font-weight: 400;\"><span style=\"font-weight: 400;\">Opere divulgative<\/span><\/li><li style=\"font-weight: 400;\"><span style=\"font-weight: 400;\">Rapporti di prova<\/span><\/li><li style=\"font-weight: 400;\"><span style=\"font-weight: 400;\">Questionari<\/span><\/li><li style=\"font-weight: 400;\"><span style=\"font-weight: 400;\">Foglietti illustrativi<\/span><\/li><li style=\"font-weight: 400;\"><span style=\"font-weight: 400;\">Posologia di nuovi prodotti<\/span><\/li><li style=\"font-weight: 400;\"><span style=\"font-weight: 400;\">Risultati di studi clinici<\/span><\/li><li style=\"font-weight: 400;\"><span style=\"font-weight: 400;\">Regolamenti farmaceutici<\/span><\/li><li style=\"font-weight: 400;\"><span style=\"font-weight: 400;\">Perizie mediche<\/span><\/li><\/ul>\n\n\n\n<h3 class=\"wp-block-heading\">&nbsp;Traduzione&nbsp;medica in&nbsp;tutte&nbsp;le&nbsp;lingue<\/h3>\n\n\n\n<ul class=\"wp-block-list\"><li><a href=\"https:\/\/culturesconnection.com\/it\/traduzione-medica-francese\/\">Traduzione&nbsp;medica&nbsp;in&nbsp;francese<\/a><\/li><li><a href=\"https:\/\/culturesconnection.com\/it\/traduzione-medica-spagnolo\/\">Traduzione&nbsp;medica&nbsp;in&nbsp;spagnolo<\/a><\/li><li><a href=\"https:\/\/culturesconnection.com\/it\/traduzione-medica-tedesco\/\">Traduzione&nbsp;medica&nbsp;in&nbsp;tedesco<\/a><\/li><li><a href=\"https:\/\/culturesconnection.com\/it\/traduzione-medica-cinese\/\">Traduzione&nbsp;medica&nbsp;in&nbsp;cinese<\/a><\/li><li><a href=\"https:\/\/culturesconnection.com\/it\/traduzione-medica-portoghese\/\">Traduzione&nbsp;medica&nbsp;in&nbsp;portoghese<\/a><\/li><li><a href=\"https:\/\/culturesconnection.com\/it\/traduzione-medica-in-inglese\/\">Traduzione&nbsp;medica&nbsp;in inglese<\/a><\/li><li><a href=\"https:\/\/culturesconnection.com\/it\/traduzione-medica-olandese\/\">Traduzione&nbsp;medica&nbsp;in&nbsp;olandese<\/a><\/li><li><a href=\"https:\/\/culturesconnection.com\/it\/traduzione-medica-turco\/\">Traduzione&nbsp;medica&nbsp; in&nbsp;turco<\/a><\/li><li><a href=\"https:\/\/culturesconnection.com\/it\/traduzione-medica-giapponese\/\">Traduzione&nbsp;medica&nbsp;in&nbsp;giapponese<\/a><\/li><li><a href=\"https:\/\/culturesconnection.com\/it\/traduzione-medica-russo\/\">Traduzione&nbsp;medica&nbsp;in&nbsp;russo<\/a><\/li><\/ul>\n","protected":false},"excerpt":{"rendered":"<p>SPECIALISTI DELLA TRADUZIONE MEDICA IN RUMENO La traduzione medica \u00e8 probabilmente una delle traduzioni pi\u00f9 difficili del settore. Infatti la terminologia \u00e8 fondamentale in quanto [&#8230;]<\/p>\n<p><a class=\"btn btn-secondary understrap-read-more-link\" href=\"https:\/\/culturesconnection.com\/it\/traduzione-medica-in-rumeno\/\">Leggi di pi\u00f9&#8230;<span class=\"screen-reader-text\"> from Traduzione medica in rumeno<\/span><\/a><\/p>\n","protected":false},"author":42,"featured_media":0,"parent":0,"menu_order":0,"comment_status":"closed","ping_status":"closed","template":"","meta":{"_acf_changed":false,"_editorskit_title_hidden":false,"_editorskit_reading_time":0,"_editorskit_is_block_options_detached":false,"_editorskit_block_options_position":"{}","footnotes":""},"class_list":["post-11231","page","type-page","status-publish","hentry"],"acf":[],"_links":{"self":[{"href":"https:\/\/culturesconnection.com\/it\/wp-json\/wp\/v2\/pages\/11231","targetHints":{"allow":["GET"]}}],"collection":[{"href":"https:\/\/culturesconnection.com\/it\/wp-json\/wp\/v2\/pages"}],"about":[{"href":"https:\/\/culturesconnection.com\/it\/wp-json\/wp\/v2\/types\/page"}],"author":[{"embeddable":true,"href":"https:\/\/culturesconnection.com\/it\/wp-json\/wp\/v2\/users\/42"}],"replies":[{"embeddable":true,"href":"https:\/\/culturesconnection.com\/it\/wp-json\/wp\/v2\/comments?post=11231"}],"version-history":[{"count":0,"href":"https:\/\/culturesconnection.com\/it\/wp-json\/wp\/v2\/pages\/11231\/revisions"}],"wp:attachment":[{"href":"https:\/\/culturesconnection.com\/it\/wp-json\/wp\/v2\/media?parent=11231"}],"curies":[{"name":"wp","href":"https:\/\/api.w.org\/{rel}","templated":true}]}}