{"id":11185,"date":"2018-09-26T17:57:17","date_gmt":"2018-09-26T16:57:17","guid":{"rendered":"http:\/\/culturesconnection.com\/?page_id=11185"},"modified":"2022-06-25T06:15:26","modified_gmt":"2022-06-25T04:15:26","slug":"traduzione-di-marketing-in-ungherese","status":"publish","type":"page","link":"https:\/\/culturesconnection.com\/it\/traduzione-di-marketing-in-ungherese\/","title":{"rendered":"Traduzione per il marketing in ungherese"},"content":{"rendered":"\n<h2 class=\"wp-block-heading\">SPECIALISTI DELLA TRADUZIONE DI MARKETING DALL\u2019ITALIANO ALL\u2019UNGHERESE A TUA DISPOSIZIONE<\/h2>\n\n\n\n<p><span style=\"font-weight: 400;\">La <a href=\"https:\/\/culturesconnection.com\/it\/traduzione-marketing\/\">traduzione del marketing,<\/a> o meglio la localizzazione del marketing, \u00e8 un lavoro molto diverso rispetto agli altri settori. Infatti, il traduttore deve soprattutto tradurre il messaggio del materiale piuttosto che le parole e per farlo bisogna tenere a mente che il pubblico cambia da un paese all\u2019altro. Uno stesso messaggio non sar\u00e0 accolto allo stesso modo da italiani e ungheresi. Il traduttore di marketing deve sapere soppesare le parole e gestire le differenze culturali tra la lingua di partenza e quella di arrivo per adattare al meglio il messaggio. Solo un traduttore specializzato nel settore del marketing pu\u00f2 completare i tuoi progetti e fornirti servizi di traduzione di qualit\u00e0. <\/span><\/p>\n\n\n\n<h2 class=\"wp-block-heading\">LA NOSTRA AGENZIA DI TRADUZIONE<\/h2>\n\n\n\n<p><span style=\"font-weight: 400;\">Vuoi far crescere la tua azienda all\u2019estero? E non sai a quale <a href=\"https:\/\/culturesconnection.com\/it\/\">agenzia di traduzione<\/a> rivolgerti per far tradurre in ungherese la tua nuova pubblicit\u00e0? Smetti di cercare, Cultures Connection \u00e8 l\u2019agenzia di cui hai bisogno. Noi ci rivolgiamo esclusivamente a traduttori specializzati nel settore del marketing e con un\u2019ottima conoscenza linguistica e delle culture delle lingue di lavoro. Ci\u00f2 garantisce una grande qualit\u00e0 e soprattutto evita imprecisioni o malintesi incresciosi dovuti a una traduzione sbagliata che pu\u00f2 intaccare l\u2019immagine della tua azienda. Affidati alla nostra agenzia di traduzione e ai nostri <a href=\"https:\/\/culturesconnection.com\/it\/servizi-di-traduzione\/\">servizi di traduzione<\/a> affidabili e di qualit\u00e0.<\/span><\/p>\n\n\n\n<h2 class=\"wp-block-heading\">I TUOI DOCUMENTI DI MARKETING IN UNGHERESE<\/h2>\n\n\n\n<p><span style=\"font-weight: 400;\">Ecco una lista non esaustiva delle traduzione di marketing in ungherese realizzate da Cultures Connection: <\/span><\/p>\n\n\n\n<ul class=\"wp-block-list\"><li style=\"font-weight: 400;\"><span style=\"font-weight: 400;\">Opuscoli<\/span><\/li><li style=\"font-weight: 400;\"><span style=\"font-weight: 400;\">Materiali pubblicitari<\/span><\/li><li style=\"font-weight: 400;\"><span style=\"font-weight: 400;\">Newsletter<\/span><\/li><li style=\"font-weight: 400;\"><span style=\"font-weight: 400;\">Siti e-commerce<\/span><\/li><li style=\"font-weight: 400;\"><span style=\"font-weight: 400;\">D\u00e9pliant<\/span><\/li><li style=\"font-weight: 400;\"><span style=\"font-weight: 400;\">Campagne di marketing<\/span><\/li><li style=\"font-weight: 400;\"><span style=\"font-weight: 400;\">Pubblicit\u00e0<\/span><\/li><li style=\"font-weight: 400;\"><span style=\"font-weight: 400;\">Siti web<\/span><\/li><li style=\"font-weight: 400;\"><span style=\"font-weight: 400;\">Slogan<\/span><\/li><li style=\"font-weight: 400;\"><span style=\"font-weight: 400;\">Loghi<\/span><\/li><li style=\"font-weight: 400;\"><span style=\"font-weight: 400;\">Presentazioni<\/span><\/li><li style=\"font-weight: 400;\"><span style=\"font-weight: 400;\">Lanci di prodotti<\/span><\/li><li style=\"font-weight: 400;\"><span style=\"font-weight: 400;\">Comunicati stampa<\/span><\/li><li style=\"font-weight: 400;\"><span style=\"font-weight: 400;\">E-book<\/span><\/li><\/ul>\n\n\n\n<h3 class=\"wp-block-heading\">&nbsp;Traduzione&nbsp;di&nbsp;marketing&nbsp;in&nbsp;tutte&nbsp;le&nbsp;lingue<\/h3>\n\n\n\n<ul class=\"wp-block-list\"><li><a href=\"https:\/\/culturesconnection.com\/it\/traduzione-marketing-spagnolo\/\">Traduzione&nbsp;in&nbsp;spagnolo&nbsp;di&nbsp;marketing<\/a><\/li><li><a href=\"https:\/\/culturesconnection.com\/it\/traduzione-marketing-tedesco\/\">Traduzione&nbsp;in&nbsp;tedesco&nbsp;di&nbsp;marketing<\/a><\/li><li><a href=\"https:\/\/culturesconnection.com\/it\/traduzione-marketing-cinese\/\">Traduzione&nbsp;in&nbsp;cinese&nbsp;di&nbsp;marketing<\/a><\/li><li><a href=\"https:\/\/culturesconnection.com\/it\/traduzione-di-marketing-in-arabo\/\">Traduzione&nbsp;in&nbsp;arabo&nbsp;di&nbsp;marketing<\/a><\/li><li><a href=\"https:\/\/culturesconnection.com\/it\/traduzione-marketing-portoghese\/\">Traduzione&nbsp;in&nbsp;portoghese&nbsp;di&nbsp;marketing<\/a><\/li><li><a href=\"https:\/\/culturesconnection.com\/it\/traduzione-per-il-marketing-in-inglese\/\">Traduzione&nbsp;in&nbsp;inglese di&nbsp;marketing<\/a><\/li><li><a href=\"https:\/\/culturesconnection.com\/it\/traduzioni-marketing-olandese\/\">Traduzione&nbsp;in&nbsp;olandese&nbsp;di&nbsp;marketing<\/a><\/li><li><a href=\"https:\/\/culturesconnection.com\/it\/traduzione-marketing-turco\/\">Traduzione&nbsp;in&nbsp;turco&nbsp;di&nbsp;marketing<\/a><\/li><li><a href=\"https:\/\/culturesconnection.com\/it\/traduzione-marketing-giapponese\/\">Traduzione&nbsp;in&nbsp;giapponese&nbsp;di&nbsp;marketing<\/a><\/li><li><a href=\"https:\/\/culturesconnection.com\/russian-marketing-translation-services\/\">Traduzione&nbsp;in&nbsp;russo&nbsp;di&nbsp;marketing<\/a><\/li><\/ul>\n","protected":false},"excerpt":{"rendered":"<p>SPECIALISTI DELLA TRADUZIONE DI MARKETING DALL\u2019ITALIANO ALL\u2019UNGHERESE A TUA DISPOSIZIONE La traduzione del marketing, o meglio la localizzazione del marketing, \u00e8 un lavoro molto diverso [&#8230;]<\/p>\n<p><a class=\"btn btn-secondary understrap-read-more-link\" href=\"https:\/\/culturesconnection.com\/it\/traduzione-di-marketing-in-ungherese\/\">Leggi di pi\u00f9&#8230;<span class=\"screen-reader-text\"> from Traduzione per il marketing in ungherese<\/span><\/a><\/p>\n","protected":false},"author":42,"featured_media":0,"parent":0,"menu_order":0,"comment_status":"closed","ping_status":"closed","template":"","meta":{"_acf_changed":false,"_editorskit_title_hidden":false,"_editorskit_reading_time":0,"_editorskit_is_block_options_detached":false,"_editorskit_block_options_position":"{}","footnotes":""},"class_list":["post-11185","page","type-page","status-publish","hentry"],"acf":[],"_links":{"self":[{"href":"https:\/\/culturesconnection.com\/it\/wp-json\/wp\/v2\/pages\/11185","targetHints":{"allow":["GET"]}}],"collection":[{"href":"https:\/\/culturesconnection.com\/it\/wp-json\/wp\/v2\/pages"}],"about":[{"href":"https:\/\/culturesconnection.com\/it\/wp-json\/wp\/v2\/types\/page"}],"author":[{"embeddable":true,"href":"https:\/\/culturesconnection.com\/it\/wp-json\/wp\/v2\/users\/42"}],"replies":[{"embeddable":true,"href":"https:\/\/culturesconnection.com\/it\/wp-json\/wp\/v2\/comments?post=11185"}],"version-history":[{"count":0,"href":"https:\/\/culturesconnection.com\/it\/wp-json\/wp\/v2\/pages\/11185\/revisions"}],"wp:attachment":[{"href":"https:\/\/culturesconnection.com\/it\/wp-json\/wp\/v2\/media?parent=11185"}],"curies":[{"name":"wp","href":"https:\/\/api.w.org\/{rel}","templated":true}]}}