{"id":11182,"date":"2018-09-26T17:39:28","date_gmt":"2018-09-26T16:39:28","guid":{"rendered":"http:\/\/culturesconnection.com\/?page_id=11182"},"modified":"2022-06-25T06:15:14","modified_gmt":"2022-06-25T04:15:14","slug":"traduzione-medica-in-ungherese","status":"publish","type":"page","link":"https:\/\/culturesconnection.com\/it\/traduzione-medica-in-ungherese\/","title":{"rendered":"Traduzione medica in ungherese"},"content":{"rendered":"\n<h2 class=\"wp-block-heading\">SPECIALISTI DELLA TRADUZIONE MEDICA IN UNGHERESE<\/h2>\n\n\n\n<p><span style=\"font-weight: 400;\">La <a href=\"https:\/\/culturesconnection.com\/it\/traduzione-medica\/\">traduzione medica<\/a> \u00e8 probabilmente una delle traduzioni pi\u00f9 difficili del settore. Infatti la terminologia \u00e8 fondamentale in quanto una traduzione imprecisa di un termine potrebbe avere delle conseguenze gravi sulla vita dei pazienti. Ecco perch\u00e9 \u00e8 assolutamente necessario affidare i tuoi progetti di traduzione a un traduttore specializzato nel settore medico con alle spalle, generalmente, una lunga esperienza nel settore. Questo \u00e8 il miglior modo per essere padroni del vocabolario utilizzato e per identificare tutte le caratteristiche del testo di partenza. <\/span><\/p>\n\n\n\n<h2 class=\"wp-block-heading\">CERCHI UN TRADUTTORE MEDICO?<\/h2>\n\n\n\n<p><span style=\"font-weight: 400;\">La nostra <a href=\"https:\/\/culturesconnection.com\/it\/\">agenzia di traduzione<\/a> pu\u00f2 contare su una vasta rete di traduttori specializzati nel settore medico e con le competenze mediche e linguistiche che garantiscono <a href=\"https:\/\/culturesconnection.com\/it\/servizi-di-traduzione\/\">servizi di traduzione<\/a> affidabili, precisi e di qualit\u00e0. I nostri traduttori sono tutti madrelingua, questo vuol dire che traducono esclusivamente verso la loro madre lingua. Noi di Cultures Connection ci affidiamo ad esperti specializzati in diversi sotto-settori, il che ci permette di rispondere a una domanda che oggi \u00e8 in crescita. Se hai un progetto di traduzione medica in ungherese, puoi smettere di cercare: la nostra agenzia \u00e8 qui per te!<\/span><\/p>\n\n\n\n<h2 class=\"wp-block-heading\">I TUOI DOCUMENTI MEDICI IN UNGHERESE<\/h2>\n\n\n\n<p><span style=\"font-weight: 400;\">Ecco una lista non esaustiva di documenti medici che noi di Cultures Connection abbiamo gi\u00e0 tradotto in ungherese:<\/span><\/p>\n\n\n\n<ul class=\"wp-block-list\"><li style=\"font-weight: 400;\"><span style=\"font-weight: 400;\">Riviste mediche<\/span><\/li><li style=\"font-weight: 400;\"><span style=\"font-weight: 400;\">Relazioni di conferenze<\/span><\/li><li style=\"font-weight: 400;\"><span style=\"font-weight: 400;\">Pubblicazioni<\/span><\/li><li style=\"font-weight: 400;\"><span style=\"font-weight: 400;\">Relazioni e progetti di ricerca <\/span><\/li><li style=\"font-weight: 400;\"><span style=\"font-weight: 400;\">Risultati di studi e nuove ricerche<\/span><\/li><li style=\"font-weight: 400;\"><span style=\"font-weight: 400;\">Opere divulgative<\/span><\/li><li style=\"font-weight: 400;\"><span style=\"font-weight: 400;\">Rapporti di prova<\/span><\/li><li style=\"font-weight: 400;\"><span style=\"font-weight: 400;\">Questionari<\/span><\/li><li style=\"font-weight: 400;\"><span style=\"font-weight: 400;\">Foglietti illustrativi<\/span><\/li><li style=\"font-weight: 400;\"><span style=\"font-weight: 400;\">Posologia di nuovi prodotti<\/span><\/li><li style=\"font-weight: 400;\"><span style=\"font-weight: 400;\">Risultati di studi clinici<\/span><\/li><li style=\"font-weight: 400;\"><span style=\"font-weight: 400;\">Regolamenti farmaceutici<\/span><\/li><li style=\"font-weight: 400;\"><span style=\"font-weight: 400;\">Perizie mediche<\/span><\/li><\/ul>\n\n\n\n<h3 class=\"wp-block-heading\">&nbsp;Traduzione&nbsp;medica in&nbsp;tutte&nbsp;le&nbsp;lingue<\/h3>\n\n\n\n<ul class=\"wp-block-list\"><li><a href=\"https:\/\/culturesconnection.com\/it\/traduzione-medica-francese\/\">Traduzione&nbsp;medica&nbsp;in&nbsp;francese<\/a><\/li><li><a href=\"https:\/\/culturesconnection.com\/it\/traduzione-medica-spagnolo\/\">Traduzione&nbsp;medica&nbsp;in&nbsp;spagnolo<\/a><\/li><li><a href=\"https:\/\/culturesconnection.com\/it\/traduzione-medica-tedesco\/\">Traduzione&nbsp;medica&nbsp;in&nbsp;tedesco<\/a><\/li><li><a href=\"https:\/\/culturesconnection.com\/it\/traduzione-medica-cinese\/\">Traduzione&nbsp;medica&nbsp;in&nbsp;cinese<\/a><\/li><li><a href=\"https:\/\/culturesconnection.com\/it\/traduzione-medica-portoghese\/\">Traduzione&nbsp;medica&nbsp;in&nbsp;portoghese<\/a><\/li><li><a href=\"https:\/\/culturesconnection.com\/it\/traduzione-medica-in-inglese\/\">Traduzione&nbsp;medica&nbsp;in inglese<\/a><\/li><li><a href=\"https:\/\/culturesconnection.com\/it\/traduzione-medica-olandese\/\">Traduzione&nbsp;medica&nbsp;in&nbsp;olandese<\/a><\/li><li><a href=\"https:\/\/culturesconnection.com\/it\/traduzione-medica-turco\/\">Traduzione&nbsp;medica&nbsp; in&nbsp;turco<\/a><\/li><li><a href=\"https:\/\/culturesconnection.com\/it\/traduzione-medica-giapponese\/\">Traduzione&nbsp;medica&nbsp;in&nbsp;giapponese<\/a><\/li><li><a href=\"https:\/\/culturesconnection.com\/it\/traduzione-medica-russo\/\">Traduzione&nbsp;medica&nbsp;in&nbsp;russo<\/a><\/li><\/ul>\n","protected":false},"excerpt":{"rendered":"<p>SPECIALISTI DELLA TRADUZIONE MEDICA IN UNGHERESE La traduzione medica \u00e8 probabilmente una delle traduzioni pi\u00f9 difficili del settore. Infatti la terminologia \u00e8 fondamentale in quanto [&#8230;]<\/p>\n<p><a class=\"btn btn-secondary understrap-read-more-link\" href=\"https:\/\/culturesconnection.com\/it\/traduzione-medica-in-ungherese\/\">Leggi di pi\u00f9&#8230;<span class=\"screen-reader-text\"> from Traduzione medica in ungherese<\/span><\/a><\/p>\n","protected":false},"author":42,"featured_media":0,"parent":0,"menu_order":0,"comment_status":"closed","ping_status":"closed","template":"","meta":{"_acf_changed":false,"_editorskit_title_hidden":false,"_editorskit_reading_time":0,"_editorskit_is_block_options_detached":false,"_editorskit_block_options_position":"{}","footnotes":""},"class_list":["post-11182","page","type-page","status-publish","hentry"],"acf":[],"yoast_head":"<!-- This site is optimized with the Yoast SEO Premium plugin v23.4 (Yoast SEO v27.3) - https:\/\/yoast.com\/product\/yoast-seo-premium-wordpress\/ -->\n<title>Servizi di traduzione medica in ungherese<\/title>\n<meta name=\"description\" content=\"Data la delicatezza degli argomenti, i testi medici possono essere tradotti solo da esperti del settore, come quelli che ti offre la nostra agenzia.\" \/>\n<meta name=\"robots\" content=\"index, follow, max-snippet:-1, max-image-preview:large, max-video-preview:-1\" \/>\n<link rel=\"canonical\" href=\"https:\/\/culturesconnection.com\/it\/traduzione-medica-in-ungherese\/\" \/>\n<meta property=\"og:locale\" content=\"it_IT\" \/>\n<meta property=\"og:type\" content=\"article\" \/>\n<meta property=\"og:title\" content=\"Traduzione medica in ungherese\" \/>\n<meta property=\"og:description\" content=\"Data la delicatezza degli argomenti, i testi medici possono essere tradotti solo da esperti del settore, come quelli che ti offre la nostra agenzia.\" \/>\n<meta property=\"og:url\" content=\"https:\/\/culturesconnection.com\/it\/traduzione-medica-in-ungherese\/\" \/>\n<meta property=\"og:site_name\" content=\"Cultures Connection\" \/>\n<meta property=\"article:publisher\" content=\"https:\/\/www.facebook.com\/CulturesConnection\" \/>\n<meta property=\"article:modified_time\" content=\"2022-06-25T04:15:14+00:00\" \/>\n<meta property=\"og:image\" content=\"https:\/\/culturesconnection.com\/wp-content\/uploads\/2022\/07\/brochure2022.webp\" \/>\n\t<meta property=\"og:image:width\" content=\"1654\" \/>\n\t<meta property=\"og:image:height\" content=\"1169\" \/>\n\t<meta property=\"og:image:type\" content=\"image\/webp\" \/>\n<meta name=\"twitter:card\" content=\"summary_large_image\" \/>\n<meta name=\"twitter:site\" content=\"@CulturesCo_\" \/>\n<meta name=\"twitter:label1\" content=\"Tempo di lettura stimato\" \/>\n\t<meta name=\"twitter:data1\" content=\"2 minuti\" \/>\n<script type=\"application\/ld+json\" class=\"yoast-schema-graph\">{\"@context\":\"https:\\\/\\\/schema.org\",\"@graph\":[{\"@type\":\"WebPage\",\"@id\":\"https:\\\/\\\/culturesconnection.com\\\/it\\\/traduzione-medica-in-ungherese\\\/\",\"url\":\"https:\\\/\\\/culturesconnection.com\\\/it\\\/traduzione-medica-in-ungherese\\\/\",\"name\":\"Servizi di traduzione medica in ungherese\",\"isPartOf\":{\"@id\":\"https:\\\/\\\/culturesconnection.com\\\/fr\\\/#website\"},\"datePublished\":\"2018-09-26T16:39:28+00:00\",\"dateModified\":\"2022-06-25T04:15:14+00:00\",\"description\":\"Data la delicatezza degli argomenti, i testi medici possono essere tradotti solo da esperti del settore, come quelli che ti offre la nostra agenzia.\",\"breadcrumb\":{\"@id\":\"https:\\\/\\\/culturesconnection.com\\\/it\\\/traduzione-medica-in-ungherese\\\/#breadcrumb\"},\"inLanguage\":\"it-IT\",\"potentialAction\":[{\"@type\":\"ReadAction\",\"target\":[\"https:\\\/\\\/culturesconnection.com\\\/it\\\/traduzione-medica-in-ungherese\\\/\"]}]},{\"@type\":\"BreadcrumbList\",\"@id\":\"https:\\\/\\\/culturesconnection.com\\\/it\\\/traduzione-medica-in-ungherese\\\/#breadcrumb\",\"itemListElement\":[{\"@type\":\"ListItem\",\"position\":1,\"name\":\"Home\",\"item\":\"https:\\\/\\\/culturesconnection.com\\\/it\\\/\"},{\"@type\":\"ListItem\",\"position\":2,\"name\":\"Traduzione medica in ungherese\"}]},{\"@type\":\"WebSite\",\"@id\":\"https:\\\/\\\/culturesconnection.com\\\/fr\\\/#website\",\"url\":\"https:\\\/\\\/culturesconnection.com\\\/fr\\\/\",\"name\":\"Cultures Connection\",\"description\":\"Cultures Connection is a translation agency dedicated to the success of its international clients.\",\"publisher\":{\"@id\":\"https:\\\/\\\/culturesconnection.com\\\/fr\\\/#organization\"},\"potentialAction\":[{\"@type\":\"SearchAction\",\"target\":{\"@type\":\"EntryPoint\",\"urlTemplate\":\"https:\\\/\\\/culturesconnection.com\\\/fr\\\/?s={search_term_string}\"},\"query-input\":{\"@type\":\"PropertyValueSpecification\",\"valueRequired\":true,\"valueName\":\"search_term_string\"}}],\"inLanguage\":\"it-IT\"},{\"@type\":\"Organization\",\"@id\":\"https:\\\/\\\/culturesconnection.com\\\/fr\\\/#organization\",\"name\":\"Cultures Connection\",\"url\":\"https:\\\/\\\/culturesconnection.com\\\/fr\\\/\",\"logo\":{\"@type\":\"ImageObject\",\"inLanguage\":\"it-IT\",\"@id\":\"https:\\\/\\\/culturesconnection.com\\\/fr\\\/#\\\/schema\\\/logo\\\/image\\\/\",\"url\":\"https:\\\/\\\/culturesconnection.com\\\/wp-content\\\/uploads\\\/2022\\\/06\\\/cropped-favicon512x512.png\",\"contentUrl\":\"https:\\\/\\\/culturesconnection.com\\\/wp-content\\\/uploads\\\/2022\\\/06\\\/cropped-favicon512x512.png\",\"width\":512,\"height\":512,\"caption\":\"Cultures Connection\"},\"image\":{\"@id\":\"https:\\\/\\\/culturesconnection.com\\\/fr\\\/#\\\/schema\\\/logo\\\/image\\\/\"},\"sameAs\":[\"https:\\\/\\\/www.facebook.com\\\/CulturesConnection\",\"https:\\\/\\\/x.com\\\/CulturesCo_\"]}]}<\/script>\n<!-- \/ Yoast SEO Premium plugin. -->","yoast_head_json":{"title":"Servizi di traduzione medica in ungherese","description":"Data la delicatezza degli argomenti, i testi medici possono essere tradotti solo da esperti del settore, come quelli che ti offre la nostra agenzia.","robots":{"index":"index","follow":"follow","max-snippet":"max-snippet:-1","max-image-preview":"max-image-preview:large","max-video-preview":"max-video-preview:-1"},"canonical":"https:\/\/culturesconnection.com\/it\/traduzione-medica-in-ungherese\/","og_locale":"it_IT","og_type":"article","og_title":"Traduzione medica in ungherese","og_description":"Data la delicatezza degli argomenti, i testi medici possono essere tradotti solo da esperti del settore, come quelli che ti offre la nostra agenzia.","og_url":"https:\/\/culturesconnection.com\/it\/traduzione-medica-in-ungherese\/","og_site_name":"Cultures Connection","article_publisher":"https:\/\/www.facebook.com\/CulturesConnection","article_modified_time":"2022-06-25T04:15:14+00:00","og_image":[{"width":1654,"height":1169,"url":"https:\/\/culturesconnection.com\/wp-content\/uploads\/2022\/07\/brochure2022.webp","type":"image\/webp"}],"twitter_card":"summary_large_image","twitter_site":"@CulturesCo_","twitter_misc":{"Tempo di lettura stimato":"2 minuti"},"schema":{"@context":"https:\/\/schema.org","@graph":[{"@type":"WebPage","@id":"https:\/\/culturesconnection.com\/it\/traduzione-medica-in-ungherese\/","url":"https:\/\/culturesconnection.com\/it\/traduzione-medica-in-ungherese\/","name":"Servizi di traduzione medica in ungherese","isPartOf":{"@id":"https:\/\/culturesconnection.com\/fr\/#website"},"datePublished":"2018-09-26T16:39:28+00:00","dateModified":"2022-06-25T04:15:14+00:00","description":"Data la delicatezza degli argomenti, i testi medici possono essere tradotti solo da esperti del settore, come quelli che ti offre la nostra agenzia.","breadcrumb":{"@id":"https:\/\/culturesconnection.com\/it\/traduzione-medica-in-ungherese\/#breadcrumb"},"inLanguage":"it-IT","potentialAction":[{"@type":"ReadAction","target":["https:\/\/culturesconnection.com\/it\/traduzione-medica-in-ungherese\/"]}]},{"@type":"BreadcrumbList","@id":"https:\/\/culturesconnection.com\/it\/traduzione-medica-in-ungherese\/#breadcrumb","itemListElement":[{"@type":"ListItem","position":1,"name":"Home","item":"https:\/\/culturesconnection.com\/it\/"},{"@type":"ListItem","position":2,"name":"Traduzione medica in ungherese"}]},{"@type":"WebSite","@id":"https:\/\/culturesconnection.com\/fr\/#website","url":"https:\/\/culturesconnection.com\/fr\/","name":"Cultures Connection","description":"Cultures Connection is a translation agency dedicated to the success of its international clients.","publisher":{"@id":"https:\/\/culturesconnection.com\/fr\/#organization"},"potentialAction":[{"@type":"SearchAction","target":{"@type":"EntryPoint","urlTemplate":"https:\/\/culturesconnection.com\/fr\/?s={search_term_string}"},"query-input":{"@type":"PropertyValueSpecification","valueRequired":true,"valueName":"search_term_string"}}],"inLanguage":"it-IT"},{"@type":"Organization","@id":"https:\/\/culturesconnection.com\/fr\/#organization","name":"Cultures Connection","url":"https:\/\/culturesconnection.com\/fr\/","logo":{"@type":"ImageObject","inLanguage":"it-IT","@id":"https:\/\/culturesconnection.com\/fr\/#\/schema\/logo\/image\/","url":"https:\/\/culturesconnection.com\/wp-content\/uploads\/2022\/06\/cropped-favicon512x512.png","contentUrl":"https:\/\/culturesconnection.com\/wp-content\/uploads\/2022\/06\/cropped-favicon512x512.png","width":512,"height":512,"caption":"Cultures Connection"},"image":{"@id":"https:\/\/culturesconnection.com\/fr\/#\/schema\/logo\/image\/"},"sameAs":["https:\/\/www.facebook.com\/CulturesConnection","https:\/\/x.com\/CulturesCo_"]}]}},"_links":{"self":[{"href":"https:\/\/culturesconnection.com\/it\/wp-json\/wp\/v2\/pages\/11182","targetHints":{"allow":["GET"]}}],"collection":[{"href":"https:\/\/culturesconnection.com\/it\/wp-json\/wp\/v2\/pages"}],"about":[{"href":"https:\/\/culturesconnection.com\/it\/wp-json\/wp\/v2\/types\/page"}],"author":[{"embeddable":true,"href":"https:\/\/culturesconnection.com\/it\/wp-json\/wp\/v2\/users\/42"}],"replies":[{"embeddable":true,"href":"https:\/\/culturesconnection.com\/it\/wp-json\/wp\/v2\/comments?post=11182"}],"version-history":[{"count":0,"href":"https:\/\/culturesconnection.com\/it\/wp-json\/wp\/v2\/pages\/11182\/revisions"}],"wp:attachment":[{"href":"https:\/\/culturesconnection.com\/it\/wp-json\/wp\/v2\/media?parent=11182"}],"curies":[{"name":"wp","href":"https:\/\/api.w.org\/{rel}","templated":true}]}}