{"id":11179,"date":"2018-09-26T17:33:01","date_gmt":"2018-09-26T15:33:01","guid":{"rendered":"http:\/\/culturesconnection.com\/?page_id=11179"},"modified":"2022-06-25T06:19:10","modified_gmt":"2022-06-25T04:19:10","slug":"traduzione-scientifica-in-ungherese","status":"publish","type":"page","link":"https:\/\/culturesconnection.com\/it\/traduzione-scientifica-in-ungherese\/","title":{"rendered":"I nostri servizi di traduzione scientifica in ungherese"},"content":{"rendered":"\n<h2 class=\"wp-block-heading\">LA TRADUZIONE SCIENTIFICA DALL\u2019ITALIANO ALL\u2019UNGHERESE: UNA QUESTIONE DI GRANDE PRECISIONE<\/h2>\n\n\n\n<p><span style=\"font-weight: 400;\">Il settore scientifico si caratterizza per le sue diverse specializzazioni, ognuna con la propria terminologia specifica. Il traduttore esperto deve saper gestire il vocabolario specifico di tutte queste specializzazioni. La ricerca fa parte del suo lavoro dato che, a volte, i termini e le nozioni sono complessi e lui deve fare ricerche in dizionari specializzati o in manuali scientifici per tradurre il testo garantendo la massima affidabilit\u00e0 possibile. <\/span><\/p>\n\n\n\n<h2 class=\"wp-block-heading\">LA NOSTRA AGENZIA DI TRADUZIONE<\/h2>\n\n\n\n<p><span style=\"font-weight: 400;\">La nostra <a href=\"https:\/\/culturesconnection.com\/it\/\">agenzia di traduzione<\/a> col tempo si \u00e8 specializzata nel settore della traduzione scientifica e ha creato una vasta rete di traduttori esperti nel settore. Si tratta di specialisti in diversi sotto-settori; che si tratti di biotecnologia, di vulcanologia o di geochimica, noi di Cultures Connection garantiamo ai nostri clienti il servizio che fa per loro. Inoltre, i nostri traduttori conoscono almeno due lingue, conoscono alla perfezione l\u2019italiano e l\u2019ungherese, ad esempio, e traducono esclusivamente verso la loro lingua madre. Ci\u00f2 ci permette di proporti servizi di traduzione di ottima qualit\u00e0, coniugando affidabilit\u00e0 e precisione. Scegli la sicurezza, scegli Cultures Connection per i tuoi prossimi <a href=\"https:\/\/culturesconnection.com\/it\/servizi-di-traduzione\/\">progetti di traduzione<\/a> scientifica in norvegese!<\/span><\/p>\n\n\n\n<h2 class=\"wp-block-heading\">I TUOI DOCUMENTI SCIENTIFICI IN UNGHERESE<\/h2>\n\n\n\n<p><span style=\"font-weight: 400;\">La nostra agenzia di traduzione \u00e8 specializzata in una vasta gamma di <a href=\"https:\/\/culturesconnection.com\/it\/traduzione-scientifica\/\">documenti scientifici<\/a> in ungherese. Ecco una lista esemplificativa:<\/span><\/p>\n\n\n\n<ul class=\"wp-block-list\"><li style=\"font-weight: 400;\"><span style=\"font-weight: 400;\">Lessico, enciclopedie scientifiche e glossari<\/span><\/li><li style=\"font-weight: 400;\"><span style=\"font-weight: 400;\">Documenti tecnici e articoli di ricerca<\/span><\/li><li style=\"font-weight: 400;\"><span style=\"font-weight: 400;\">Manuali per operatori e per utenti<\/span><\/li><li style=\"font-weight: 400;\"><span style=\"font-weight: 400;\">Prove di laboratorio, protocolli analitici<\/span><\/li><li style=\"font-weight: 400;\"><span style=\"font-weight: 400;\">Documenti legali, brevetti e linee guida<\/span><\/li><li style=\"font-weight: 400;\"><span style=\"font-weight: 400;\">Specifiche tecniche<\/span><\/li><li style=\"font-weight: 400;\"><span style=\"font-weight: 400;\">Progetti e studi di mercato transnazionali<\/span><\/li><li style=\"font-weight: 400;\"><span style=\"font-weight: 400;\">Software di simulazione (biotecnologie, ambiente, riabilitazione dei siti industriali)<\/span><\/li><li style=\"font-weight: 400;\"><span style=\"font-weight: 400;\">Presentazioni multimediali e video<\/span><\/li><li style=\"font-weight: 400;\"><span style=\"font-weight: 400;\">Traduzione e localizzazione di siti web<\/span><\/li><li style=\"font-weight: 400;\"><span style=\"font-weight: 400;\">Traduzione di schede informative, presentazioni per congressi<\/span><\/li><\/ul>\n\n\n\n<h3 class=\"wp-block-heading\">&nbsp;Traduzione scientifica in tutte le lingue<\/h3>\n\n\n\n<ul class=\"wp-block-list\"><li><a href=\"https:\/\/culturesconnection.com\/it\/traduzione-scientifica-francese\/\">Traduzione&nbsp;scientifica&nbsp;in&nbsp;francese<\/a><\/li><li><a href=\"https:\/\/culturesconnection.com\/it\/traduzione-scientifica-in-spagnolo\/\">Traduzione&nbsp;scientifica&nbsp;in&nbsp;spagnolo<\/a><\/li><li><a href=\"https:\/\/culturesconnection.com\/it\/traduzione-scientifica-tedesco\/\">Traduzione&nbsp;scientifica&nbsp;in&nbsp;tedesco<\/a><\/li><li><a href=\"https:\/\/culturesconnection.com\/it\/traduzione-scientifica-cinese\/\">Traduzione&nbsp;scientifica&nbsp;in&nbsp;cinese<\/a><\/li><li><a href=\"https:\/\/culturesconnection.com\/it\/traduzione-scientifica-in-arabo\/\">Traduzione&nbsp;scientifica&nbsp;in&nbsp;arabo<\/a><\/li><li><a href=\"https:\/\/culturesconnection.com\/it\/traduzione-scientifica-in-inglese\/\">Traduzione&nbsp;scientifica&nbsp;in inglese<\/a><\/li><li><a href=\"https:\/\/culturesconnection.com\/it\/traduzione-scientifica-olandese\/\">Traduzione&nbsp;scientifica&nbsp;in&nbsp;olandese<\/a><\/li><li><a href=\"https:\/\/culturesconnection.com\/it\/traduzione-scientifica-in-turco\/\">Traduzione&nbsp;scientifica&nbsp;in&nbsp;turco<\/a><\/li><li><a href=\"https:\/\/culturesconnection.com\/it\/traduzione-scientifica-giapponese\/\">Traduzione&nbsp;scientifica&nbsp;in&nbsp;giapponese<\/a><\/li><li><a href=\"https:\/\/culturesconnection.com\/it\/traduzione-scientifica-russo\/\">Traduzione&nbsp;scientifica&nbsp;in&nbsp;russo<\/a><\/li><\/ul>\n","protected":false},"excerpt":{"rendered":"<p>LA TRADUZIONE SCIENTIFICA DALL\u2019ITALIANO ALL\u2019UNGHERESE: UNA QUESTIONE DI GRANDE PRECISIONE Il settore scientifico si caratterizza per le sue diverse specializzazioni, ognuna con la propria terminologia [&#8230;]<\/p>\n<p><a class=\"btn btn-secondary understrap-read-more-link\" href=\"https:\/\/culturesconnection.com\/it\/traduzione-scientifica-in-ungherese\/\">Leggi di pi\u00f9&#8230;<span class=\"screen-reader-text\"> from I nostri servizi di traduzione scientifica in ungherese<\/span><\/a><\/p>\n","protected":false},"author":42,"featured_media":0,"parent":0,"menu_order":0,"comment_status":"closed","ping_status":"closed","template":"","meta":{"_acf_changed":false,"_editorskit_title_hidden":false,"_editorskit_reading_time":0,"_editorskit_is_block_options_detached":false,"_editorskit_block_options_position":"{}","footnotes":""},"class_list":["post-11179","page","type-page","status-publish","hentry"],"acf":[],"yoast_head":"<!-- This site is optimized with the Yoast SEO Premium plugin v23.4 (Yoast SEO v27.3) - https:\/\/yoast.com\/product\/yoast-seo-premium-wordpress\/ -->\n<title>Servizi di traduzione scientifica in ungherese<\/title>\n<meta name=\"description\" content=\"Data la complessit\u00e0 dei testi scientifici, per la loro traduzione da e verso l&#039;ungherese, affidati ai traduttori esperti di Cultures Connection.\" \/>\n<meta name=\"robots\" content=\"index, follow, max-snippet:-1, max-image-preview:large, max-video-preview:-1\" \/>\n<link rel=\"canonical\" href=\"https:\/\/culturesconnection.com\/it\/traduzione-scientifica-in-ungherese\/\" \/>\n<meta property=\"og:locale\" content=\"it_IT\" \/>\n<meta property=\"og:type\" content=\"article\" \/>\n<meta property=\"og:title\" content=\"I nostri servizi di traduzione scientifica in ungherese\" \/>\n<meta property=\"og:description\" content=\"Data la complessit\u00e0 dei testi scientifici, per la loro traduzione da e verso l&#039;ungherese, affidati ai traduttori esperti di Cultures Connection.\" \/>\n<meta property=\"og:url\" content=\"https:\/\/culturesconnection.com\/it\/traduzione-scientifica-in-ungherese\/\" \/>\n<meta property=\"og:site_name\" content=\"Cultures Connection\" \/>\n<meta property=\"article:publisher\" content=\"https:\/\/www.facebook.com\/CulturesConnection\" \/>\n<meta property=\"article:modified_time\" content=\"2022-06-25T04:19:10+00:00\" \/>\n<meta property=\"og:image\" content=\"https:\/\/culturesconnection.com\/wp-content\/uploads\/2022\/07\/brochure2022.webp\" \/>\n\t<meta property=\"og:image:width\" content=\"1654\" \/>\n\t<meta property=\"og:image:height\" content=\"1169\" \/>\n\t<meta property=\"og:image:type\" content=\"image\/webp\" \/>\n<meta name=\"twitter:card\" content=\"summary_large_image\" \/>\n<meta name=\"twitter:site\" content=\"@CulturesCo_\" \/>\n<meta name=\"twitter:label1\" content=\"Tempo di lettura stimato\" \/>\n\t<meta name=\"twitter:data1\" content=\"2 minuti\" \/>\n<script type=\"application\/ld+json\" class=\"yoast-schema-graph\">{\"@context\":\"https:\\\/\\\/schema.org\",\"@graph\":[{\"@type\":\"WebPage\",\"@id\":\"https:\\\/\\\/culturesconnection.com\\\/it\\\/traduzione-scientifica-in-ungherese\\\/\",\"url\":\"https:\\\/\\\/culturesconnection.com\\\/it\\\/traduzione-scientifica-in-ungherese\\\/\",\"name\":\"Servizi di traduzione scientifica in ungherese\",\"isPartOf\":{\"@id\":\"https:\\\/\\\/culturesconnection.com\\\/fr\\\/#website\"},\"datePublished\":\"2018-09-26T15:33:01+00:00\",\"dateModified\":\"2022-06-25T04:19:10+00:00\",\"description\":\"Data la complessit\u00e0 dei testi scientifici, per la loro traduzione da e verso l'ungherese, affidati ai traduttori esperti di Cultures Connection.\",\"breadcrumb\":{\"@id\":\"https:\\\/\\\/culturesconnection.com\\\/it\\\/traduzione-scientifica-in-ungherese\\\/#breadcrumb\"},\"inLanguage\":\"it-IT\",\"potentialAction\":[{\"@type\":\"ReadAction\",\"target\":[\"https:\\\/\\\/culturesconnection.com\\\/it\\\/traduzione-scientifica-in-ungherese\\\/\"]}]},{\"@type\":\"BreadcrumbList\",\"@id\":\"https:\\\/\\\/culturesconnection.com\\\/it\\\/traduzione-scientifica-in-ungherese\\\/#breadcrumb\",\"itemListElement\":[{\"@type\":\"ListItem\",\"position\":1,\"name\":\"Home\",\"item\":\"https:\\\/\\\/culturesconnection.com\\\/it\\\/\"},{\"@type\":\"ListItem\",\"position\":2,\"name\":\"I nostri servizi di traduzione scientifica in ungherese\"}]},{\"@type\":\"WebSite\",\"@id\":\"https:\\\/\\\/culturesconnection.com\\\/fr\\\/#website\",\"url\":\"https:\\\/\\\/culturesconnection.com\\\/fr\\\/\",\"name\":\"Cultures Connection\",\"description\":\"Cultures Connection is a translation agency dedicated to the success of its international clients.\",\"publisher\":{\"@id\":\"https:\\\/\\\/culturesconnection.com\\\/fr\\\/#organization\"},\"potentialAction\":[{\"@type\":\"SearchAction\",\"target\":{\"@type\":\"EntryPoint\",\"urlTemplate\":\"https:\\\/\\\/culturesconnection.com\\\/fr\\\/?s={search_term_string}\"},\"query-input\":{\"@type\":\"PropertyValueSpecification\",\"valueRequired\":true,\"valueName\":\"search_term_string\"}}],\"inLanguage\":\"it-IT\"},{\"@type\":\"Organization\",\"@id\":\"https:\\\/\\\/culturesconnection.com\\\/fr\\\/#organization\",\"name\":\"Cultures Connection\",\"url\":\"https:\\\/\\\/culturesconnection.com\\\/fr\\\/\",\"logo\":{\"@type\":\"ImageObject\",\"inLanguage\":\"it-IT\",\"@id\":\"https:\\\/\\\/culturesconnection.com\\\/fr\\\/#\\\/schema\\\/logo\\\/image\\\/\",\"url\":\"https:\\\/\\\/culturesconnection.com\\\/wp-content\\\/uploads\\\/2022\\\/06\\\/cropped-favicon512x512.png\",\"contentUrl\":\"https:\\\/\\\/culturesconnection.com\\\/wp-content\\\/uploads\\\/2022\\\/06\\\/cropped-favicon512x512.png\",\"width\":512,\"height\":512,\"caption\":\"Cultures Connection\"},\"image\":{\"@id\":\"https:\\\/\\\/culturesconnection.com\\\/fr\\\/#\\\/schema\\\/logo\\\/image\\\/\"},\"sameAs\":[\"https:\\\/\\\/www.facebook.com\\\/CulturesConnection\",\"https:\\\/\\\/x.com\\\/CulturesCo_\"]}]}<\/script>\n<!-- \/ Yoast SEO Premium plugin. -->","yoast_head_json":{"title":"Servizi di traduzione scientifica in ungherese","description":"Data la complessit\u00e0 dei testi scientifici, per la loro traduzione da e verso l'ungherese, affidati ai traduttori esperti di Cultures Connection.","robots":{"index":"index","follow":"follow","max-snippet":"max-snippet:-1","max-image-preview":"max-image-preview:large","max-video-preview":"max-video-preview:-1"},"canonical":"https:\/\/culturesconnection.com\/it\/traduzione-scientifica-in-ungherese\/","og_locale":"it_IT","og_type":"article","og_title":"I nostri servizi di traduzione scientifica in ungherese","og_description":"Data la complessit\u00e0 dei testi scientifici, per la loro traduzione da e verso l'ungherese, affidati ai traduttori esperti di Cultures Connection.","og_url":"https:\/\/culturesconnection.com\/it\/traduzione-scientifica-in-ungherese\/","og_site_name":"Cultures Connection","article_publisher":"https:\/\/www.facebook.com\/CulturesConnection","article_modified_time":"2022-06-25T04:19:10+00:00","og_image":[{"width":1654,"height":1169,"url":"https:\/\/culturesconnection.com\/wp-content\/uploads\/2022\/07\/brochure2022.webp","type":"image\/webp"}],"twitter_card":"summary_large_image","twitter_site":"@CulturesCo_","twitter_misc":{"Tempo di lettura stimato":"2 minuti"},"schema":{"@context":"https:\/\/schema.org","@graph":[{"@type":"WebPage","@id":"https:\/\/culturesconnection.com\/it\/traduzione-scientifica-in-ungherese\/","url":"https:\/\/culturesconnection.com\/it\/traduzione-scientifica-in-ungherese\/","name":"Servizi di traduzione scientifica in ungherese","isPartOf":{"@id":"https:\/\/culturesconnection.com\/fr\/#website"},"datePublished":"2018-09-26T15:33:01+00:00","dateModified":"2022-06-25T04:19:10+00:00","description":"Data la complessit\u00e0 dei testi scientifici, per la loro traduzione da e verso l'ungherese, affidati ai traduttori esperti di Cultures Connection.","breadcrumb":{"@id":"https:\/\/culturesconnection.com\/it\/traduzione-scientifica-in-ungherese\/#breadcrumb"},"inLanguage":"it-IT","potentialAction":[{"@type":"ReadAction","target":["https:\/\/culturesconnection.com\/it\/traduzione-scientifica-in-ungherese\/"]}]},{"@type":"BreadcrumbList","@id":"https:\/\/culturesconnection.com\/it\/traduzione-scientifica-in-ungherese\/#breadcrumb","itemListElement":[{"@type":"ListItem","position":1,"name":"Home","item":"https:\/\/culturesconnection.com\/it\/"},{"@type":"ListItem","position":2,"name":"I nostri servizi di traduzione scientifica in ungherese"}]},{"@type":"WebSite","@id":"https:\/\/culturesconnection.com\/fr\/#website","url":"https:\/\/culturesconnection.com\/fr\/","name":"Cultures Connection","description":"Cultures Connection is a translation agency dedicated to the success of its international clients.","publisher":{"@id":"https:\/\/culturesconnection.com\/fr\/#organization"},"potentialAction":[{"@type":"SearchAction","target":{"@type":"EntryPoint","urlTemplate":"https:\/\/culturesconnection.com\/fr\/?s={search_term_string}"},"query-input":{"@type":"PropertyValueSpecification","valueRequired":true,"valueName":"search_term_string"}}],"inLanguage":"it-IT"},{"@type":"Organization","@id":"https:\/\/culturesconnection.com\/fr\/#organization","name":"Cultures Connection","url":"https:\/\/culturesconnection.com\/fr\/","logo":{"@type":"ImageObject","inLanguage":"it-IT","@id":"https:\/\/culturesconnection.com\/fr\/#\/schema\/logo\/image\/","url":"https:\/\/culturesconnection.com\/wp-content\/uploads\/2022\/06\/cropped-favicon512x512.png","contentUrl":"https:\/\/culturesconnection.com\/wp-content\/uploads\/2022\/06\/cropped-favicon512x512.png","width":512,"height":512,"caption":"Cultures Connection"},"image":{"@id":"https:\/\/culturesconnection.com\/fr\/#\/schema\/logo\/image\/"},"sameAs":["https:\/\/www.facebook.com\/CulturesConnection","https:\/\/x.com\/CulturesCo_"]}]}},"_links":{"self":[{"href":"https:\/\/culturesconnection.com\/it\/wp-json\/wp\/v2\/pages\/11179","targetHints":{"allow":["GET"]}}],"collection":[{"href":"https:\/\/culturesconnection.com\/it\/wp-json\/wp\/v2\/pages"}],"about":[{"href":"https:\/\/culturesconnection.com\/it\/wp-json\/wp\/v2\/types\/page"}],"author":[{"embeddable":true,"href":"https:\/\/culturesconnection.com\/it\/wp-json\/wp\/v2\/users\/42"}],"replies":[{"embeddable":true,"href":"https:\/\/culturesconnection.com\/it\/wp-json\/wp\/v2\/comments?post=11179"}],"version-history":[{"count":0,"href":"https:\/\/culturesconnection.com\/it\/wp-json\/wp\/v2\/pages\/11179\/revisions"}],"wp:attachment":[{"href":"https:\/\/culturesconnection.com\/it\/wp-json\/wp\/v2\/media?parent=11179"}],"curies":[{"name":"wp","href":"https:\/\/api.w.org\/{rel}","templated":true}]}}