{"id":11147,"date":"2018-09-24T16:24:56","date_gmt":"2018-09-24T15:24:56","guid":{"rendered":"http:\/\/culturesconnection.com\/?page_id=11147"},"modified":"2022-06-25T05:19:37","modified_gmt":"2022-06-25T03:19:37","slug":"traduzione-di-videogiochi-in-ceco","status":"publish","type":"page","link":"https:\/\/culturesconnection.com\/it\/traduzione-di-videogiochi-in-ceco\/","title":{"rendered":"Traduzione di videogiochi in ceco"},"content":{"rendered":"\n<h2 class=\"wp-block-heading\">LA TRADUZIONE DEI VIDEOGIOCHI IN CECO: MIGLIORA L\u2019ESPERIENZA DEI TUOI GIOCATORI<\/h2>\n\n\n\n<p><span style=\"font-weight: 400;\">La traduzione del tuo videogioco \u00e8 un momento importante per la sua distribuzione all\u2019estero. Non sottovalutare questo lavoro: tanti giocatori vorrebbero giocare con del materiale tradotto nella loro lingua madre. Quindi, per ottimizzare la loro esperienza, affida il tuo progetto a un traduttore esperto nel settore e che condivide la loro stessa passione. Sono molti i videogiochi noti per le loro pessime traduzioni: per evitare tutto questo, affidati ai servizi di traduzione di un professionista qualificato. <\/span><\/p>\n\n\n\n<h2 class=\"wp-block-heading\">LA NOSTRA AGENZIA DI TRADUZIONE E LOCALIZZAZIONE DI VIDEOGIOCHI<\/h2>\n\n\n\n<p><span style=\"font-weight: 400;\">Scegliere <a href=\"https:\/\/culturesconnection.com\/it\/\">Cultures Connection<\/a> per la traduzione del tuo nuovo videogioco significa scegliere la qualit\u00e0, l\u2019affidabilit\u00e0 e la precisione. La nostra agenzia \u00e8 orgogliosa di poterti offrire traduzioni di eccezionale qualit\u00e0. Ecco perch\u00e9 lavoriamo esclusivamente con traduttori specializzati, con qualificazioni tecniche e linguistiche. I nostri traduttori sono madrelingua e traducono solo verso la loro lingua madre. Non correre rischi inutili per l\u2019immagine e la credibilit\u00e0 della tua azienda con traduzioni di scarsa qualit\u00e0: rivolgiti alla nostra agenzia di traduzione e affidati ai nostri <a href=\"https:\/\/culturesconnection.com\/it\/servizi-di-traduzione\/\">servizi linguistici<\/a> di prima classe.<\/span><\/p>\n\n\n\n<h2 class=\"wp-block-heading\">I NOSTRI SERVIZI DI TRADUZIONE DI VIDEOGIOCHI IN CECO<\/h2>\n\n\n\n<p><span style=\"font-weight: 400;\">Cultures Connection propone diversi servizi di traduzione e di <a href=\"https:\/\/culturesconnection.com\/it\/traduzione-localizzazione-videogiochi\/\">localizzazione di videogiochi.<\/a> Ecco qualche esempio di traduzione gi\u00e0 realizzata: <\/span><\/p>\n\n\n\n<ul class=\"wp-block-list\"><li style=\"font-weight: 400;\"><span style=\"font-weight: 400;\">Traduzione di videogiochi<\/span><\/li><li style=\"font-weight: 400;\"><span style=\"font-weight: 400;\">Localizzazione di videogiochi<\/span><\/li><li style=\"font-weight: 400;\"><span style=\"font-weight: 400;\">Gestione dei progetti<\/span><\/li><li style=\"font-weight: 400;\"><span style=\"font-weight: 400;\">Sottotitolazione<\/span><\/li><li style=\"font-weight: 400;\"><span style=\"font-weight: 400;\">Registrazione e doppiaggio<\/span><\/li><li style=\"font-weight: 400;\"><span style=\"font-weight: 400;\">Controllo qualit\u00e0<\/span><\/li><\/ul>\n\n\n\n<h3 class=\"wp-block-heading\">&nbsp;Traduzione di videogiochi in tutte le lingue<\/h3>\n\n\n\n<ul class=\"wp-block-list\"><li><a href=\"https:\/\/culturesconnection.com\/it\/traduzione-videogiochi-spagnolo\/\">Traduzione di videogiochi in spagnolo<\/a><\/li><li><a href=\"https:\/\/culturesconnection.com\/it\/traduzione-videogiochi-tedesco\/\">Traduzione di videogiochi in tedesco<\/a><\/li><li><a href=\"https:\/\/culturesconnection.com\/it\/traduzione-videogiochi-cinese\/\">Traduzione di videogiochi in cinese<\/a><\/li><li><a href=\"https:\/\/culturesconnection.com\/it\/servizi-di-traduzione-per-videogiochi-in-arabo\/\">Traduzione di videogiochi in arabo<\/a><\/li><li><a href=\"https:\/\/culturesconnection.com\/it\/traduzione-videogiochi-portoghese\/\">Traduzione di videogiochi in portoghese<\/a><\/li><li><a href=\"https:\/\/culturesconnection.com\/it\/traduzione-videogiochi-inglese\/\">Traduzione di videogiochi in inglese<\/a><\/li><li><a href=\"https:\/\/culturesconnection.com\/it\/traduzione-videogiochi-olandese\/\">Traduzione di videogiochi in olandese<\/a><\/li><li><a href=\"https:\/\/culturesconnection.com\/it\/traduzione-videogiochi-turco\/\">Traduzione di videogiochi in turco<\/a><\/li><li><a href=\"https:\/\/culturesconnection.com\/it\/traduzione-videogiochi-giapponese\/\">Traduzione di videogiochi in giapponese<\/a><\/li><li><a href=\"https:\/\/culturesconnection.com\/it\/traduzione-videogiochi-russo\/\">Traduzione di videogiochi in russo<\/a><\/li><\/ul>\n","protected":false},"excerpt":{"rendered":"<p>LA TRADUZIONE DEI VIDEOGIOCHI IN CECO: MIGLIORA L\u2019ESPERIENZA DEI TUOI GIOCATORI La traduzione del tuo videogioco \u00e8 un momento importante per la sua distribuzione all\u2019estero. [&#8230;]<\/p>\n<p><a class=\"btn btn-secondary understrap-read-more-link\" href=\"https:\/\/culturesconnection.com\/it\/traduzione-di-videogiochi-in-ceco\/\">Leggi di pi\u00f9&#8230;<span class=\"screen-reader-text\"> from Traduzione di videogiochi in ceco<\/span><\/a><\/p>\n","protected":false},"author":42,"featured_media":0,"parent":0,"menu_order":0,"comment_status":"closed","ping_status":"closed","template":"","meta":{"_acf_changed":false,"_editorskit_title_hidden":false,"_editorskit_reading_time":0,"_editorskit_is_block_options_detached":false,"_editorskit_block_options_position":"{}","footnotes":""},"class_list":["post-11147","page","type-page","status-publish","hentry"],"acf":[],"_links":{"self":[{"href":"https:\/\/culturesconnection.com\/it\/wp-json\/wp\/v2\/pages\/11147","targetHints":{"allow":["GET"]}}],"collection":[{"href":"https:\/\/culturesconnection.com\/it\/wp-json\/wp\/v2\/pages"}],"about":[{"href":"https:\/\/culturesconnection.com\/it\/wp-json\/wp\/v2\/types\/page"}],"author":[{"embeddable":true,"href":"https:\/\/culturesconnection.com\/it\/wp-json\/wp\/v2\/users\/42"}],"replies":[{"embeddable":true,"href":"https:\/\/culturesconnection.com\/it\/wp-json\/wp\/v2\/comments?post=11147"}],"version-history":[{"count":0,"href":"https:\/\/culturesconnection.com\/it\/wp-json\/wp\/v2\/pages\/11147\/revisions"}],"wp:attachment":[{"href":"https:\/\/culturesconnection.com\/it\/wp-json\/wp\/v2\/media?parent=11147"}],"curies":[{"name":"wp","href":"https:\/\/api.w.org\/{rel}","templated":true}]}}