{"id":10707,"date":"2019-09-05T13:06:18","date_gmt":"2019-09-05T12:06:18","guid":{"rendered":"http:\/\/culturesconnection.com\/?page_id=10707"},"modified":"2022-06-25T05:18:17","modified_gmt":"2022-06-25T03:18:17","slug":"traduzione-medica-in-ceco","status":"publish","type":"page","link":"https:\/\/culturesconnection.com\/it\/servizi-di-traduzione-in-ceco\/traduzione-medica-in-ceco\/","title":{"rendered":"Traduzione medica in ceco"},"content":{"rendered":"\n<h2 class=\"wp-block-heading\">SPECIALISTI DELLA TRADUZIONE MEDICA IN CECO E ITALIANO<\/h2>\n\n\n\n<p><span style=\"font-weight: 400;\">La medicina \u00e8 un settore sempre pi\u00f9 internazionale. La traduzione in questo settore \u00e8 fondamentale per la diffusione delle conoscenze e delle nuove competenze a beneficio di tutti i paesi. E, come nella medicina, anche nella traduzione non devono esserci errori; le conseguenze sarebbero, infatti, drammatiche, soprattutto per la vita dei pazienti. Ecco perch\u00e9 devi assolutamente rivolgerti a un traduttore professionista, specializzato nel settore e che conosce perfettamente il linguaggio impiegato e le diverse nozioni presenti nel testo.<\/span><\/p>\n\n\n\n<h2 class=\"wp-block-heading\">HAI BISOGNO DI UN TRADUTTORE MEDICO?<\/h2>\n\n\n\n<p><span style=\"font-weight: 400;\">La nostra <a href=\"https:\/\/culturesconnection.com\/it\/\">agenzia di traduzione<\/a> \u00e8 specializzata nel settore medico da ormai molti anni. La nostra vasta rete di traduttori esperti ci permette di offrire <a href=\"https:\/\/culturesconnection.com\/it\/servizi-di-traduzione\/\">servizi di traduzione<\/a> affidabili e di qualit\u00e0. I nostri traduttori sono tutti specialisti in diversi rami della traduzione medica come la chirurgia, la neurochirurgia o la radiologia, ad esempio. Quindi non importa l\u2019argomento del tuo testo, noi di Cultures Connection siamo certi di trovare il traduttore pi\u00f9 adatto e competente per soddisfare la tua richiesta. Affidati alla nostra agenzia di traduzione per i tuoi prossimi <a href=\"https:\/\/culturesconnection.com\/it\/traduzione-medica\/\">progetti di traduzione medica<\/a>&nbsp;in ceco.<\/span><\/p>\n\n\n\n<h2 class=\"wp-block-heading\">I TUOI DOCUMENTI MEDICI IN CECO<\/h2>\n\n\n\n<p><span style=\"font-weight: 400;\">La nostra agenzia di traduzione ti propone diversi servizi linguistici nel settore medico. Ecco qualche esempio di lavori in ceco gi\u00e0 realizzati in passato: <\/span><\/p>\n\n\n\n<ul class=\"wp-block-list\"><li style=\"font-weight: 400;\"><span style=\"font-weight: 400;\">Riviste mediche<\/span><\/li><li style=\"font-weight: 400;\"><span style=\"font-weight: 400;\">Relazioni di conferenze<\/span><\/li><li style=\"font-weight: 400;\"><span style=\"font-weight: 400;\">Pubblicazioni<\/span><\/li><li style=\"font-weight: 400;\"><span style=\"font-weight: 400;\">Relazioni e progetti di ricerca <\/span><\/li><li style=\"font-weight: 400;\"><span style=\"font-weight: 400;\">Risultati di studi e nuove ricerche<\/span><\/li><li style=\"font-weight: 400;\"><span style=\"font-weight: 400;\">Opere divulgative<\/span><\/li><li style=\"font-weight: 400;\"><span style=\"font-weight: 400;\">Rapporti di prova<\/span><\/li><li style=\"font-weight: 400;\"><span style=\"font-weight: 400;\">Questionari<\/span><\/li><li style=\"font-weight: 400;\"><span style=\"font-weight: 400;\">Foglietti illustrativi<\/span><\/li><li style=\"font-weight: 400;\"><span style=\"font-weight: 400;\">Posologia di nuovi prodotti<\/span><\/li><li style=\"font-weight: 400;\"><span style=\"font-weight: 400;\">Risultati di studi clinici<\/span><\/li><li style=\"font-weight: 400;\"><span style=\"font-weight: 400;\">Regolamenti farmaceutici<\/span><\/li><li style=\"font-weight: 400;\"><span style=\"font-weight: 400;\">Perizie mediche<\/span><\/li><\/ul>\n\n\n\n<h3 class=\"wp-block-heading\">&nbsp;Traduzione&nbsp;medica in&nbsp;tutte&nbsp;le&nbsp;lingue<\/h3>\n\n\n\n<ul class=\"wp-block-list\"><li><a href=\"https:\/\/culturesconnection.com\/it\/traduzione-medica-francese\/\">Traduzione&nbsp;medica&nbsp;in&nbsp;francese<\/a><\/li><li><a href=\"https:\/\/culturesconnection.com\/it\/traduzione-medica-spagnolo\/\">Traduzione&nbsp;medica&nbsp;in&nbsp;spagnolo<\/a><\/li><li><a href=\"https:\/\/culturesconnection.com\/it\/traduzione-medica-tedesco\/\">Traduzione&nbsp;medica&nbsp;in&nbsp;tedesco<\/a><\/li><li><a href=\"https:\/\/culturesconnection.com\/it\/traduzione-medica-cinese\/\">Traduzione&nbsp;medica&nbsp;in&nbsp;cinese<\/a><\/li><li><a href=\"https:\/\/culturesconnection.com\/it\/traduzione-medica-portoghese\/\">Traduzione&nbsp;medica&nbsp;in&nbsp;portoghese<\/a><\/li><li><a href=\"https:\/\/culturesconnection.com\/it\/traduzione-medica-in-inglese\/\">Traduzione&nbsp;medica&nbsp;in inglese<\/a><\/li><li><a href=\"https:\/\/culturesconnection.com\/it\/traduzione-medica-olandese\/\">Traduzione&nbsp;medica&nbsp;in&nbsp;olandese<\/a><\/li><li><a href=\"https:\/\/culturesconnection.com\/it\/traduzione-medica-turco\/\">Traduzione&nbsp;medica&nbsp; in&nbsp;turco<\/a><\/li><li><a href=\"https:\/\/culturesconnection.com\/it\/traduzione-medica-giapponese\/\">Traduzione&nbsp;medica&nbsp;in&nbsp;giapponese<\/a><\/li><li><a href=\"https:\/\/culturesconnection.com\/it\/traduzione-medica-russo\/\">Traduzione&nbsp;medica&nbsp;in&nbsp;russo<\/a><\/li><\/ul>\n","protected":false},"excerpt":{"rendered":"<p>SPECIALISTI DELLA TRADUZIONE MEDICA IN CECO E ITALIANO La medicina \u00e8 un settore sempre pi\u00f9 internazionale. La traduzione in questo settore \u00e8 fondamentale per la [&#8230;]<\/p>\n<p><a class=\"btn btn-secondary understrap-read-more-link\" href=\"https:\/\/culturesconnection.com\/it\/servizi-di-traduzione-in-ceco\/traduzione-medica-in-ceco\/\">Leggi di pi\u00f9&#8230;<span class=\"screen-reader-text\"> from Traduzione medica in ceco<\/span><\/a><\/p>\n","protected":false},"author":42,"featured_media":24333,"parent":10066,"menu_order":0,"comment_status":"closed","ping_status":"closed","template":"","meta":{"_acf_changed":false,"_editorskit_title_hidden":false,"_editorskit_reading_time":0,"_editorskit_is_block_options_detached":false,"_editorskit_block_options_position":"{}","footnotes":""},"class_list":["post-10707","page","type-page","status-publish","has-post-thumbnail","hentry"],"acf":[],"_links":{"self":[{"href":"https:\/\/culturesconnection.com\/it\/wp-json\/wp\/v2\/pages\/10707","targetHints":{"allow":["GET"]}}],"collection":[{"href":"https:\/\/culturesconnection.com\/it\/wp-json\/wp\/v2\/pages"}],"about":[{"href":"https:\/\/culturesconnection.com\/it\/wp-json\/wp\/v2\/types\/page"}],"author":[{"embeddable":true,"href":"https:\/\/culturesconnection.com\/it\/wp-json\/wp\/v2\/users\/42"}],"replies":[{"embeddable":true,"href":"https:\/\/culturesconnection.com\/it\/wp-json\/wp\/v2\/comments?post=10707"}],"version-history":[{"count":0,"href":"https:\/\/culturesconnection.com\/it\/wp-json\/wp\/v2\/pages\/10707\/revisions"}],"up":[{"embeddable":true,"href":"https:\/\/culturesconnection.com\/it\/wp-json\/wp\/v2\/pages\/10066"}],"wp:featuredmedia":[{"embeddable":true,"href":"https:\/\/culturesconnection.com\/it\/wp-json\/wp\/v2\/media\/24333"}],"wp:attachment":[{"href":"https:\/\/culturesconnection.com\/it\/wp-json\/wp\/v2\/media?parent=10707"}],"curies":[{"name":"wp","href":"https:\/\/api.w.org\/{rel}","templated":true}]}}