{"id":10706,"date":"2019-09-05T13:01:22","date_gmt":"2019-09-05T12:01:22","guid":{"rendered":"http:\/\/culturesconnection.com\/?page_id=10706"},"modified":"2022-06-25T05:21:00","modified_gmt":"2022-06-25T03:21:00","slug":"traduzione-commerciale-in-ceco","status":"publish","type":"page","link":"https:\/\/culturesconnection.com\/it\/servizi-di-traduzione-in-ceco\/traduzione-commerciale-in-ceco\/","title":{"rendered":"Traduzione commerciale in ceco"},"content":{"rendered":"\n<h2 class=\"wp-block-heading\">LA TRADUZIONE COMMERCIALE IN CECO E ITALIANO: UNA SFIDA LINGUISTICA E CULTURALE<\/h2>\n\n\n\n<p><span style=\"font-weight: 400;\">La traduzione commerciale \u00e8 un momento chiave per lo sviluppo internazionale di un&#8217;azienda. Se vuoi trovare nuovi partner commerciali in Repubblica Ceca, ad esempio, far tradurre ogni documento in ceco \u00e8 essenziale. Infatti, \u00e8 dimostrato che tradurre i documenti nella lingua madre dei propri partner favorisce gli scambi commerciali. Rivolgiti a un traduttore specializzato nel settore che sapr\u00e0 realizzare le traduzioni in modo professionale e efficace, garantendo al risultato finale la migliore qualit\u00e0. Un professionista, ad esempio, sar\u00e0 in grado di occupersi della localizzazione dei tuoi documenti tenendo conto delle differenze culturali esistenti tra Italia e Repubblica Ceca. Scegli con cura l\u2019agenzia di traduzione a cui affidarti, perch\u00e9 ti accompagner\u00e0 nell&#8217;internazionalizzazione della tua azienda. <\/span><\/p>\n\n\n\n<h2 class=\"wp-block-heading\">LA NOSTRA AGENZIA DI TRADUZIONE<\/h2>\n\n\n\n<p><span style=\"font-weight: 400;\">Hai bisogno di una traduzione commerciale in ceco o in italiano? Allora la nostra <a href=\"https:\/\/culturesconnection.com\/it\/\">agenzia di traduzione<\/a> \u00e8 la soluzione che fa per te! Mettiamo a tua disposizione una rete di traduttori professionisti con molta esperienza e che possono garantire al risultato finale la migliore qualit\u00e0. Tutti i nostri collaboratori sono qualificati e specializzati nel settore commerciale, grazie a diverse esperienze professionali nel settore. Naturalmente, padroneggiano l\u2019italiano e il ceco alla perfezione e, rispettando la regola base della traduzione, traducono esclusivamente verso la loro lingua madre. Affidati a Cultures Connection e ai nostri <a href=\"https:\/\/culturesconnection.com\/it\/servizi-di-traduzione\/\">servizi di traduzione<\/a> di qualit\u00e0.<\/span><\/p>\n\n\n\n<h2 class=\"wp-block-heading\">I TUOI DOCUMENTI COMMERCIALI IN CECO<\/h2>\n\n\n\n<p><span style=\"font-weight: 400;\">Cultures Connection ti propone servizi di <a href=\"https:\/\/culturesconnection.com\/it\/servizi-di-traduzione-commerciale\/\">traduzione commerciale<\/a> per diversi tipi di documenti. La seguente lista riporta qualche esempio di traduzioni in ceco che abbiamo gi\u00e0 realizzato in passato: <\/span><\/p>\n\n\n\n<ul class=\"wp-block-list\"><li style=\"font-weight: 400;\"><span style=\"font-weight: 400;\">D\u00e9pliant<\/span><\/li><li style=\"font-weight: 400;\"><span style=\"font-weight: 400;\">Biglietti da visita<\/span><\/li><li style=\"font-weight: 400;\"><span style=\"font-weight: 400;\">Brochure<\/span><\/li><li style=\"font-weight: 400;\"><span style=\"font-weight: 400;\">Campagne di marketing<\/span><\/li><li style=\"font-weight: 400;\"><span style=\"font-weight: 400;\">Comunicati<\/span><\/li><li style=\"font-weight: 400;\"><span style=\"font-weight: 400;\">Siti web<\/span><\/li><li style=\"font-weight: 400;\"><span style=\"font-weight: 400;\">Presentazioni<\/span><\/li><li style=\"font-weight: 400;\"><span style=\"font-weight: 400;\">Cataloghi <\/span><\/li><li style=\"font-weight: 400;\"><span style=\"font-weight: 400;\">Studi di mercato<\/span><\/li><li style=\"font-weight: 400;\"><span style=\"font-weight: 400;\">Materiale pubblicitario<\/span><\/li><li style=\"font-weight: 400;\"><span style=\"font-weight: 400;\">Lettere commerciali<\/span><\/li><li style=\"font-weight: 400;\"><span style=\"font-weight: 400;\">Pubblicit\u00e0<\/span><\/li><li style=\"font-weight: 400;\"><span style=\"font-weight: 400;\">Libri bianchi<\/span><\/li><\/ul>\n\n\n\n<h3 class=\"wp-block-heading\">&nbsp;Traduzione&nbsp;commerciale&nbsp;in&nbsp;tutte&nbsp;le&nbsp;lingue<\/h3>\n\n\n\n<ul class=\"wp-block-list\"><li><a href=\"https:\/\/culturesconnection.com\/it\/traduzione-commerciale-francese\/\">Traduzione&nbsp;commerciale&nbsp;in&nbsp;francese<\/a><\/li><li><a href=\"https:\/\/culturesconnection.com\/it\/traduzione-commerciale-spagnolo\/\">Traduzione&nbsp;commerciale&nbsp;in&nbsp;spagnolo<\/a><\/li><li><a href=\"https:\/\/culturesconnection.com\/it\/traduzione-commerciale-tedesco\/\">Traduzione&nbsp;commerciale&nbsp;in&nbsp;tedesco<\/a><\/li><li><a href=\"https:\/\/culturesconnection.com\/it\/traduzione-commerciale-cinese\/\">Traduzione&nbsp;commerciale&nbsp;in&nbsp;cinese<\/a><\/li><li><a href=\"https:\/\/culturesconnection.com\/it\/traduzione-di-documenti-commerciali-in-arabo\/\">Traduzione&nbsp;commerciale&nbsp;in&nbsp;arabo<\/a><\/li><li><a href=\"https:\/\/culturesconnection.com\/it\/traduzione-commerciale-portoghese\/\">Traduzione&nbsp;commerciale&nbsp;in&nbsp;portoghese<\/a><\/li><li><a href=\"https:\/\/culturesconnection.com\/it\/traduzione-commerciale-inglese\/\">Traduzione&nbsp;commerciale&nbsp;in inglese<\/a><\/li><li><a href=\"https:\/\/culturesconnection.com\/it\/traduzione-commerciale-olandese\/\">Traduzione&nbsp;commerciale&nbsp;in&nbsp;olandese<\/a><\/li><li><a href=\"https:\/\/culturesconnection.com\/it\/traduzione-commerciale-turco\/\">Traduzione&nbsp;commerciale&nbsp;in&nbsp;turco<\/a><\/li><li><a href=\"https:\/\/culturesconnection.com\/it\/traduzione-commerciale-russo\/\">Traduzione&nbsp;commerciale&nbsp;in&nbsp;russo<\/a><\/li><\/ul>\n","protected":false},"excerpt":{"rendered":"<p>LA TRADUZIONE COMMERCIALE IN CECO E ITALIANO: UNA SFIDA LINGUISTICA E CULTURALE La traduzione commerciale \u00e8 un momento chiave per lo sviluppo internazionale di un&#8217;azienda. [&#8230;]<\/p>\n<p><a class=\"btn btn-secondary understrap-read-more-link\" href=\"https:\/\/culturesconnection.com\/it\/servizi-di-traduzione-in-ceco\/traduzione-commerciale-in-ceco\/\">Leggi di pi\u00f9&#8230;<span class=\"screen-reader-text\"> from Traduzione commerciale in ceco<\/span><\/a><\/p>\n","protected":false},"author":42,"featured_media":24333,"parent":10066,"menu_order":0,"comment_status":"closed","ping_status":"closed","template":"","meta":{"_acf_changed":false,"_editorskit_title_hidden":false,"_editorskit_reading_time":0,"_editorskit_is_block_options_detached":false,"_editorskit_block_options_position":"{}","footnotes":""},"class_list":["post-10706","page","type-page","status-publish","has-post-thumbnail","hentry"],"acf":[],"_links":{"self":[{"href":"https:\/\/culturesconnection.com\/it\/wp-json\/wp\/v2\/pages\/10706","targetHints":{"allow":["GET"]}}],"collection":[{"href":"https:\/\/culturesconnection.com\/it\/wp-json\/wp\/v2\/pages"}],"about":[{"href":"https:\/\/culturesconnection.com\/it\/wp-json\/wp\/v2\/types\/page"}],"author":[{"embeddable":true,"href":"https:\/\/culturesconnection.com\/it\/wp-json\/wp\/v2\/users\/42"}],"replies":[{"embeddable":true,"href":"https:\/\/culturesconnection.com\/it\/wp-json\/wp\/v2\/comments?post=10706"}],"version-history":[{"count":0,"href":"https:\/\/culturesconnection.com\/it\/wp-json\/wp\/v2\/pages\/10706\/revisions"}],"up":[{"embeddable":true,"href":"https:\/\/culturesconnection.com\/it\/wp-json\/wp\/v2\/pages\/10066"}],"wp:featuredmedia":[{"embeddable":true,"href":"https:\/\/culturesconnection.com\/it\/wp-json\/wp\/v2\/media\/24333"}],"wp:attachment":[{"href":"https:\/\/culturesconnection.com\/it\/wp-json\/wp\/v2\/media?parent=10706"}],"curies":[{"name":"wp","href":"https:\/\/api.w.org\/{rel}","templated":true}]}}