{"id":10704,"date":"2019-09-05T13:02:44","date_gmt":"2019-09-05T12:02:44","guid":{"rendered":"http:\/\/culturesconnection.com\/?page_id=10704"},"modified":"2022-06-25T05:17:55","modified_gmt":"2022-06-25T03:17:55","slug":"traduzione-finanziaria-in-ceco","status":"publish","type":"page","link":"https:\/\/culturesconnection.com\/it\/servizi-di-traduzione-in-ceco\/traduzione-finanziaria-in-ceco\/","title":{"rendered":"Traduzione finanziaria in ceco"},"content":{"rendered":"\n<h2 class=\"wp-block-heading\">LA TRADUZIONE FINANZIARIA IN CECO E ITALIANO: UNA QUESTIONE DI PRECISIONE<\/h2>\n\n\n\n<p><span style=\"font-weight: 400;\">La <a href=\"https:\/\/culturesconnection.com\/it\/traduzione-finanziaria\/\">traduzione finanziaria<\/a> \u00e8 un lavoro che richiede grande esattezza e rigore. La terminologia del settore \u00e8 molto tecnica e preciso, perci\u00f2 \u00e8 indispensabile una solida conoscenza del mondo della finanza, ma non solo. Affinch\u00e9 una traduzione sia di ottima qualit\u00e0 e fedele al testo di partenza, \u00e8 importante affidare i propri progetti finanziari a traduttori esperti nel settore, i pi\u00f9 adatti a garantirti un prodotto finale all\u2019altezza delle tue aspettative. Un errore, seppur minuscolo, pu\u00f2 causare gravi problemi a un&#8217;azienda e le conseguenze possono essere negative anche per il fatturato. Non mettere a rischio la credibilit\u00e0 della tua azienda per una traduzione di scarsa qualit\u00e0, rivolgiti a un\u2019agenzia di traduzione specializzata in finanza. <\/span><\/p>\n\n\n\n<h2 class=\"wp-block-heading\">LA NOSTRA AGENZIA DI TRADUZIONE<\/h2>\n\n\n\n<p><span style=\"font-weight: 400;\"><a href=\"https:\/\/culturesconnection.com\/it\/\">Cultures Connection<\/a> \u00e8 un\u2019agenzia di traduzione che lavora esclusivamente con traduttori esperti nel loro settore. La precisione \u00e8 un valore fondamentale per noi e nel nostro lavoro cerchiamo di rispettarlo ogni giorno. Ecco perch\u00e9 selezioniamo con cura i nostri traduttori in base ai loro studi, alle loro qualifiche e alla loro esperienza. Proponiamo anche dei test per valutarne la competenza in particolare nel settore finanziario, in modo da assicurarci che siano in grado di fornire servizi di traduzione della migliore qualit\u00e0. Spesso hanno lavorato nel mondo della finanza, il che \u00e8 vantaggio preziosissimo per questo tipo di traduzioni. I nostri traduttori hanno conoscenze linguistiche impeccabili e traducono esclusivamente verso la loro lingua madre. Se hai bisogno dei <a href=\"https:\/\/culturesconnection.com\/it\/servizi-di-traduzione\/\">servizi di traduzione<\/a> in ceco, rivolgiti subito alla nostra agenzia. <\/span><\/p>\n\n\n\n<h2 class=\"wp-block-heading\">I TUOI DOCUMENTI FINANZIARI IN CECO<\/h2>\n\n\n\n<p><span style=\"font-weight: 400;\">Noi di Cultures Connection offriamo una vasta gamma dei servizi di traduzione nel settore finanziario. Ecco qualche esempio delle traduzioni che abbiamo realizzato in ceco:<\/span><\/p>\n\n\n\n<ul class=\"wp-block-list\"><li><span style=\"font-weight: 400;\">Documenti d&#8217;informazioni chiave per gli investitori (KIID)<\/span><\/li><li><span style=\"font-weight: 400;\">Prospetti<\/span><\/li><li><span style=\"font-weight: 400;\">Relazioni di fondi d\u2019investimento<\/span><\/li><li><span style=\"font-weight: 400;\">Relazioni d\u2019attivit\u00e0<\/span><\/li><li><span style=\"font-weight: 400;\">Bilanci<\/span><\/li><li><span style=\"font-weight: 400;\">Documenti bancari<\/span><\/li><li><span style=\"font-weight: 400;\">Documenti di informazione finanziaria<\/span><\/li><li><span style=\"font-weight: 400;\">Articoli di ricerca<\/span><\/li><li><span style=\"font-weight: 400;\">Documenti di gestione del rischio e gestione degli attivi<\/span><\/li><li><span style=\"font-weight: 400;\">Lettere di informazioni finanziarie<\/span><\/li><li><span style=\"font-weight: 400;\">Rapporti di audit<\/span><\/li><li><span style=\"font-weight: 400;\">Documenti di fusione e di acquisizioni<\/span><\/li><\/ul>\n\n\n\n<h3 class=\"wp-block-heading\">&nbsp;Traduzione&nbsp;finanziaria&nbsp;in&nbsp;tutte le&nbsp;lingue<\/h3>\n\n\n\n<ul class=\"wp-block-list\"><li><a href=\"https:\/\/culturesconnection.com\/it\/traduzione-finanziaria-francese\/\">Traduzione&nbsp;finanziaria&nbsp;in&nbsp;francese<\/a><\/li><li><a href=\"https:\/\/culturesconnection.com\/it\/traduzione-finanziaria-in-spagnolo\/\">Traduzione&nbsp;finanziaria&nbsp;in&nbsp;spagnolo<\/a><\/li><li><a href=\"https:\/\/culturesconnection.com\/it\/traduzione-finanziaria-tedesco\/\">Traduzione&nbsp;finanziaria&nbsp;in&nbsp;tedesco<\/a><\/li><li><a href=\"https:\/\/culturesconnection.com\/it\/traduzione-finanziaria-in-arabo\/\">Traduzione&nbsp;finanziaria&nbsp;in&nbsp;arabo<\/a><\/li><li><a href=\"https:\/\/culturesconnection.com\/it\/traduzione-finanziaria-portoghese\/\">Traduzione&nbsp;finanziaria&nbsp;in&nbsp;portoghese<\/a><\/li><li><a href=\"https:\/\/culturesconnection.com\/it\/traduzione-finanziaria-inglese\/\">Traduzione&nbsp;finanziaria&nbsp;in inglese<\/a><\/li><li><a href=\"https:\/\/culturesconnection.com\/it\/traduzione-finanziaria-olandese\/\">Traduzione&nbsp;finanziaria in&nbsp;olandese<\/a><\/li><li><a href=\"https:\/\/culturesconnection.com\/it\/traduzione-finanziaria-turco\/\">Traduzione&nbsp;finanziaria&nbsp;in&nbsp;turco<\/a><\/li><li><a href=\"https:\/\/culturesconnection.com\/it\/traduzione-finanziaria-giapponese\/\">Traduzione&nbsp;finanziaria&nbsp;in&nbsp;giapponese<\/a><\/li><li><a href=\"https:\/\/culturesconnection.com\/it\/traduzione-finanziaria-russo\/\">Traduzione&nbsp;finanziaria&nbsp;in&nbsp;russo<\/a><\/li><\/ul>\n","protected":false},"excerpt":{"rendered":"<p>LA TRADUZIONE FINANZIARIA IN CECO E ITALIANO: UNA QUESTIONE DI PRECISIONE La traduzione finanziaria \u00e8 un lavoro che richiede grande esattezza e rigore. La terminologia [&#8230;]<\/p>\n<p><a class=\"btn btn-secondary understrap-read-more-link\" href=\"https:\/\/culturesconnection.com\/it\/servizi-di-traduzione-in-ceco\/traduzione-finanziaria-in-ceco\/\">Leggi di pi\u00f9&#8230;<span class=\"screen-reader-text\"> from Traduzione finanziaria in ceco<\/span><\/a><\/p>\n","protected":false},"author":42,"featured_media":24333,"parent":10066,"menu_order":0,"comment_status":"closed","ping_status":"closed","template":"","meta":{"_acf_changed":false,"_editorskit_title_hidden":false,"_editorskit_reading_time":0,"_editorskit_is_block_options_detached":false,"_editorskit_block_options_position":"{}","footnotes":""},"class_list":["post-10704","page","type-page","status-publish","has-post-thumbnail","hentry"],"acf":[],"_links":{"self":[{"href":"https:\/\/culturesconnection.com\/it\/wp-json\/wp\/v2\/pages\/10704","targetHints":{"allow":["GET"]}}],"collection":[{"href":"https:\/\/culturesconnection.com\/it\/wp-json\/wp\/v2\/pages"}],"about":[{"href":"https:\/\/culturesconnection.com\/it\/wp-json\/wp\/v2\/types\/page"}],"author":[{"embeddable":true,"href":"https:\/\/culturesconnection.com\/it\/wp-json\/wp\/v2\/users\/42"}],"replies":[{"embeddable":true,"href":"https:\/\/culturesconnection.com\/it\/wp-json\/wp\/v2\/comments?post=10704"}],"version-history":[{"count":0,"href":"https:\/\/culturesconnection.com\/it\/wp-json\/wp\/v2\/pages\/10704\/revisions"}],"up":[{"embeddable":true,"href":"https:\/\/culturesconnection.com\/it\/wp-json\/wp\/v2\/pages\/10066"}],"wp:featuredmedia":[{"embeddable":true,"href":"https:\/\/culturesconnection.com\/it\/wp-json\/wp\/v2\/media\/24333"}],"wp:attachment":[{"href":"https:\/\/culturesconnection.com\/it\/wp-json\/wp\/v2\/media?parent=10704"}],"curies":[{"name":"wp","href":"https:\/\/api.w.org\/{rel}","templated":true}]}}