{"id":10683,"date":"2018-09-20T13:22:12","date_gmt":"2018-09-20T12:22:12","guid":{"rendered":"http:\/\/culturesconnection.com\/?page_id=10683"},"modified":"2022-06-25T04:32:49","modified_gmt":"2022-06-25T02:32:49","slug":"traduzione-audiovisiva-in-norvegese","status":"publish","type":"page","link":"https:\/\/culturesconnection.com\/it\/servizi-di-traduzione-in-norvegese\/traduzione-audiovisiva-in-norvegese\/","title":{"rendered":"Traduzione audiovisiva <br \/> e sottotitolaggio in norvegese"},"content":{"rendered":"\n<h2 class=\"wp-block-heading\">LA TRADUZIONE AUDIOVISIVA DALL\u2019ITALIANO AL NORVEGESE: IL TUO MATERIALE MULTIMEDIALE PER IL PUBBLICO NORVEGESE<\/h2>\n\n\n\n<p><span style=\"font-weight: 400;\">La <a href=\"https:\/\/culturesconnection.com\/it\/servizio-sottotitolaggio\/\">traduzione audiovisiva<\/a> \u00e8 un settore in piena crescita grazie alla grande creativit\u00e0 del materiale audio e video nel mondo. Che si tratti di un film, un documentario o una pubblicit\u00e0, dovrai sempre rivolgerti a un traduttore specializzato in questo settore. Le tecniche di traduzione possono differire molto in base al materiale e le competenze richieste sono tante. Solo un professionista con esperienza nel settore e con le giuste conoscenze acquisite durante studi specialistici, ad esempio, sapr\u00e0 consegnarti un prodotto finale all\u2019altezza delle tue aspettative. <\/span><\/p>\n\n\n\n<h2 class=\"wp-block-heading\">I NOSTRI SERVIZI DI SOTTOTITOLAZIONE IN NORVEGESE<\/h2>\n\n\n\n<p><span style=\"font-weight: 400;\">Col tempo, la nostra agenzia ha creato una vasta rete composta esclusivamente da traduttori specializzati in un settore specifico. Nel caso del settore audiovisivo, tutti i nostri collaboratori sono esperti in sottotitolazione, voice-off, trascrizione o doppiaggio, solo per darti qualche esempio. Se hai bisogno di questi servizi, rivolgiti a <a href=\"https:\/\/culturesconnection.com\/it\/\">Cultures Connection<\/a> e i noi ci occuperemo di affidare il tuo progetto al traduttore pi\u00f9 competente e qualificato per questo lavoro. I nostri traduttori conoscono alla perfezione le tecniche e gli strumenti della traduzione audiovisiva, per non parlare del loro eccellente livello di italiano e norvegese. Traducono esclusivamente verso la loro lingua madre per assicurarti <a href=\"https:\/\/culturesconnection.com\/it\/servizi-di-traduzione\/\">servizi di traduzione<\/a> di ottima qualit\u00e0. <\/span><\/p>\n\n\n\n<h2 class=\"wp-block-heading\">IL TUO MATERIALE AUDIOVISIVO IN NORVEGESE<\/h2>\n\n\n\n<p><span style=\"font-weight: 400;\">Ecco una lista non esaustiva dei progetti di traduzione audiovisiva in norvegese di cui la nostra agenzia si \u00e8 occupata in passato:<\/span><\/p>\n\n\n\n<ul class=\"wp-block-list\"><li style=\"font-weight: 400;\"><span style=\"font-weight: 400;\">Interviste<\/span><\/li><li style=\"font-weight: 400;\"><span style=\"font-weight: 400;\">Video YouTube<\/span><\/li><li style=\"font-weight: 400;\"><span style=\"font-weight: 400;\">Video commerciali e pubblicit\u00e0<\/span><\/li><li style=\"font-weight: 400;\"><span style=\"font-weight: 400;\">Video istituzionali<\/span><\/li><li style=\"font-weight: 400;\"><span style=\"font-weight: 400;\">Documentari<\/span><\/li><li style=\"font-weight: 400;\"><span style=\"font-weight: 400;\">Videogiochi <\/span><\/li><li style=\"font-weight: 400;\"><span style=\"font-weight: 400;\">Filmati aziendali<\/span><\/li><\/ul>\n\n\n\n<h3 class=\"wp-block-heading\">&nbsp;Servizi di sottotitolaggio in tutte le lingue<\/h3>\n\n\n\n<ul class=\"wp-block-list\"><li><a href=\"https:\/\/culturesconnection.com\/it\/sottotitolaggio-francese\/\">Servizi di sottotitolaggio in francese<\/a><\/li><li><a href=\"https:\/\/culturesconnection.com\/it\/sottotitolaggio-spagnolo\/\">Servizi di sottotitolaggio in spagnolo<\/a><\/li><li><a href=\"https:\/\/culturesconnection.com\/it\/sottotitolaggio-tedesco\/\">Servizi di sottotitolaggio in tedesco<\/a><\/li><li><a href=\"https:\/\/culturesconnection.com\/it\/sottotitolaggio-cinese\/\">Servizi di sottotitolaggio in cinese<\/a><\/li><li><a href=\"https:\/\/culturesconnection.com\/it\/sottotitolaggio-portoghese\/\">Servizi di sottotitolaggio in portoghese<\/a><\/li><li><a href=\"https:\/\/culturesconnection.com\/it\/sottotitolaggio-inglese\/\">Servizi di sottotitolaggio in inglese<\/a><\/li><li><a href=\"https:\/\/culturesconnection.com\/it\/sottotitolaggio-olandese\/\">Servizi di sottotitolaggio in olandese<\/a><\/li><li><a href=\"https:\/\/culturesconnection.com\/it\/sottotitolaggio-turco\/\">Servizi di sottotitolaggio in turco<\/a><\/li><li><a href=\"https:\/\/culturesconnection.com\/it\/sottotitolaggio-giapponese\/\">Servizi di sottotitolaggio in giapponese<\/a><\/li><li><a href=\"https:\/\/culturesconnection.com\/it\/sottotitolaggio-russo\/\">Servizi di sottotitolaggio in russo<\/a><\/li><\/ul>\n","protected":false},"excerpt":{"rendered":"<p>LA TRADUZIONE AUDIOVISIVA DALL\u2019ITALIANO AL NORVEGESE: IL TUO MATERIALE MULTIMEDIALE PER IL PUBBLICO NORVEGESE La traduzione audiovisiva \u00e8 un settore in piena crescita grazie alla [&#8230;]<\/p>\n<p><a class=\"btn btn-secondary understrap-read-more-link\" href=\"https:\/\/culturesconnection.com\/it\/servizi-di-traduzione-in-norvegese\/traduzione-audiovisiva-in-norvegese\/\">Leggi di pi\u00f9&#8230;<span class=\"screen-reader-text\"> from Traduzione audiovisiva <br \/> e sottotitolaggio in norvegese<\/span><\/a><\/p>\n","protected":false},"author":42,"featured_media":24333,"parent":10057,"menu_order":0,"comment_status":"closed","ping_status":"closed","template":"","meta":{"_acf_changed":false,"_editorskit_title_hidden":false,"_editorskit_reading_time":0,"_editorskit_is_block_options_detached":false,"_editorskit_block_options_position":"{}","footnotes":""},"class_list":["post-10683","page","type-page","status-publish","has-post-thumbnail","hentry"],"acf":[],"_links":{"self":[{"href":"https:\/\/culturesconnection.com\/it\/wp-json\/wp\/v2\/pages\/10683","targetHints":{"allow":["GET"]}}],"collection":[{"href":"https:\/\/culturesconnection.com\/it\/wp-json\/wp\/v2\/pages"}],"about":[{"href":"https:\/\/culturesconnection.com\/it\/wp-json\/wp\/v2\/types\/page"}],"author":[{"embeddable":true,"href":"https:\/\/culturesconnection.com\/it\/wp-json\/wp\/v2\/users\/42"}],"replies":[{"embeddable":true,"href":"https:\/\/culturesconnection.com\/it\/wp-json\/wp\/v2\/comments?post=10683"}],"version-history":[{"count":0,"href":"https:\/\/culturesconnection.com\/it\/wp-json\/wp\/v2\/pages\/10683\/revisions"}],"up":[{"embeddable":true,"href":"https:\/\/culturesconnection.com\/it\/wp-json\/wp\/v2\/pages\/10057"}],"wp:featuredmedia":[{"embeddable":true,"href":"https:\/\/culturesconnection.com\/it\/wp-json\/wp\/v2\/media\/24333"}],"wp:attachment":[{"href":"https:\/\/culturesconnection.com\/it\/wp-json\/wp\/v2\/media?parent=10683"}],"curies":[{"name":"wp","href":"https:\/\/api.w.org\/{rel}","templated":true}]}}