{"id":10664,"date":"2018-09-21T11:04:59","date_gmt":"2018-09-21T10:04:59","guid":{"rendered":"http:\/\/culturesconnection.com\/?page_id=10664"},"modified":"2022-06-25T05:32:45","modified_gmt":"2022-06-25T03:32:45","slug":"traduzione-finanziaria-in-polacco","status":"publish","type":"page","link":"https:\/\/culturesconnection.com\/it\/servizi-di-traduzione-in-polacco\/traduzione-finanziaria-in-polacco\/","title":{"rendered":"Traduzione finanziaria in polacco"},"content":{"rendered":"\n<h2 class=\"wp-block-heading\">LA TRADUZIONE FINANZIARIA DALL\u2019ITALIANO AL POLACCO: LA PRECISIONE PRIMA DI TUTTO<\/h2>\n\n\n\n<p><span style=\"font-weight: 400;\">Data la grande precisione della terminologia del settore finanziario, la traduzione in questo settore \u00e8 relativamente difficile. Non tutti sono padroni della terminologia e dei concetti che caratterizzano questo settore. Ecco perch\u00e9 \u00e8 fondamentale rivolgersi a un traduttore professionista che garantisca un prodotto finale di qualit\u00e0; degli errori di traduzione o delle imprecisioni possono costare caro all\u2019immagine della tua azienda. La qualit\u00e0 delle tue traduzioni ha un impatto diretto sulle future relazioni con i nuovi investitori, ad esempio. Non correre rischi e affidati a un\u2019agenzia di traduzione specializzata. <\/span><\/p>\n\n\n\n<h2 class=\"wp-block-heading\">LA NOSTRA AGENZIA DI TRADUZIONE<\/h2>\n\n\n\n<p><span style=\"font-weight: 400;\">La nostra <a href=\"https:\/\/culturesconnection.com\/it\/\">agenzia di traduzione<\/a> propone diversi servizi nel settore della traduzione finanziaria. Grazie alla sua esperienza, Cultures Connection ha creato una rete di collaboratori specializzati in un settore specifico. Tutti hanno una formazione universitaria o hanno frequentato scuole specializzate per poi lavorare nella finanza, un\u2019esperienza incredibile che mettono a tua disposizione quando traducono. Tutti i nostri traduttori conoscono alla perfezione l\u2019italiano e il polacco, ad esempio, e traducono esclusivamente verso la loro lingua madre. Tutto ci\u00f2 ti garantisce <a href=\"https:\/\/culturesconnection.com\/it\/servizi-di-traduzione\/\">servizi di traduzione<\/a> di grande qualit\u00e0. <\/span><\/p>\n\n\n\n<h2 class=\"wp-block-heading\">I TUOI DOCUMENTI FINANZIARI IN POLACCO<\/h2>\n\n\n\n<p><span style=\"font-weight: 400;\">Ecco una lista esemplificativa delle <a href=\"https:\/\/culturesconnection.com\/it\/traduzione-finanziaria\/\">traduzioni finanziarie<\/a> in polacco gi\u00e0 realizzate da Cultures Connection:<\/span><\/p>\n\n\n\n<ul class=\"wp-block-list\"><li><span style=\"font-weight: 400;\">Relazioni di fondi d\u2019investimento<\/span><\/li><li><span style=\"font-weight: 400;\">Relazioni d\u2019attivit\u00e0<\/span><\/li><li><span style=\"font-weight: 400;\">Borsa<\/span><\/li><li><span style=\"font-weight: 400;\">Prospetti<\/span><\/li><li><span style=\"font-weight: 400;\">Lettere commerciali<\/span><\/li><li><span style=\"font-weight: 400;\">Documenti di gestione del rischio e gestione degli attivi<\/span><\/li><li><span style=\"font-weight: 400;\">Documenti di fusione e di acquisizioni<\/span><\/li><li><span style=\"font-weight: 400;\">Articoli di ricerca<\/span><\/li><li><span style=\"font-weight: 400;\">Bilanci<\/span><\/li><li><span style=\"font-weight: 400;\">Lettere di informazioni finanziarie<\/span><\/li><li><span style=\"font-weight: 400;\">Documenti bancari<\/span><\/li><li><span style=\"font-weight: 400;\">Rapporti di audit<\/span><\/li><li><span style=\"font-weight: 400;\">Documenti d&#8217;Informazioni Chiave per gli Investitori (KIID)<\/span><\/li><\/ul>\n\n\n\n<h3 class=\"wp-block-heading\">&nbsp;Traduzione&nbsp;finanziaria&nbsp;in&nbsp;tutte le&nbsp;lingue<\/h3>\n\n\n\n<ul class=\"wp-block-list\"><li><a href=\"https:\/\/culturesconnection.com\/it\/traduzione-finanziaria-francese\/\">Traduzione&nbsp;finanziaria&nbsp;in&nbsp;francese<\/a><\/li><li><a href=\"https:\/\/culturesconnection.com\/it\/traduzione-finanziaria-in-spagnolo\/\">Traduzione&nbsp;finanziaria&nbsp;in&nbsp;spagnolo<\/a><\/li><li><a href=\"https:\/\/culturesconnection.com\/it\/traduzione-finanziaria-tedesco\/\">Traduzione&nbsp;finanziaria&nbsp;in&nbsp;tedesco<\/a><\/li><li><a href=\"https:\/\/culturesconnection.com\/it\/traduzione-finanziaria-in-arabo\/\">Traduzione&nbsp;finanziaria&nbsp;in&nbsp;arabo<\/a><\/li><li><a href=\"https:\/\/culturesconnection.com\/it\/traduzione-finanziaria-portoghese\/\">Traduzione&nbsp;finanziaria&nbsp;in&nbsp;portoghese<\/a><\/li><li><a href=\"https:\/\/culturesconnection.com\/it\/traduzione-finanziaria-inglese\/\">Traduzione&nbsp;finanziaria&nbsp;in inglese<\/a><\/li><li><a href=\"https:\/\/culturesconnection.com\/it\/traduzione-finanziaria-olandese\/\">Traduzione&nbsp;finanziaria in&nbsp;olandese<\/a><\/li><li><a href=\"https:\/\/culturesconnection.com\/it\/traduzione-finanziaria-turco\/\">Traduzione&nbsp;finanziaria&nbsp;in&nbsp;turco<\/a><\/li><li><a href=\"https:\/\/culturesconnection.com\/it\/traduzione-finanziaria-giapponese\/\">Traduzione&nbsp;finanziaria&nbsp;in&nbsp;giapponese<\/a><\/li><li><a href=\"https:\/\/culturesconnection.com\/it\/traduzione-finanziaria-russo\/\">Traduzione&nbsp;finanziaria&nbsp;in&nbsp;russo<\/a><\/li><\/ul>\n","protected":false},"excerpt":{"rendered":"<p>LA TRADUZIONE FINANZIARIA DALL\u2019ITALIANO AL POLACCO: LA PRECISIONE PRIMA DI TUTTO Data la grande precisione della terminologia del settore finanziario, la traduzione in questo settore [&#8230;]<\/p>\n<p><a class=\"btn btn-secondary understrap-read-more-link\" href=\"https:\/\/culturesconnection.com\/it\/servizi-di-traduzione-in-polacco\/traduzione-finanziaria-in-polacco\/\">Leggi di pi\u00f9&#8230;<span class=\"screen-reader-text\"> from Traduzione finanziaria in polacco<\/span><\/a><\/p>\n","protected":false},"author":42,"featured_media":24333,"parent":10061,"menu_order":0,"comment_status":"closed","ping_status":"closed","template":"","meta":{"_acf_changed":false,"_editorskit_title_hidden":false,"_editorskit_reading_time":0,"_editorskit_is_block_options_detached":false,"_editorskit_block_options_position":"{}","footnotes":""},"class_list":["post-10664","page","type-page","status-publish","has-post-thumbnail","hentry"],"acf":[],"_links":{"self":[{"href":"https:\/\/culturesconnection.com\/it\/wp-json\/wp\/v2\/pages\/10664","targetHints":{"allow":["GET"]}}],"collection":[{"href":"https:\/\/culturesconnection.com\/it\/wp-json\/wp\/v2\/pages"}],"about":[{"href":"https:\/\/culturesconnection.com\/it\/wp-json\/wp\/v2\/types\/page"}],"author":[{"embeddable":true,"href":"https:\/\/culturesconnection.com\/it\/wp-json\/wp\/v2\/users\/42"}],"replies":[{"embeddable":true,"href":"https:\/\/culturesconnection.com\/it\/wp-json\/wp\/v2\/comments?post=10664"}],"version-history":[{"count":0,"href":"https:\/\/culturesconnection.com\/it\/wp-json\/wp\/v2\/pages\/10664\/revisions"}],"up":[{"embeddable":true,"href":"https:\/\/culturesconnection.com\/it\/wp-json\/wp\/v2\/pages\/10061"}],"wp:featuredmedia":[{"embeddable":true,"href":"https:\/\/culturesconnection.com\/it\/wp-json\/wp\/v2\/media\/24333"}],"wp:attachment":[{"href":"https:\/\/culturesconnection.com\/it\/wp-json\/wp\/v2\/media?parent=10664"}],"curies":[{"name":"wp","href":"https:\/\/api.w.org\/{rel}","templated":true}]}}