{"id":10660,"date":"2018-09-20T13:00:22","date_gmt":"2018-09-20T12:00:22","guid":{"rendered":"http:\/\/culturesconnection.com\/?page_id=10660"},"modified":"2022-06-25T04:18:55","modified_gmt":"2022-06-25T02:18:55","slug":"traduzione-finanziaria-in-danese","status":"publish","type":"page","link":"https:\/\/culturesconnection.com\/it\/servizi-di-traduzione-in-danese\/traduzione-finanziaria-in-danese\/","title":{"rendered":"Traduzione finanziaria in danese"},"content":{"rendered":"\n<h2 class=\"wp-block-heading\">LA TRADUZIONE FINANZIARIA DALL\u2019ITALIANO AL DANESE: INNANZITUTTO LA PRECISIONE<\/h2>\n\n\n\n<p><span style=\"font-weight: 400;\">Nella traduzione, la precisione e il rigore sono qualit\u00e0 fondamentali. \u00c8 necessaria una solida conoscenza della terminologia, delle nozioni e degli standard. Ecco perch\u00e9, molto spesso, il traduttore professionista ha lavorato in questo settore e ha potuto, in questo modo, acquisire diverse competenze e conoscenze, essenziali per fare un buon lavoro di traduzione finanziaria. Le conseguenze di una traduzione non eccellente possono essere disastrose per la tua azienda. Hai una sola scelta: affidare i tuoi progetti a un\u2019<a href=\"https:\/\/culturesconnection.com\/it\/\">agenzia di traduzione<\/a> specializzata nel settore finanziario. <\/span><\/p>\n\n\n\n<h2 class=\"wp-block-heading\">LA NOSTRA AGENZIA DI TRADUZIONE<\/h2>\n\n\n\n<p><span style=\"font-weight: 400;\">Cultures Connection lavora in stretta collaborazione con una vasta rete di traduttori specializzati nel settore finanziario. Li selezioniamo in base ai loro studi e alla loro esperienza nel settore. Conoscono alla perfezione almeno due lingue, in questo caso l\u2019italiano e il danese, e sono in grado di fornirti un <a href=\"https:\/\/culturesconnection.com\/it\/servizi-di-traduzione\/\">servizio di traduzione<\/a> di ottima qualit\u00e0. Noi di Cultures Connection siamo anche consapevoli dell\u2019importanza della riservatezza dei tuoi documenti, ecco perch\u00e9 ci lavoriamo con la discrezione e l\u2019attenzione che meritano. Non aspettare ancora, rivolgiti subito alla nostra agenzia per le tue prossime <a href=\"https:\/\/culturesconnection.com\/it\/traduzione-finanziaria\/\">traduzioni finanziarie<\/a> in danese. <\/span><\/p>\n\n\n\n<h2 class=\"wp-block-heading\">I TUOI DOCUMENTI FINANZIARI IN DANESE<\/h2>\n\n\n\n<p><span style=\"font-weight: 400;\">Noi di Cultures Connection proponiamo ai nostri clienti una vasta gamma di servizi linguistici nel settore finanziario. Ecco qualche esempio di traduzioni in danese che abbiamo gi\u00e0 realizzato: <\/span><\/p>\n\n\n\n<ul class=\"wp-block-list\"><li style=\"font-weight: 400;\"><span style=\"font-weight: 400;\">Documenti d&#8217;Informazioni Chiave per gli Investitori (KIID)<\/span><\/li><li style=\"font-weight: 400;\"><span style=\"font-weight: 400;\">Prospetti<\/span><\/li><li style=\"font-weight: 400;\"><span style=\"font-weight: 400;\">Relazioni di fondi di investimento<\/span><\/li><li style=\"font-weight: 400;\"><span style=\"font-weight: 400;\">Relazioni d\u2019attivit\u00e0<\/span><\/li><li style=\"font-weight: 400;\"><span style=\"font-weight: 400;\">Bilanci<\/span><\/li><li style=\"font-weight: 400;\"><span style=\"font-weight: 400;\">Borsa<\/span><\/li><li style=\"font-weight: 400;\"><span style=\"font-weight: 400;\">Documenti bancari<\/span><\/li><li style=\"font-weight: 400;\"><span style=\"font-weight: 400;\">Lettere commerciali <\/span><\/li><li style=\"font-weight: 400;\"><span style=\"font-weight: 400;\">Documenti di gestione del rischio e gestione degli attivi<\/span><\/li><li style=\"font-weight: 400;\"><span style=\"font-weight: 400;\">Articoli di ricerca<\/span><\/li><li style=\"font-weight: 400;\"><span style=\"font-weight: 400;\">Rapporti di audit<\/span><\/li><li style=\"font-weight: 400;\"><span style=\"font-weight: 400;\">Documenti di fusione e di acquisizioni<\/span><\/li><\/ul>\n\n\n\n<h3 class=\"wp-block-heading\">&nbsp;Traduzione&nbsp;finanziaria&nbsp;in&nbsp;tutte le&nbsp;lingue<\/h3>\n\n\n\n<ul class=\"wp-block-list\"><li><a href=\"https:\/\/culturesconnection.com\/it\/traduzione-finanziaria-francese\/\">Traduzione&nbsp;finanziaria&nbsp;in&nbsp;francese<\/a><\/li><li><a href=\"https:\/\/culturesconnection.com\/it\/traduzione-finanziaria-in-spagnolo\/\">Traduzione&nbsp;finanziaria&nbsp;in&nbsp;spagnolo<\/a><\/li><li><a href=\"https:\/\/culturesconnection.com\/it\/traduzione-finanziaria-tedesco\/\">Traduzione&nbsp;finanziaria&nbsp;in&nbsp;tedesco<\/a><\/li><li><a href=\"https:\/\/culturesconnection.com\/it\/traduzione-finanziaria-in-arabo\/\">Traduzione&nbsp;finanziaria&nbsp;in&nbsp;arabo<\/a><\/li><li><a href=\"https:\/\/culturesconnection.com\/it\/traduzione-finanziaria-portoghese\/\">Traduzione&nbsp;finanziaria&nbsp;in&nbsp;portoghese<\/a><\/li><li><a href=\"https:\/\/culturesconnection.com\/it\/traduzione-finanziaria-inglese\/\">Traduzione&nbsp;finanziaria&nbsp;in inglese<\/a><\/li><li><a href=\"https:\/\/culturesconnection.com\/it\/traduzione-finanziaria-olandese\/\">Traduzione&nbsp;finanziaria in&nbsp;olandese<\/a><\/li><li><a href=\"https:\/\/culturesconnection.com\/it\/traduzione-finanziaria-turco\/\">Traduzione&nbsp;finanziaria&nbsp;in&nbsp;turco<\/a><\/li><li><a href=\"https:\/\/culturesconnection.com\/it\/traduzione-finanziaria-giapponese\/\">Traduzione&nbsp;finanziaria&nbsp;in&nbsp;giapponese<\/a><\/li><li><a href=\"https:\/\/culturesconnection.com\/it\/traduzione-finanziaria-russo\/\">Traduzione&nbsp;finanziaria&nbsp;in&nbsp;russo<\/a><\/li><\/ul>\n","protected":false},"excerpt":{"rendered":"<p>LA TRADUZIONE FINANZIARIA DALL\u2019ITALIANO AL DANESE: INNANZITUTTO LA PRECISIONE Nella traduzione, la precisione e il rigore sono qualit\u00e0 fondamentali. \u00c8 necessaria una solida conoscenza della [&#8230;]<\/p>\n<p><a class=\"btn btn-secondary understrap-read-more-link\" href=\"https:\/\/culturesconnection.com\/it\/servizi-di-traduzione-in-danese\/traduzione-finanziaria-in-danese\/\">Leggi di pi\u00f9&#8230;<span class=\"screen-reader-text\"> from Traduzione finanziaria in danese<\/span><\/a><\/p>\n","protected":false},"author":42,"featured_media":24333,"parent":10052,"menu_order":0,"comment_status":"closed","ping_status":"closed","template":"","meta":{"_acf_changed":false,"_editorskit_title_hidden":false,"_editorskit_reading_time":0,"_editorskit_is_block_options_detached":false,"_editorskit_block_options_position":"{}","footnotes":""},"class_list":["post-10660","page","type-page","status-publish","has-post-thumbnail","hentry"],"acf":[],"_links":{"self":[{"href":"https:\/\/culturesconnection.com\/it\/wp-json\/wp\/v2\/pages\/10660","targetHints":{"allow":["GET"]}}],"collection":[{"href":"https:\/\/culturesconnection.com\/it\/wp-json\/wp\/v2\/pages"}],"about":[{"href":"https:\/\/culturesconnection.com\/it\/wp-json\/wp\/v2\/types\/page"}],"author":[{"embeddable":true,"href":"https:\/\/culturesconnection.com\/it\/wp-json\/wp\/v2\/users\/42"}],"replies":[{"embeddable":true,"href":"https:\/\/culturesconnection.com\/it\/wp-json\/wp\/v2\/comments?post=10660"}],"version-history":[{"count":0,"href":"https:\/\/culturesconnection.com\/it\/wp-json\/wp\/v2\/pages\/10660\/revisions"}],"up":[{"embeddable":true,"href":"https:\/\/culturesconnection.com\/it\/wp-json\/wp\/v2\/pages\/10052"}],"wp:featuredmedia":[{"embeddable":true,"href":"https:\/\/culturesconnection.com\/it\/wp-json\/wp\/v2\/media\/24333"}],"wp:attachment":[{"href":"https:\/\/culturesconnection.com\/it\/wp-json\/wp\/v2\/media?parent=10660"}],"curies":[{"name":"wp","href":"https:\/\/api.w.org\/{rel}","templated":true}]}}