{"id":10659,"date":"2018-09-19T15:44:08","date_gmt":"2018-09-19T13:44:08","guid":{"rendered":"http:\/\/culturesconnection.com\/?page_id=10659"},"modified":"2022-06-25T04:37:06","modified_gmt":"2022-06-25T02:37:06","slug":"traduzione-di-videogiochi-in-svedese","status":"publish","type":"page","link":"https:\/\/culturesconnection.com\/it\/servizi-di-traduzione-in-svedese\/traduzione-di-videogiochi-in-svedese\/","title":{"rendered":"I nostri servizi di traduzione di videogiochi in svedese"},"content":{"rendered":"\n<h2 class=\"wp-block-heading\">LA TRADUZIONE DEI VIDEOGIOCHI IN SVEDESE<\/h2>\n\n\n\n<p><span style=\"font-weight: 400;\">Oggigiorno, il settore dei videogiochi \u00e8 in grande crescita ma affinch\u00e9 le nuove creazioni arrivino a un pubblico pi\u00f9 vasto, gli sviluppatori si rivolgono ad agenzie di traduzione specializzate in questo settore le quali si occupano della localizzazione del materiale grazie a degli esperti. La <a href=\"https:\/\/culturesconnection.com\/it\/traduzione-localizzazione-videogiochi\/\">traduzione di un videogioco<\/a> \u00e8 un compito particolarmente complesso, pi\u00f9 vicino alla localizzazione e quindi all\u2019adattamento del contenuto tenendo conto delle differenze culturali rispetto alla comunit\u00e0 di giocatori di riferimento. Il traduttore deve cogliere queste differenze e gestirle. <\/span><\/p>\n\n\n\n<h2 class=\"wp-block-heading\">LA NOSTRA AGENZIA DI TRADUZIONE E DI LOCALIZZAZIONE DI VIDEOGIOCHI<\/h2>\n\n\n\n<p><span style=\"font-weight: 400;\">La traduzione dei videogiochi \u00e8 un settore in piena crescita, grazie al crescente numero di videogiochi nel mondo. La nostra <a href=\"https:\/\/culturesconnection.com\/it\/\">agenzia di traduzione<\/a> mette a tua disposizione una vasta rete di traduttori professionisti specializzati in diversi settori. Per quanto riguarda quello dei videogiochi, sono tanti gli appassionati a questo universo e che hanno una grande esperienza nel settore. Conoscono perfettamente l\u2019italiano e lo svedese e le tecniche necessarie per il loro lavoro. Affidati ai nostri <a href=\"https:\/\/culturesconnection.com\/it\/servizi-di-traduzione\/\">servizi di traduzione<\/a> di qualit\u00e0 per i tuoi progetti di traduzione di videogiochi in svedese. <\/span><\/p>\n\n\n\n<h2 class=\"wp-block-heading\">I NOSTRI SERVIZI DI TRADUZIONE DI VIDEOGIOCHI IN SVEDESE<\/h2>\n\n\n\n<p><span style=\"font-weight: 400;\">Da tempo la nostra agenzia propone servizi di traduzione e di localizzazione per i tuoi videogiochi. Ecco qualche esempio di traduzioni in svedese realizzate dalla Cultures Connection:<\/span><\/p>\n\n\n\n<ul class=\"wp-block-list\"><li style=\"font-weight: 400;\"><span style=\"font-weight: 400;\">Traduzione di videogiochi<\/span><\/li><li style=\"font-weight: 400;\"><span style=\"font-weight: 400;\">Localizzazione di videogiochi<\/span><\/li><li style=\"font-weight: 400;\"><span style=\"font-weight: 400;\">Gestione dei progetti<\/span><\/li><li style=\"font-weight: 400;\"><span style=\"font-weight: 400;\">Sottotitolazione<\/span><\/li><li style=\"font-weight: 400;\"><span style=\"font-weight: 400;\">Registrazione e doppiaggio<\/span><\/li><li style=\"font-weight: 400;\"><span style=\"font-weight: 400;\">Controllo qualit\u00e0<\/span><\/li><\/ul>\n\n\n\n<h3 class=\"wp-block-heading\">&nbsp;Traduzione di videogiochi in tutte le lingue<\/h3>\n\n\n\n<ul class=\"wp-block-list\"><li><a href=\"https:\/\/culturesconnection.com\/it\/traduzione-videogiochi-spagnolo\/\">Traduzione di videogiochi in spagnolo<\/a><\/li><li><a href=\"https:\/\/culturesconnection.com\/it\/traduzione-videogiochi-tedesco\/\">Traduzione di videogiochi in tedesco<\/a><\/li><li><a href=\"https:\/\/culturesconnection.com\/it\/traduzione-videogiochi-cinese\/\">Traduzione di videogiochi in cinese<\/a><\/li><li><a href=\"https:\/\/culturesconnection.com\/it\/servizi-di-traduzione-per-videogiochi-in-arabo\/\">Traduzione di videogiochi in arabo<\/a><\/li><li><a href=\"https:\/\/culturesconnection.com\/it\/traduzione-videogiochi-portoghese\/\">Traduzione di videogiochi in portoghese<\/a><\/li><li><a href=\"https:\/\/culturesconnection.com\/it\/traduzione-videogiochi-inglese\/\">Traduzione di videogiochi in inglese<\/a><\/li><li><a href=\"https:\/\/culturesconnection.com\/it\/traduzione-videogiochi-olandese\/\">Traduzione di videogiochi in olandese<\/a><\/li><li><a href=\"https:\/\/culturesconnection.com\/it\/traduzione-videogiochi-turco\/\">Traduzione di videogiochi in turco<\/a><\/li><li><a href=\"https:\/\/culturesconnection.com\/it\/traduzione-videogiochi-giapponese\/\">Traduzione di videogiochi in giapponese<\/a><\/li><li><a href=\"https:\/\/culturesconnection.com\/it\/traduzione-videogiochi-russo\/\">Traduzione di videogiochi in russo<\/a><\/li><\/ul>\n","protected":false},"excerpt":{"rendered":"<p>LA TRADUZIONE DEI VIDEOGIOCHI IN SVEDESE Oggigiorno, il settore dei videogiochi \u00e8 in grande crescita ma affinch\u00e9 le nuove creazioni arrivino a un pubblico pi\u00f9 [&#8230;]<\/p>\n<p><a class=\"btn btn-secondary understrap-read-more-link\" href=\"https:\/\/culturesconnection.com\/it\/servizi-di-traduzione-in-svedese\/traduzione-di-videogiochi-in-svedese\/\">Leggi di pi\u00f9&#8230;<span class=\"screen-reader-text\"> from I nostri servizi di traduzione di videogiochi in svedese<\/span><\/a><\/p>\n","protected":false},"author":42,"featured_media":24333,"parent":10043,"menu_order":0,"comment_status":"closed","ping_status":"closed","template":"","meta":{"_acf_changed":false,"_editorskit_title_hidden":false,"_editorskit_reading_time":0,"_editorskit_is_block_options_detached":false,"_editorskit_block_options_position":"{}","footnotes":""},"class_list":["post-10659","page","type-page","status-publish","has-post-thumbnail","hentry"],"acf":[],"_links":{"self":[{"href":"https:\/\/culturesconnection.com\/it\/wp-json\/wp\/v2\/pages\/10659","targetHints":{"allow":["GET"]}}],"collection":[{"href":"https:\/\/culturesconnection.com\/it\/wp-json\/wp\/v2\/pages"}],"about":[{"href":"https:\/\/culturesconnection.com\/it\/wp-json\/wp\/v2\/types\/page"}],"author":[{"embeddable":true,"href":"https:\/\/culturesconnection.com\/it\/wp-json\/wp\/v2\/users\/42"}],"replies":[{"embeddable":true,"href":"https:\/\/culturesconnection.com\/it\/wp-json\/wp\/v2\/comments?post=10659"}],"version-history":[{"count":0,"href":"https:\/\/culturesconnection.com\/it\/wp-json\/wp\/v2\/pages\/10659\/revisions"}],"up":[{"embeddable":true,"href":"https:\/\/culturesconnection.com\/it\/wp-json\/wp\/v2\/pages\/10043"}],"wp:featuredmedia":[{"embeddable":true,"href":"https:\/\/culturesconnection.com\/it\/wp-json\/wp\/v2\/media\/24333"}],"wp:attachment":[{"href":"https:\/\/culturesconnection.com\/it\/wp-json\/wp\/v2\/media?parent=10659"}],"curies":[{"name":"wp","href":"https:\/\/api.w.org\/{rel}","templated":true}]}}